{"id":128392,"date":"2025-07-30T21:29:53","date_gmt":"2025-07-30T19:29:53","guid":{"rendered":"https:\/\/www.budream.com\/shop\/enecta-face-neck-cleanser-with-cannabidiol-200mg-cbd-200ml\/"},"modified":"2026-01-20T14:26:44","modified_gmt":"2026-01-20T12:26:44","slug":"enecta-face-neck-cleanser-with-cannabidiol-200mg-cbd-200ml","status":"publish","type":"product","link":"https:\/\/www.budream.com\/fr\/shop\/enecta-face-neck-cleanser-with-cannabidiol-200mg-cbd-200ml\/","title":{"rendered":"ENECTA &#8211; FACE NECK CLEANSER WITH CANNABIDIOL | 200mg CBD | 200ml"},"content":{"rendered":"<h2 class=\"p1\">Eliminez les impuret\u00e9s en respectant le PH <strong>avec le nettoyant visage, cou au cannabidiol d&rsquo;Enecta<\/strong><\/h2>\n<p class=\"p1\">Une formulation con\u00e7ue pour convenir \u00e0 tous les types de peau, m\u00eame les plus sensibles ou acn\u00e9iques, avec un pouvoir antioxydant et anti-inflammatoire, gr\u00e2ce \u00e0 la pr\u00e9sence de 200 mg de CBD et d&rsquo;huile de graines de chanvre, dont les compositions, similaires \u00e0 celles naturellement pr\u00e9sentes dans la peau, sont en mesure de stimuler le renouvellement cellulaire, en r\u00e9\u00e9quilibrant la peau.<\/p>\n<p><strong>\u00c9GALEMENT DANS LA FORMULATION :<br \/><\/strong><\/p>\n<ul style=\"list-style-type: disc\">\n<li><strong>alo\u00e8s :<\/strong> apaisant, min\u00e9ralisant, hydratant<\/li>\n<li><strong><span class=\"s1\">hamam\u00e9lis : <\/span><\/strong>astringent, vasoprotecteur, purifiant<\/li>\n<li><strong>sauge :<\/strong> bact\u00e9riostatique, s\u00e9bor\u00e9gulatrice, \u00e9quilibrante de l&rsquo;\u00e9piderme<\/li>\n<li><strong>vitamine E naturelle :<\/strong> m\u00e9lange de tocoph\u00e9rols antioxydants d\u00e9riv\u00e9s de l&rsquo;huile de tournesol, riche en squal\u00e8ne naturel<\/li>\n<li><strong>nettoyants doux d&rsquo;origine naturelle :<\/strong> respectent la peau sans alt\u00e9rer son pH physiologique<\/li>\n<\/ul>\n<p class=\"p1\"><span class=\"s1\"><br \/><span style=\"font-size: 8pt\"><strong>INGR\u00c9DIENTS : <\/strong><\/span><\/span><span style=\"font-size: 8pt\"><em>Aqua [Eau], Acrylates copolymer, Sorbitol, Betaine, Glycerin, Sodium cocoyl glycinate, Triethanolamine, Prunus amygdalus dulcis (Sweet almond) oil, Sodium PCA, Cannabis sativa seed oil, Aloe barbadensis leaf juice, Salvia officinalis (Sage) leaf extract, Hamamelis virginia na (Witch hazel) leaf extract, Cannabidiol, Coco-b\u00e9ta\u00efne, 1,2-Hexanediol, Caprylyl glycol, Tocopherol, Parfum [Fragrance], Tetrasodium glutamate diacetate, Acide citrique, Benzyl salicylate, Linalool, Helianthus annuus (Sunflower) seed oil, He xyl cinnamal, Tropolone, Sodium benzoate, Alpha-isome <span class=\"s1\">-thyl<\/span>ionone, Potassium sorbate, Squalene*, Beta-sitosterol. *dans l&rsquo;huile de graines de tournesol.<\/em><\/span><\/p>\n<p class=\"p1\"><strong> <\/strong><\/p><\/p>\n","protected":false},"excerpt":{"rendered":"<p>Eliminez les impuret\u00e9s en respectant le PH avec le nettoyant visage, cou au cannabidiol d&rsquo;Enecta Une formulation con\u00e7ue pour convenir<\/p>\n","protected":false},"featured_media":128387,"comment_status":"open","ping_status":"closed","template":"","meta":[],"product_brand":[],"product_cat":[7913],"product_tag":[],"class_list":{"0":"post-128392","1":"product","2":"type-product","3":"status-publish","4":"has-post-thumbnail","6":"product_cat-cosmetiques","8":"first","9":"instock","10":"taxable","11":"shipping-taxable","12":"purchasable","13":"product-type-simple"},"_links":{"self":[{"href":"https:\/\/www.budream.com\/fr\/wp-json\/wp\/v2\/product\/128392","targetHints":{"allow":["GET"]}}],"collection":[{"href":"https:\/\/www.budream.com\/fr\/wp-json\/wp\/v2\/product"}],"about":[{"href":"https:\/\/www.budream.com\/fr\/wp-json\/wp\/v2\/types\/product"}],"replies":[{"embeddable":true,"href":"https:\/\/www.budream.com\/fr\/wp-json\/wp\/v2\/comments?post=128392"}],"version-history":[{"count":0,"href":"https:\/\/www.budream.com\/fr\/wp-json\/wp\/v2\/product\/128392\/revisions"}],"wp:featuredmedia":[{"embeddable":true,"href":"https:\/\/www.budream.com\/fr\/wp-json\/wp\/v2\/media\/128387"}],"wp:attachment":[{"href":"https:\/\/www.budream.com\/fr\/wp-json\/wp\/v2\/media?parent=128392"}],"wp:term":[{"taxonomy":"product_brand","embeddable":true,"href":"https:\/\/www.budream.com\/fr\/wp-json\/wp\/v2\/product_brand?post=128392"},{"taxonomy":"product_cat","embeddable":true,"href":"https:\/\/www.budream.com\/fr\/wp-json\/wp\/v2\/product_cat?post=128392"},{"taxonomy":"product_tag","embeddable":true,"href":"https:\/\/www.budream.com\/fr\/wp-json\/wp\/v2\/product_tag?post=128392"}],"curies":[{"name":"wp","href":"https:\/\/api.w.org\/{rel}","templated":true}]}}