{"id":128542,"date":"2025-07-30T21:38:19","date_gmt":"2025-07-30T19:38:19","guid":{"rendered":"https:\/\/www.budream.com\/shop\/davinci-iq2-chambre-de-saveur\/"},"modified":"2025-12-23T21:14:22","modified_gmt":"2025-12-23T19:14:22","slug":"davinci-iq2-chambre-de-saveur","status":"publish","type":"product","link":"https:\/\/www.budream.com\/fr\/shop\/davinci-iq2-chambre-de-saveur\/","title":{"rendered":"DAVINCI &#8211; IQ2 CHAMBRE DE SAVEUR"},"content":{"rendered":"<p>Chambre de saveur en c\u00e9ramique pour cr\u00e9er des combinaisons de saveurs exotiques tout en vaporisant de l&rsquo;herbe avec votre Davinci IQ2.<br \/>Cet appareil vous permet de varier et d&rsquo;ajuster la saveur de votre vapeur. De nombreux utilisateurs de l&rsquo;IQ2 qui appr\u00e9cient cette fonction ont plusieurs chambres, de sorte que vous pouvez les pr\u00e9charger et d\u00e9dier chaque chambre \u00e0 une saveur unique et pure.<\/p>\n<h2><span style=\"text-decoration: underline\">DAVINCI &#8211; IQ2 AROMA CHAMBER :<\/span><\/h2>\n<ul style=\"list-style-type: disc\">\n<li>Chambre d&rsquo;ar\u00f4me pour IQ2 ;<\/li>\n<li>100% zircone ;<\/li>\n<li>peut contenir des herbes ;<\/li>\n<li>ne fonctionne pas sur le premier mod\u00e8le Davinci IQ ;<\/li>\n<\/ul>\n<p><\/p>\n","protected":false},"excerpt":{"rendered":"<p>Chambre de saveur en c\u00e9ramique pour cr\u00e9er des combinaisons de saveurs exotiques tout en vaporisant de l&rsquo;herbe avec votre Davinci<\/p>\n","protected":false},"featured_media":128537,"comment_status":"open","ping_status":"closed","template":"","meta":[],"product_brand":[],"product_cat":[7910],"product_tag":[],"class_list":{"0":"post-128542","1":"product","2":"type-product","3":"status-publish","4":"has-post-thumbnail","6":"product_cat-vaporisateurs","8":"first","9":"instock","10":"sale","11":"taxable","12":"shipping-taxable","13":"purchasable","14":"product-type-simple"},"aioseo_notices":[],"_links":{"self":[{"href":"https:\/\/www.budream.com\/fr\/wp-json\/wp\/v2\/product\/128542","targetHints":{"allow":["GET"]}}],"collection":[{"href":"https:\/\/www.budream.com\/fr\/wp-json\/wp\/v2\/product"}],"about":[{"href":"https:\/\/www.budream.com\/fr\/wp-json\/wp\/v2\/types\/product"}],"replies":[{"embeddable":true,"href":"https:\/\/www.budream.com\/fr\/wp-json\/wp\/v2\/comments?post=128542"}],"version-history":[{"count":0,"href":"https:\/\/www.budream.com\/fr\/wp-json\/wp\/v2\/product\/128542\/revisions"}],"wp:featuredmedia":[{"embeddable":true,"href":"https:\/\/www.budream.com\/fr\/wp-json\/wp\/v2\/media\/128537"}],"wp:attachment":[{"href":"https:\/\/www.budream.com\/fr\/wp-json\/wp\/v2\/media?parent=128542"}],"wp:term":[{"taxonomy":"product_brand","embeddable":true,"href":"https:\/\/www.budream.com\/fr\/wp-json\/wp\/v2\/product_brand?post=128542"},{"taxonomy":"product_cat","embeddable":true,"href":"https:\/\/www.budream.com\/fr\/wp-json\/wp\/v2\/product_cat?post=128542"},{"taxonomy":"product_tag","embeddable":true,"href":"https:\/\/www.budream.com\/fr\/wp-json\/wp\/v2\/product_tag?post=128542"}],"curies":[{"name":"wp","href":"https:\/\/api.w.org\/{rel}","templated":true}]}}