{"id":128552,"date":"2025-07-30T21:38:46","date_gmt":"2025-07-30T19:38:46","guid":{"rendered":"https:\/\/www.budream.com\/shop\/bioki-savon-de-potassium-b-bicarbonate-350gr\/"},"modified":"2026-03-09T12:57:12","modified_gmt":"2026-03-09T10:57:12","slug":"bioki-savon-de-potassium-b-bicarbonate-350gr","status":"publish","type":"product","link":"https:\/\/www.budream.com\/fr\/shop\/bioki-savon-de-potassium-b-bicarbonate-350gr\/","title":{"rendered":"BIOKI &#8211; SAVON DE POTASSIUM B (BICARBONATE) | 350gr"},"content":{"rendered":"<p>Il est indiqu\u00e9 pour son action lavante\/hygi\u00e9nisante d\u00e9cisive pour pr\u00e9venir et \u00e9liminer la loque et la pourriture, am\u00e9liorer l&rsquo;activit\u00e9 chlorophyllienne, cr\u00e9er un environnement d\u00e9favorable au d\u00e9veloppement des maladies fongiques, renforcer les parois cellulaires et les tissus v\u00e9g\u00e9taux, \u00e9liminer les r\u00e9sidus organiques laiss\u00e9s par les insectes et renforcer les d\u00e9fenses naturelles endog\u00e8nes.<\/p>\n<p>Il peut \u00eatre utilis\u00e9 en arboriculture fruiti\u00e8re (p\u00eache, abricot, prune, cerise, vigne, citron et agrumes en g\u00e9n\u00e9ral), en horticulture (laitue, \u00e9pinard, c\u00e9leri, fenouil, basilic, tomate, poivron, aubergine, fraise, etc.) et en jardinage (haies, plantes florales et ornementales).<br \/>) et le jardinage (haies, plantes florales et ornementales).<\/p>\n<p><strong>DOSES D&rsquo;UTILISATION<\/strong> (quantit\u00e9 pour 10 litres d&rsquo;eau) :<br \/>Traitements d&rsquo;hiver : 120-150 g ;<br \/>Traitements printemps-\u00e9t\u00e9 : 80-120 g ;<br \/>Phase pr\u00e9ventive : 1 traitement tous les 15 jours.<br \/>Phase curative : 1 traitement tous les 3-4 jours jusqu&rsquo;\u00e0 disparition des sympt\u00f4mes.<\/p>\n<p>CONDITIONNEMENT Bo\u00eete de 350 g.<\/p>\n","protected":false},"excerpt":{"rendered":"<p>Il est indiqu\u00e9 pour son action lavante\/hygi\u00e9nisante d\u00e9cisive pour pr\u00e9venir et \u00e9liminer la loque et la pourriture, am\u00e9liorer l&rsquo;activit\u00e9 chlorophyllienne,<\/p>\n","protected":false},"featured_media":128547,"comment_status":"open","ping_status":"closed","template":"","meta":[],"product_brand":[],"product_cat":[7928],"product_tag":[],"class_list":{"0":"post-128552","1":"product","2":"type-product","3":"status-publish","4":"has-post-thumbnail","6":"product_cat-antiparasitaires-et-defense","8":"first","9":"instock","10":"taxable","11":"shipping-taxable","12":"purchasable","13":"product-type-simple"},"aioseo_notices":[],"_links":{"self":[{"href":"https:\/\/www.budream.com\/fr\/wp-json\/wp\/v2\/product\/128552","targetHints":{"allow":["GET"]}}],"collection":[{"href":"https:\/\/www.budream.com\/fr\/wp-json\/wp\/v2\/product"}],"about":[{"href":"https:\/\/www.budream.com\/fr\/wp-json\/wp\/v2\/types\/product"}],"replies":[{"embeddable":true,"href":"https:\/\/www.budream.com\/fr\/wp-json\/wp\/v2\/comments?post=128552"}],"version-history":[{"count":0,"href":"https:\/\/www.budream.com\/fr\/wp-json\/wp\/v2\/product\/128552\/revisions"}],"wp:featuredmedia":[{"embeddable":true,"href":"https:\/\/www.budream.com\/fr\/wp-json\/wp\/v2\/media\/128547"}],"wp:attachment":[{"href":"https:\/\/www.budream.com\/fr\/wp-json\/wp\/v2\/media?parent=128552"}],"wp:term":[{"taxonomy":"product_brand","embeddable":true,"href":"https:\/\/www.budream.com\/fr\/wp-json\/wp\/v2\/product_brand?post=128552"},{"taxonomy":"product_cat","embeddable":true,"href":"https:\/\/www.budream.com\/fr\/wp-json\/wp\/v2\/product_cat?post=128552"},{"taxonomy":"product_tag","embeddable":true,"href":"https:\/\/www.budream.com\/fr\/wp-json\/wp\/v2\/product_tag?post=128552"}],"curies":[{"name":"wp","href":"https:\/\/api.w.org\/{rel}","templated":true}]}}