{"id":128557,"date":"2025-07-30T21:39:12","date_gmt":"2025-07-30T19:39:12","guid":{"rendered":"https:\/\/www.budream.com\/shop\/hemp-nanotech-biobong-natural-bong-cleaner-250ml\/"},"modified":"2026-03-04T16:32:06","modified_gmt":"2026-03-04T14:32:06","slug":"hemp-nanotech-biobong-natural-bong-cleaner-250ml","status":"publish","type":"product","link":"https:\/\/www.budream.com\/fr\/shop\/hemp-nanotech-biobong-natural-bong-cleaner-250ml\/","title":{"rendered":"HEMP NANOTECH &#8211; BIOBONG NATURAL BONG CLEANER | 250ML"},"content":{"rendered":"<p>Technologie fluide innovante bas\u00e9e sur un concentr\u00e9 d&rsquo;extraits de plantes dans une base aqueuse au pH neutre, adapt\u00e9e au d\u00e9shuilage, au d\u00e9graissage et au nettoyage de la contamination caus\u00e9e par la fum\u00e9e, la graisse, les huiles, etc. Produit organique aux effets nettoyants remarquables, il r\u00e9duit fortement les odeurs et la contamination, a une capacit\u00e9 REDOX sur de nombreuses substances organiques et r\u00e9duit fortement la charge bact\u00e9rienne.<\/p>\n<p>Il est facile \u00e0 utiliser et peut \u00eatre r\u00e9utilis\u00e9 plusieurs fois sans perdre sa capacit\u00e9 de nettoyage ; il \u00ab\u00a0mange\u00a0\u00bb \u00e9galement les odeurs et est facile \u00e0 rincer \u00e0 l&rsquo;eau froide.<\/p>\n<h2><span style=\"text-decoration: underline\">Bio bong natural mode d&#8217;emploi :<\/span><\/h2>\n<ul style=\"list-style-type: disc\">\n<li>1. Verser BioBong Natural dans un r\u00e9cipient avec 1\/3 d&rsquo;eau ;<\/li>\n<li>2. A chaque session de fumage, tremper les parties sales du bang dans la solution d&rsquo;eau et de BioBong Natural ;<\/li>\n<li>3. 3. lors de la s\u00e9ance de fumage suivante, rincer les parties du bang en prenant soin de r\u00e9cup\u00e9rer le BioBong Natural pour la prochaine s\u00e9ance de lavage.<\/li>\n<li>4. L&rsquo;\u00e9vaporation du liquide est garantie et celui-ci est toujours inodore.<\/li>\n<\/ul>\n","protected":false},"excerpt":{"rendered":"<p>Technologie fluide innovante bas\u00e9e sur un concentr\u00e9 d&rsquo;extraits de plantes dans une base aqueuse au pH neutre, adapt\u00e9e au d\u00e9shuilage,<\/p>\n","protected":false},"featured_media":128242,"comment_status":"open","ping_status":"closed","template":"","meta":[],"product_brand":[],"product_cat":[7949],"product_tag":[],"class_list":{"0":"post-128557","1":"product","2":"type-product","3":"status-publish","4":"has-post-thumbnail","6":"product_cat-headshop-fr","8":"first","9":"instock","10":"taxable","11":"shipping-taxable","12":"purchasable","13":"product-type-simple"},"aioseo_notices":[],"_links":{"self":[{"href":"https:\/\/www.budream.com\/fr\/wp-json\/wp\/v2\/product\/128557","targetHints":{"allow":["GET"]}}],"collection":[{"href":"https:\/\/www.budream.com\/fr\/wp-json\/wp\/v2\/product"}],"about":[{"href":"https:\/\/www.budream.com\/fr\/wp-json\/wp\/v2\/types\/product"}],"replies":[{"embeddable":true,"href":"https:\/\/www.budream.com\/fr\/wp-json\/wp\/v2\/comments?post=128557"}],"version-history":[{"count":0,"href":"https:\/\/www.budream.com\/fr\/wp-json\/wp\/v2\/product\/128557\/revisions"}],"wp:featuredmedia":[{"embeddable":true,"href":"https:\/\/www.budream.com\/fr\/wp-json\/wp\/v2\/media\/128242"}],"wp:attachment":[{"href":"https:\/\/www.budream.com\/fr\/wp-json\/wp\/v2\/media?parent=128557"}],"wp:term":[{"taxonomy":"product_brand","embeddable":true,"href":"https:\/\/www.budream.com\/fr\/wp-json\/wp\/v2\/product_brand?post=128557"},{"taxonomy":"product_cat","embeddable":true,"href":"https:\/\/www.budream.com\/fr\/wp-json\/wp\/v2\/product_cat?post=128557"},{"taxonomy":"product_tag","embeddable":true,"href":"https:\/\/www.budream.com\/fr\/wp-json\/wp\/v2\/product_tag?post=128557"}],"curies":[{"name":"wp","href":"https:\/\/api.w.org\/{rel}","templated":true}]}}