{"id":128592,"date":"2025-07-30T21:40:59","date_gmt":"2025-07-30T19:40:59","guid":{"rendered":"https:\/\/www.budream.com\/shop\/flortis-spray-dhuile-de-neem-500ml\/"},"modified":"2026-03-24T13:38:36","modified_gmt":"2026-03-24T11:38:36","slug":"flortis-spray-dhuile-de-neem-500ml","status":"publish","type":"product","link":"https:\/\/www.budream.com\/fr\/shop\/flortis-spray-dhuile-de-neem-500ml\/","title":{"rendered":"FLORTIS &#8211; SPRAY D&rsquo;HUILE DE NEEM | 500ml"},"content":{"rendered":"<h2><strong>L&rsquo;huile de margousier pour des plantes plus saines et plus florissantes<\/strong><\/h2>\n<p>Huile de neem Flortis pour plantes, 100% naturelle et biod\u00e9gradable, press\u00e9e \u00e0 froid, soluble dans l&rsquo;eau.<\/p>\n<p>L&rsquo;huile de neem a une action m\u00e9canique plut\u00f4t que chimique, rendant les tissus des plantes plus difficiles \u00e0 attaquer par les parasites ; elle bloque \u00e9galement leur nutrition et leur reproduction. Appliqu\u00e9e aux plantes, elle am\u00e9liore leur sant\u00e9 g\u00e9n\u00e9rale, en augmentant leur r\u00e9sistance naturelle aux parasites et aux maladies.<\/p>\n<p>Il est \u00e9cologique et sans danger pour l&rsquo;environnement. Il est non toxique pour les mammif\u00e8res, les oiseaux et les animaux aquatiques.<\/p>\n<p><strong>COMPOSITION<\/strong> 1,5% 90% d&rsquo;huile de Neem pure.<br \/><strong>FORMULATION<\/strong> Liquide pr\u00eat \u00e0 l&#8217;emploi.<br \/><strong>CONDITIONNEMENT<\/strong> Flacon de 500 ml avec g\u00e2chette.<\/p>\n<p><strong>UTILISATION :<\/strong> Pulv\u00e9riser sur l&rsquo;ensemble de la plante. Peut \u00eatre appliqu\u00e9 \u00e0 n&rsquo;importe quel stade de d\u00e9veloppement de la plante. Il est recommand\u00e9 d&rsquo;attendre au moins 48 heures apr\u00e8s le traitement avant de consommer les plantes trait\u00e9es.<\/p>\n","protected":false},"excerpt":{"rendered":"<p>L&rsquo;huile de margousier pour des plantes plus saines et plus florissantes Huile de neem Flortis pour plantes, 100% naturelle et<\/p>\n","protected":false},"featured_media":128587,"comment_status":"open","ping_status":"closed","template":"","meta":[],"product_brand":[],"product_cat":[7928],"product_tag":[],"class_list":{"0":"post-128592","1":"product","2":"type-product","3":"status-publish","4":"has-post-thumbnail","6":"product_cat-antiparasitaires-et-defense","8":"first","9":"instock","10":"taxable","11":"shipping-taxable","12":"purchasable","13":"product-type-simple"},"_links":{"self":[{"href":"https:\/\/www.budream.com\/fr\/wp-json\/wp\/v2\/product\/128592","targetHints":{"allow":["GET"]}}],"collection":[{"href":"https:\/\/www.budream.com\/fr\/wp-json\/wp\/v2\/product"}],"about":[{"href":"https:\/\/www.budream.com\/fr\/wp-json\/wp\/v2\/types\/product"}],"replies":[{"embeddable":true,"href":"https:\/\/www.budream.com\/fr\/wp-json\/wp\/v2\/comments?post=128592"}],"version-history":[{"count":0,"href":"https:\/\/www.budream.com\/fr\/wp-json\/wp\/v2\/product\/128592\/revisions"}],"wp:featuredmedia":[{"embeddable":true,"href":"https:\/\/www.budream.com\/fr\/wp-json\/wp\/v2\/media\/128587"}],"wp:attachment":[{"href":"https:\/\/www.budream.com\/fr\/wp-json\/wp\/v2\/media?parent=128592"}],"wp:term":[{"taxonomy":"product_brand","embeddable":true,"href":"https:\/\/www.budream.com\/fr\/wp-json\/wp\/v2\/product_brand?post=128592"},{"taxonomy":"product_cat","embeddable":true,"href":"https:\/\/www.budream.com\/fr\/wp-json\/wp\/v2\/product_cat?post=128592"},{"taxonomy":"product_tag","embeddable":true,"href":"https:\/\/www.budream.com\/fr\/wp-json\/wp\/v2\/product_tag?post=128592"}],"curies":[{"name":"wp","href":"https:\/\/api.w.org\/{rel}","templated":true}]}}