{"id":128602,"date":"2025-07-30T21:41:38","date_gmt":"2025-07-30T19:41:38","guid":{"rendered":"https:\/\/www.budream.com\/shop\/ueber-ortica-extract-spray-bio-750ml\/"},"modified":"2025-10-14T18:13:39","modified_gmt":"2025-10-14T16:13:39","slug":"ueber-ortica-extract-spray-bio-750ml","status":"publish","type":"product","link":"https:\/\/www.budream.com\/fr\/shop\/ueber-ortica-extract-spray-bio-750ml\/","title":{"rendered":"UEBER &#8211; ORTICA EXTRACT SPRAY BIO | 750ml"},"content":{"rendered":"<h2><strong>Spray \u00e0 l&rsquo;extrait d&rsquo;ortie comme insecticide, fongicide et acaricide.<\/strong><\/h2>\n<p>Appliqu\u00e9e sur les plantes, l&rsquo;ortie contribue \u00e0 les prot\u00e9ger contre les insectes suceurs, en particulier les pucerons, les thrips et les aleurodes. Elle exerce \u00e9galement une action phytostimulante sur les plantes affaiblies ou stress\u00e9es par des conditions climatiques d\u00e9favorables. Il est applicable sur les plantes ornementales et de jardin et peut \u00eatre utilis\u00e9 du d\u00e9but du printemps jusqu&rsquo;\u00e0 la maturit\u00e9.<\/p>\n<p><strong>Traitement pour :<\/strong> contr\u00f4le des pucerons, acariens et champignons, araign\u00e9e rose, carpocapsa.<\/p>\n<p><strong>COMPOSITION<\/strong><br \/>Produit d&rsquo;origine v\u00e9g\u00e9tale \u00e0 base d&rsquo;ortie 1%. Puret\u00e9 : Pharmacop\u00e9e europ\u00e9enne. Produit d&rsquo;origine v\u00e9g\u00e9tale pr\u00e9vu \u00e0 l&rsquo;annexe II du r\u00e8glement CE 889\/2008 relatif \u00e0 la production biologique.<\/p>\n","protected":false},"excerpt":{"rendered":"<p>Spray \u00e0 l&rsquo;extrait d&rsquo;ortie comme insecticide, fongicide et acaricide. Appliqu\u00e9e sur les plantes, l&rsquo;ortie contribue \u00e0 les prot\u00e9ger contre les<\/p>\n","protected":false},"featured_media":128597,"comment_status":"open","ping_status":"closed","template":"","meta":[],"product_brand":[],"product_cat":[7928],"product_tag":[],"class_list":{"0":"post-128602","1":"product","2":"type-product","3":"status-publish","4":"has-post-thumbnail","6":"product_cat-antiparasitaires-et-defense","8":"first","9":"outofstock","10":"taxable","11":"shipping-taxable","12":"purchasable","13":"product-type-simple"},"_links":{"self":[{"href":"https:\/\/www.budream.com\/fr\/wp-json\/wp\/v2\/product\/128602","targetHints":{"allow":["GET"]}}],"collection":[{"href":"https:\/\/www.budream.com\/fr\/wp-json\/wp\/v2\/product"}],"about":[{"href":"https:\/\/www.budream.com\/fr\/wp-json\/wp\/v2\/types\/product"}],"replies":[{"embeddable":true,"href":"https:\/\/www.budream.com\/fr\/wp-json\/wp\/v2\/comments?post=128602"}],"version-history":[{"count":0,"href":"https:\/\/www.budream.com\/fr\/wp-json\/wp\/v2\/product\/128602\/revisions"}],"wp:featuredmedia":[{"embeddable":true,"href":"https:\/\/www.budream.com\/fr\/wp-json\/wp\/v2\/media\/128597"}],"wp:attachment":[{"href":"https:\/\/www.budream.com\/fr\/wp-json\/wp\/v2\/media?parent=128602"}],"wp:term":[{"taxonomy":"product_brand","embeddable":true,"href":"https:\/\/www.budream.com\/fr\/wp-json\/wp\/v2\/product_brand?post=128602"},{"taxonomy":"product_cat","embeddable":true,"href":"https:\/\/www.budream.com\/fr\/wp-json\/wp\/v2\/product_cat?post=128602"},{"taxonomy":"product_tag","embeddable":true,"href":"https:\/\/www.budream.com\/fr\/wp-json\/wp\/v2\/product_tag?post=128602"}],"curies":[{"name":"wp","href":"https:\/\/api.w.org\/{rel}","templated":true}]}}