{"id":128612,"date":"2025-07-30T21:42:06","date_gmt":"2025-07-30T19:42:06","guid":{"rendered":"https:\/\/www.budream.com\/shop\/ueber-hemp-barrier-spray-bio-750ml\/"},"modified":"2025-10-14T18:13:56","modified_gmt":"2025-10-14T16:13:56","slug":"ueber-hemp-barrier-spray-bio-750ml","status":"publish","type":"product","link":"https:\/\/www.budream.com\/fr\/shop\/ueber-hemp-barrier-spray-bio-750ml\/","title":{"rendered":"UEBER &#8211; HEMP BARRIER SPRAY BIO | 750ml"},"content":{"rendered":"<h2><strong>Barri\u00e8re naturelle contre tous les types d&rsquo;insectes pour les traitements en plein air.<\/p>\n<p><\/strong><\/h2>\n<p><strong>Le spray anti-insectes d&rsquo;Ueber<\/strong> est un produit enti\u00e8rement naturel \u00e0 base d&rsquo;extraits de plantes qui favorisent la d\u00e9fense contre les insectes. Apr\u00e8s avoir dilu\u00e9 le produit, pulv\u00e9riser uniform\u00e9ment les zones infest\u00e9es par les insectes.<\/p>\n<p><em>Dose pour 50 litres<\/em><\/p>\n<p><strong>COMPOSITION<\/strong><br \/>Extraits de plantes<\/p>\n","protected":false},"excerpt":{"rendered":"<p>Barri\u00e8re naturelle contre tous les types d&rsquo;insectes pour les traitements en plein air. Le spray anti-insectes d&rsquo;Ueber est un produit<\/p>\n","protected":false},"featured_media":128607,"comment_status":"open","ping_status":"closed","template":"","meta":[],"product_brand":[],"product_cat":[7928],"product_tag":[],"class_list":{"0":"post-128612","1":"product","2":"type-product","3":"status-publish","4":"has-post-thumbnail","6":"product_cat-antiparasitaires-et-defense","8":"first","9":"instock","10":"taxable","11":"shipping-taxable","12":"purchasable","13":"product-type-simple"},"aioseo_notices":[],"_links":{"self":[{"href":"https:\/\/www.budream.com\/fr\/wp-json\/wp\/v2\/product\/128612","targetHints":{"allow":["GET"]}}],"collection":[{"href":"https:\/\/www.budream.com\/fr\/wp-json\/wp\/v2\/product"}],"about":[{"href":"https:\/\/www.budream.com\/fr\/wp-json\/wp\/v2\/types\/product"}],"replies":[{"embeddable":true,"href":"https:\/\/www.budream.com\/fr\/wp-json\/wp\/v2\/comments?post=128612"}],"version-history":[{"count":0,"href":"https:\/\/www.budream.com\/fr\/wp-json\/wp\/v2\/product\/128612\/revisions"}],"wp:featuredmedia":[{"embeddable":true,"href":"https:\/\/www.budream.com\/fr\/wp-json\/wp\/v2\/media\/128607"}],"wp:attachment":[{"href":"https:\/\/www.budream.com\/fr\/wp-json\/wp\/v2\/media?parent=128612"}],"wp:term":[{"taxonomy":"product_brand","embeddable":true,"href":"https:\/\/www.budream.com\/fr\/wp-json\/wp\/v2\/product_brand?post=128612"},{"taxonomy":"product_cat","embeddable":true,"href":"https:\/\/www.budream.com\/fr\/wp-json\/wp\/v2\/product_cat?post=128612"},{"taxonomy":"product_tag","embeddable":true,"href":"https:\/\/www.budream.com\/fr\/wp-json\/wp\/v2\/product_tag?post=128612"}],"curies":[{"name":"wp","href":"https:\/\/api.w.org\/{rel}","templated":true}]}}