{"id":128802,"date":"2025-07-30T21:51:07","date_gmt":"2025-07-30T19:51:07","guid":{"rendered":"https:\/\/www.budream.com\/shop\/xvape-xmax-qomo-kit\/"},"modified":"2026-03-04T16:34:27","modified_gmt":"2026-03-04T14:34:27","slug":"xvape-xmax-qomo-kit","status":"publish","type":"product","link":"https:\/\/www.budream.com\/fr\/shop\/xvape-xmax-qomo-kit\/","title":{"rendered":"XVAPE &#8211; XMAX QOMO KIT"},"content":{"rendered":"<p><strong>XMAX QOMO<\/strong> est un vaporisateur \u00e9lectronique intelligent \u00e0 utiliser uniquement avec des concentr\u00e9s. 3 r\u00e9glages de temp\u00e9rature avec une fonction de pr\u00e9chauffage de 10 secondes. Le bulleur aide \u00e0 refroidir et \u00e0 hydrater la vapeur, combinant la commodit\u00e9 et la facilit\u00e9 d&rsquo;utilisation avec la meilleure exp\u00e9rience de vapotage.<\/p>\n<h2><strong>Caract\u00e9ristiques techniques Xmax Quomo Kit<\/strong><\/h2>\n<ul style=\"list-style-type: disc\">\n<li>Capacit\u00e9 de la batterie : 1350 mAh (lithium polym\u00e8re)<\/li>\n<li>Tension\/courant de charge : 5 V \/ 1 A.<\/li>\n<li>Tension de fonctionnement : 3,3-4,2 V.<\/li>\n<li>Marche \/ Arr\u00eat : cliquer sur le bouton 3 fois cons\u00e9cutivement<\/li>\n<li>Changement de temp\u00e9rature : cliquer 2 fois cons\u00e9cutivement sur le bouton<\/li>\n<li>R\u00e9chauffement : cliquer 1 fois sur le bouton<\/li>\n<li>Pr\u00e9chauffage : 10 secondes, le voyant du bulleur clignote rapidement 10 fois en orange.<\/li>\n<li>Pile faible : le voyant du bouton d&rsquo;alimentation clignote 10 fois rapidement.<\/li>\n<li>Dimensions : 50 * 29.6 * 127 mm<\/li>\n<li>Session : gobelet en c\u00e9ramique<\/li>\n<li>Protection contre les courts-circuits : le voyant du barboteur clignote 3 fois rapidement en rouge<\/li>\n<li>R\u00e9glages de temp\u00e9rature : 3 r\u00e9glages de temp\u00e9rature<\/li>\n<\/ul>\n<h2><strong>Caract\u00e9ristiques techniques du kit Xmax Quomo<\/strong><\/h2>\n<ul style=\"list-style-type: disc\">\n<li>Dimensions compactes.<\/li>\n<li>3 temp\u00e9ratures en option.<\/li>\n<li>Pr\u00e9chauffage automatique 10s.<\/li>\n<li>Batterie de 1350 mAh.<\/li>\n<li>C\u00e2ble USB de type C.<\/li>\n<li>Bulleur en verre au design unique.<\/li>\n<li>Chambre de chauffe enti\u00e8rement en c\u00e9ramique avec un design de chauffe unique.<\/li>\n<\/ul>\n<p><strong>Le kit XMAX QOMO comprend<\/strong><\/p>\n<ul style=\"list-style-type: disc\">\n<li>Kit de vaporisation XMAX QOMO.<\/li>\n<li>C\u00e2ble de chargement USB &#8211; C.<\/li>\n<li>Manuel d&rsquo;utilisation.<\/li>\n<li>Paquet cadeau<\/li>\n<\/ul>\n","protected":false},"excerpt":{"rendered":"<p>XMAX QOMO est un vaporisateur \u00e9lectronique intelligent \u00e0 utiliser uniquement avec des concentr\u00e9s. 3 r\u00e9glages de temp\u00e9rature avec une fonction<\/p>\n","protected":false},"featured_media":128772,"comment_status":"open","ping_status":"closed","template":"","meta":[],"product_brand":[],"product_cat":[7910],"product_tag":[],"class_list":{"0":"post-128802","1":"product","2":"type-product","3":"status-publish","4":"has-post-thumbnail","6":"product_cat-vaporisateurs","8":"first","9":"instock","10":"sale","11":"taxable","12":"shipping-taxable","13":"purchasable","14":"product-type-simple"},"_links":{"self":[{"href":"https:\/\/www.budream.com\/fr\/wp-json\/wp\/v2\/product\/128802","targetHints":{"allow":["GET"]}}],"collection":[{"href":"https:\/\/www.budream.com\/fr\/wp-json\/wp\/v2\/product"}],"about":[{"href":"https:\/\/www.budream.com\/fr\/wp-json\/wp\/v2\/types\/product"}],"replies":[{"embeddable":true,"href":"https:\/\/www.budream.com\/fr\/wp-json\/wp\/v2\/comments?post=128802"}],"version-history":[{"count":0,"href":"https:\/\/www.budream.com\/fr\/wp-json\/wp\/v2\/product\/128802\/revisions"}],"wp:featuredmedia":[{"embeddable":true,"href":"https:\/\/www.budream.com\/fr\/wp-json\/wp\/v2\/media\/128772"}],"wp:attachment":[{"href":"https:\/\/www.budream.com\/fr\/wp-json\/wp\/v2\/media?parent=128802"}],"wp:term":[{"taxonomy":"product_brand","embeddable":true,"href":"https:\/\/www.budream.com\/fr\/wp-json\/wp\/v2\/product_brand?post=128802"},{"taxonomy":"product_cat","embeddable":true,"href":"https:\/\/www.budream.com\/fr\/wp-json\/wp\/v2\/product_cat?post=128802"},{"taxonomy":"product_tag","embeddable":true,"href":"https:\/\/www.budream.com\/fr\/wp-json\/wp\/v2\/product_tag?post=128802"}],"curies":[{"name":"wp","href":"https:\/\/api.w.org\/{rel}","templated":true}]}}