{"id":128832,"date":"2025-07-30T21:54:02","date_gmt":"2025-07-30T19:54:02","guid":{"rendered":"https:\/\/www.budream.com\/shop\/terpene-essence-sativa-blend-terpenes-bouteille-5l\/"},"modified":"2025-12-15T16:59:10","modified_gmt":"2025-12-15T14:59:10","slug":"terpene-essence-sativa-blend-terpenes-bouteille-5l","status":"publish","type":"product","link":"https:\/\/www.budream.com\/fr\/shop\/terpene-essence-sativa-blend-terpenes-bouteille-5l\/","title":{"rendered":"TERPENE ESSENCE &#8211; SATIVA BLEND TERPENES BOUTEILLE | 5L"},"content":{"rendered":"<p>Vous r\u00eavez de donner \u00e0 vos objets les plus pr\u00e9cieux un ar\u00f4me plus fort ? Fruit\u00e9, \u00e9pic\u00e9, balsamique, agrumes ! <\/p>\n<p>Sativa Blend, Og Kush et Sweet Pineapple sont les <strong>trois m\u00e9langes cr\u00e9\u00e9s par Terpene essence<\/strong> dans le respect de la nature des plantes.<\/p>\n<p>Les m\u00e9langes TERPENE ESSENCE sont formul\u00e9s :<\/p>\n<ul style=\"list-style-type: disc\">\n<li><strong>Avec des terp\u00e8nes 100% purs et naturels<\/strong><\/li>\n<li><strong>Sans utilisation de solvants.<\/strong><\/li>\n<li><strong>En format spray<\/strong> pour une utilisation facile et une application uniforme.<\/li>\n<\/ul>\n<p><strong>Comment les utiliser ?<\/strong><br \/>Il suffit de vaporiser le produit directement sur les produits \u00e0 aromatiser. Nous recommandons un dosage de 5 pulv\u00e9risations pour 100 g de produit \u00e0 aromatiser, en r\u00e9p\u00e9tant l&rsquo;application tous les 7 jours, jusqu&rsquo;\u00e0 8 semaines, jusqu&rsquo;\u00e0 ce que l&rsquo;intensit\u00e9 aromatique souhait\u00e9e soit atteinte.<\/p>\n<p>M\u00e9lange de terp\u00e8nes aux propri\u00e9t\u00e9s aromatiques caract\u00e9ristiques, avec des notes terreuses et \u00e9pic\u00e9es et des nuances balsamiques. Produit tr\u00e8s concentr\u00e9.<\/p>\n<p>Destin\u00e9 uniquement \u00e0 un usage technique.<br \/>\u00c9viter le contact avec les yeux et la peau.<\/p>\n<p><em>Ingr\u00e9dients : Beta Caryophyllene, Myrcene, Limonene, Humulene, Alpha Pinene, Beta Pinene, Nerolidol, Delta 3 Carene, Geraniol, Terpinolenecaryophyllene<\/p>\n<p><strong>Peut \u00eatre command\u00e9 sur rendez-vous, d\u00e9lai d&rsquo;attente pr\u00e9vu 15 jours.<\/strong><br \/><\/em><\/p>\n","protected":false},"excerpt":{"rendered":"<p>Vous r\u00eavez de donner \u00e0 vos objets les plus pr\u00e9cieux un ar\u00f4me plus fort ? Fruit\u00e9, \u00e9pic\u00e9, balsamique, agrumes !<\/p>\n","protected":false},"featured_media":128827,"comment_status":"open","ping_status":"closed","template":"","meta":[],"product_brand":[],"product_cat":[7913],"product_tag":[],"class_list":{"0":"post-128832","1":"product","2":"type-product","3":"status-publish","4":"has-post-thumbnail","6":"product_cat-cosmetiques","8":"first","9":"instock","10":"taxable","11":"shipping-taxable","12":"purchasable","13":"product-type-simple"},"aioseo_notices":[],"_links":{"self":[{"href":"https:\/\/www.budream.com\/fr\/wp-json\/wp\/v2\/product\/128832","targetHints":{"allow":["GET"]}}],"collection":[{"href":"https:\/\/www.budream.com\/fr\/wp-json\/wp\/v2\/product"}],"about":[{"href":"https:\/\/www.budream.com\/fr\/wp-json\/wp\/v2\/types\/product"}],"replies":[{"embeddable":true,"href":"https:\/\/www.budream.com\/fr\/wp-json\/wp\/v2\/comments?post=128832"}],"version-history":[{"count":0,"href":"https:\/\/www.budream.com\/fr\/wp-json\/wp\/v2\/product\/128832\/revisions"}],"wp:featuredmedia":[{"embeddable":true,"href":"https:\/\/www.budream.com\/fr\/wp-json\/wp\/v2\/media\/128827"}],"wp:attachment":[{"href":"https:\/\/www.budream.com\/fr\/wp-json\/wp\/v2\/media?parent=128832"}],"wp:term":[{"taxonomy":"product_brand","embeddable":true,"href":"https:\/\/www.budream.com\/fr\/wp-json\/wp\/v2\/product_brand?post=128832"},{"taxonomy":"product_cat","embeddable":true,"href":"https:\/\/www.budream.com\/fr\/wp-json\/wp\/v2\/product_cat?post=128832"},{"taxonomy":"product_tag","embeddable":true,"href":"https:\/\/www.budream.com\/fr\/wp-json\/wp\/v2\/product_tag?post=128832"}],"curies":[{"name":"wp","href":"https:\/\/api.w.org\/{rel}","templated":true}]}}