{"id":128982,"date":"2025-07-30T22:02:44","date_gmt":"2025-07-30T20:02:44","guid":{"rendered":"https:\/\/www.budream.com\/shop\/rewell-cbd-pre-post-cream-100ml-250mg-cbd\/"},"modified":"2025-10-14T18:31:47","modified_gmt":"2025-10-14T16:31:47","slug":"rewell-cbd-pre-post-cream-100ml-250mg-cbd","status":"publish","type":"product","link":"https:\/\/www.budream.com\/fr\/shop\/rewell-cbd-pre-post-cream-100ml-250mg-cbd\/","title":{"rendered":"REWELL &#8211; CBD PRE-POST CREAM | 100ml 250mg CBD"},"content":{"rendered":"<p>Nouvel emballage tubulaire \u00e9cologique, 100 % recyclable et d\u00e9riv\u00e9 de plantes !<br \/>Lorsque les muscles sont soumis \u00e0 une activit\u00e9 physique intense, la cr\u00e8me CBD Pre-Post de Rewell est id\u00e9ale pour un soulagement imm\u00e9diat.<\/p>\n<p>Gr\u00e2ce \u00e0 ses composants naturels, elle convient pour aider les muscles dans la phase d&rsquo;\u00e9chauffement afin de pr\u00e9venir les entorses ou apr\u00e8s un effort physique pour trouver une sensation de soulagement, elle d\u00e9tend les tissus et soulage la douleur musculaire tout en r\u00e9duisant de mani\u00e8re significative l&rsquo;inflammation. Elle a \u00e9galement une fonction antioxydante \u00e9lev\u00e9e. Elle est rapidement absorb\u00e9e et non grasse.<\/p>\n<p><\/p>\n<h2><strong>Mode d&#8217;emploi :<br \/><\/strong><\/h2>\n<p>Appliquer le produit selon les besoins et masser jusqu&rsquo;\u00e0 absorption.<br \/>PRE : Masser les muscles pendant l&rsquo;\u00e9chauffement, pr\u00e9vient les risques de claquages et d&rsquo;entorses.<br \/>POST : Masser apr\u00e8s un effort physique, d\u00e9tend les tissus et soulage les douleurs musculaires.<br \/>Avertissements : PRODUIT COSMETIQUE. Usage externe. \u00c9viter le contact avec les yeux. Tenir hors de port\u00e9e des enfants.<\/p>\n<p><strong><br \/>Ingr\u00e9dients :<br \/><\/strong><em>Aqua, jus de feuilles d&rsquo;aloe barbadensis, huile de graines d&rsquo;helianthus annuus, alcool c\u00e9t\u00e9arylique, glyc\u00e9rine, glyceryl stearate se, huile de glycine soja, extrait de fleur d&rsquo;arnica montana, extrait de r\u00e9sine de boswellia serrata, glucosamine sulfate, alcool benzylique, glyceryl stearate citrate, extrait de racine d&rsquo;harpagophytum procumbens, ac\u00e9tate de tocoph\u00e9ryle, cannabidiol, menthol, gomme xanthane, parfum, d\u00e9hydroac\u00e9tate de sodium, l\u00e9cithine, acide lactique, diac\u00e9tate de glutamate t\u00e9trasodique, caprylate de glyc\u00e9ryle, acide d\u00e9hydroac\u00e9tique, tocoph\u00e9rol, palmitate d&rsquo;ascorbyle, acide citrique, linalol, limon\u00e8ne, citronellol.<\/em><strong><br \/><\/strong><\/p>\n","protected":false},"excerpt":{"rendered":"<p>Nouvel emballage tubulaire \u00e9cologique, 100 % recyclable et d\u00e9riv\u00e9 de plantes !Lorsque les muscles sont soumis \u00e0 une activit\u00e9 physique<\/p>\n","protected":false},"featured_media":128977,"comment_status":"open","ping_status":"closed","template":"","meta":[],"product_brand":[],"product_cat":[1171],"product_tag":[],"class_list":{"0":"post-128982","1":"product","2":"type-product","3":"status-publish","4":"has-post-thumbnail","6":"product_cat-cosmetici","8":"first","9":"instock","10":"taxable","11":"shipping-taxable","12":"purchasable","13":"product-type-simple"},"_links":{"self":[{"href":"https:\/\/www.budream.com\/fr\/wp-json\/wp\/v2\/product\/128982","targetHints":{"allow":["GET"]}}],"collection":[{"href":"https:\/\/www.budream.com\/fr\/wp-json\/wp\/v2\/product"}],"about":[{"href":"https:\/\/www.budream.com\/fr\/wp-json\/wp\/v2\/types\/product"}],"replies":[{"embeddable":true,"href":"https:\/\/www.budream.com\/fr\/wp-json\/wp\/v2\/comments?post=128982"}],"version-history":[{"count":0,"href":"https:\/\/www.budream.com\/fr\/wp-json\/wp\/v2\/product\/128982\/revisions"}],"wp:featuredmedia":[{"embeddable":true,"href":"https:\/\/www.budream.com\/fr\/wp-json\/wp\/v2\/media\/128977"}],"wp:attachment":[{"href":"https:\/\/www.budream.com\/fr\/wp-json\/wp\/v2\/media?parent=128982"}],"wp:term":[{"taxonomy":"product_brand","embeddable":true,"href":"https:\/\/www.budream.com\/fr\/wp-json\/wp\/v2\/product_brand?post=128982"},{"taxonomy":"product_cat","embeddable":true,"href":"https:\/\/www.budream.com\/fr\/wp-json\/wp\/v2\/product_cat?post=128982"},{"taxonomy":"product_tag","embeddable":true,"href":"https:\/\/www.budream.com\/fr\/wp-json\/wp\/v2\/product_tag?post=128982"}],"curies":[{"name":"wp","href":"https:\/\/api.w.org\/{rel}","templated":true}]}}