{"id":128992,"date":"2025-07-30T22:03:09","date_gmt":"2025-07-30T20:03:09","guid":{"rendered":"https:\/\/www.budream.com\/shop\/rewell-cbd-protective-hand-gel-100ml-25mg-cbd-aloe-vera\/"},"modified":"2025-12-29T13:32:16","modified_gmt":"2025-12-29T11:32:16","slug":"rewell-cbd-protective-hand-gel-100ml-25mg-cbd-aloe-vera","status":"publish","type":"product","link":"https:\/\/www.budream.com\/fr\/shop\/rewell-cbd-protective-hand-gel-100ml-25mg-cbd-aloe-vera\/","title":{"rendered":"REWELL &#8211; CBD PROTECTIVE HAND GEL | 100ml 25mg CBD + ALOE VERA"},"content":{"rendered":"<p>Le gel pour les mains REWELL est formul\u00e9 selon une concentration \u00e9tudi\u00e9e d&rsquo;alcool et de chlorhexidine \u00e0 forte action d\u00e9sinfectante, en plus de l&rsquo;ALOE VERA et de 25 mg de CBD pour prot\u00e9ger la peau des irritations ou de la s\u00e9cheresse en lui apportant plus d&rsquo;hydratation.<br \/>Utilisez-le pour nettoyer et prot\u00e9ger votre peau lorsque vous n&rsquo;avez pas d&rsquo;eau, de savon ou quoi que ce soit d&rsquo;autre.<\/p>\n<p><\/p>\n<h2><strong>Mode d&#8217;emploi :<br \/><\/strong><\/h2>\n<p>Verser une petite quantit\u00e9 de produit sur la paume des mains et r\u00e9partir, en massant soigneusement, \u00e9galement sur le dos, jusqu&rsquo;\u00e0 absorption compl\u00e8te, sans utiliser d&rsquo;eau. Avertissements : PRODUIT COSMETIQUE. Usage externe. \u00c9viter le contact avec les yeux et tenir hors de port\u00e9e des enfants.<\/p>\n<p><strong><br \/>Ingr\u00e9dients :<br \/><\/strong><em>70% d&rsquo;alcool, chlorhexidine, Aloe vera, CBD 25mg Alcohol denat, aqua, aloe barbadensis leaf Julce, hydroxyethyl acrylate\/sodlum acryloyldimethyl taurate copolymer, squalane, cannabidiol, xanthan gum, polysorbate 60, Ilmonene, tocopheryl acetate, citrus limon peel oil, sorbitan Isostearate, chlorhexidine dlgluconate, lactic acid, citral.<\/em><strong><br \/><\/strong><\/p>\n","protected":false},"excerpt":{"rendered":"<p>Le gel pour les mains REWELL est formul\u00e9 selon une concentration \u00e9tudi\u00e9e d&rsquo;alcool et de chlorhexidine \u00e0 forte action d\u00e9sinfectante,<\/p>\n","protected":false},"featured_media":128987,"comment_status":"open","ping_status":"closed","template":"","meta":[],"product_brand":[],"product_cat":[7913],"product_tag":[],"class_list":{"0":"post-128992","1":"product","2":"type-product","3":"status-publish","4":"has-post-thumbnail","6":"product_cat-cosmetiques","8":"first","9":"instock","10":"taxable","11":"shipping-taxable","12":"purchasable","13":"product-type-simple"},"_links":{"self":[{"href":"https:\/\/www.budream.com\/fr\/wp-json\/wp\/v2\/product\/128992","targetHints":{"allow":["GET"]}}],"collection":[{"href":"https:\/\/www.budream.com\/fr\/wp-json\/wp\/v2\/product"}],"about":[{"href":"https:\/\/www.budream.com\/fr\/wp-json\/wp\/v2\/types\/product"}],"replies":[{"embeddable":true,"href":"https:\/\/www.budream.com\/fr\/wp-json\/wp\/v2\/comments?post=128992"}],"version-history":[{"count":0,"href":"https:\/\/www.budream.com\/fr\/wp-json\/wp\/v2\/product\/128992\/revisions"}],"wp:featuredmedia":[{"embeddable":true,"href":"https:\/\/www.budream.com\/fr\/wp-json\/wp\/v2\/media\/128987"}],"wp:attachment":[{"href":"https:\/\/www.budream.com\/fr\/wp-json\/wp\/v2\/media?parent=128992"}],"wp:term":[{"taxonomy":"product_brand","embeddable":true,"href":"https:\/\/www.budream.com\/fr\/wp-json\/wp\/v2\/product_brand?post=128992"},{"taxonomy":"product_cat","embeddable":true,"href":"https:\/\/www.budream.com\/fr\/wp-json\/wp\/v2\/product_cat?post=128992"},{"taxonomy":"product_tag","embeddable":true,"href":"https:\/\/www.budream.com\/fr\/wp-json\/wp\/v2\/product_tag?post=128992"}],"curies":[{"name":"wp","href":"https:\/\/api.w.org\/{rel}","templated":true}]}}