{"id":129007,"date":"2025-07-30T22:05:21","date_gmt":"2025-07-30T20:05:21","guid":{"rendered":"https:\/\/www.budream.com\/shop\/flowermate-bong-adaptateur-aura\/"},"modified":"2026-04-20T14:18:24","modified_gmt":"2026-04-20T12:18:24","slug":"flowermate-bong-adaptateur-aura","status":"publish","type":"product","link":"https:\/\/www.budream.com\/fr\/shop\/flowermate-bong-adaptateur-aura\/","title":{"rendered":"FLOWERMATE &#8211; BONG ADAPTATEUR AURA"},"content":{"rendered":"<p>L&rsquo;adaptateur universel pour bong et filtre \u00e0 eau Flowermate Aura vous permet de connecter votre Aura \u00e0 n&rsquo;importe quel bong ou filtre \u00e0 eau.<\/p>\n<h2><span style=\"text-decoration: underline\">FLOWERMATE &#8211; ADAPTATEUR POUR BONG AURA :<\/span> <\/h2>\n<ul style=\"list-style-type: disc\">\n<li>Adaptateur pour Flowermate Aura ;<\/li>\n<li>Raccord m\u00e2le et femelle de 10\/14 et 18 mm ;<\/li>\n<li>100% acier inoxydable ;<\/li>\n<li>S&rsquo;adapte \u00e0 tous les bongs ;<\/li>\n<li>Adaptateur pour outils \u00e0 eau ;<\/li>\n<\/ul>\n","protected":false},"excerpt":{"rendered":"<p>L&rsquo;adaptateur universel pour bong et filtre \u00e0 eau Flowermate Aura vous permet de connecter votre Aura \u00e0 n&rsquo;importe quel bong<\/p>\n","protected":false},"featured_media":125677,"comment_status":"open","ping_status":"closed","template":"","meta":[],"product_brand":[],"product_cat":[7910],"product_tag":[],"class_list":{"0":"post-129007","1":"product","2":"type-product","3":"status-publish","4":"has-post-thumbnail","6":"product_cat-vaporisateurs","8":"first","9":"instock","10":"sale","11":"taxable","12":"shipping-taxable","13":"purchasable","14":"product-type-simple"},"_links":{"self":[{"href":"https:\/\/www.budream.com\/fr\/wp-json\/wp\/v2\/product\/129007","targetHints":{"allow":["GET"]}}],"collection":[{"href":"https:\/\/www.budream.com\/fr\/wp-json\/wp\/v2\/product"}],"about":[{"href":"https:\/\/www.budream.com\/fr\/wp-json\/wp\/v2\/types\/product"}],"replies":[{"embeddable":true,"href":"https:\/\/www.budream.com\/fr\/wp-json\/wp\/v2\/comments?post=129007"}],"version-history":[{"count":0,"href":"https:\/\/www.budream.com\/fr\/wp-json\/wp\/v2\/product\/129007\/revisions"}],"wp:featuredmedia":[{"embeddable":true,"href":"https:\/\/www.budream.com\/fr\/wp-json\/wp\/v2\/media\/125677"}],"wp:attachment":[{"href":"https:\/\/www.budream.com\/fr\/wp-json\/wp\/v2\/media?parent=129007"}],"wp:term":[{"taxonomy":"product_brand","embeddable":true,"href":"https:\/\/www.budream.com\/fr\/wp-json\/wp\/v2\/product_brand?post=129007"},{"taxonomy":"product_cat","embeddable":true,"href":"https:\/\/www.budream.com\/fr\/wp-json\/wp\/v2\/product_cat?post=129007"},{"taxonomy":"product_tag","embeddable":true,"href":"https:\/\/www.budream.com\/fr\/wp-json\/wp\/v2\/product_tag?post=129007"}],"curies":[{"name":"wp","href":"https:\/\/api.w.org\/{rel}","templated":true}]}}