{"id":129022,"date":"2025-07-30T22:05:51","date_gmt":"2025-07-30T20:05:51","guid":{"rendered":"https:\/\/www.budream.com\/shop\/storzbickel-mighty-crafty-filling-room-tool-set\/"},"modified":"2025-12-23T15:02:08","modified_gmt":"2025-12-23T13:02:08","slug":"storzbickel-mighty-crafty-filling-room-tool-set","status":"publish","type":"product","link":"https:\/\/www.budream.com\/fr\/shop\/storzbickel-mighty-crafty-filling-room-tool-set\/","title":{"rendered":"STORZ&amp;BICKEL &#8211; MIGHTY+ CRAFTY+ FILLING ROOM TOOL SET"},"content":{"rendered":"<p>Gr\u00e2ce \u00e0 l&rsquo;outil, il est possible de vider et de nettoyer la chambre de vaporisation apr\u00e8s chaque utilisation.<br \/>Jeu d&rsquo;outils de remplacement pour mighty, mighty+ et crafty+.<\/p>\n<h2><span style=\"text-decoration: underline\">Storz&amp;Bickel &#8211; kit d&rsquo;outils pour chambre de remplissage pour mighty, mighty+ et crafty+ :<\/span><\/h2>\n<ul style=\"list-style-type: disc\">\n<li>outil pour chambre de vaporisation ;<\/li>\n<li>5 pi\u00e8ces ;<\/li>\n<\/ul>\n","protected":false},"excerpt":{"rendered":"<p>Gr\u00e2ce \u00e0 l&rsquo;outil, il est possible de vider et de nettoyer la chambre de vaporisation apr\u00e8s chaque utilisation.Jeu d&rsquo;outils de<\/p>\n","protected":false},"featured_media":129012,"comment_status":"open","ping_status":"closed","template":"","meta":[],"product_brand":[],"product_cat":[7910],"product_tag":[],"class_list":{"0":"post-129022","1":"product","2":"type-product","3":"status-publish","4":"has-post-thumbnail","6":"product_cat-vaporisateurs","8":"first","9":"instock","10":"sale","11":"taxable","12":"shipping-taxable","13":"purchasable","14":"product-type-simple"},"_links":{"self":[{"href":"https:\/\/www.budream.com\/fr\/wp-json\/wp\/v2\/product\/129022","targetHints":{"allow":["GET"]}}],"collection":[{"href":"https:\/\/www.budream.com\/fr\/wp-json\/wp\/v2\/product"}],"about":[{"href":"https:\/\/www.budream.com\/fr\/wp-json\/wp\/v2\/types\/product"}],"replies":[{"embeddable":true,"href":"https:\/\/www.budream.com\/fr\/wp-json\/wp\/v2\/comments?post=129022"}],"version-history":[{"count":0,"href":"https:\/\/www.budream.com\/fr\/wp-json\/wp\/v2\/product\/129022\/revisions"}],"wp:featuredmedia":[{"embeddable":true,"href":"https:\/\/www.budream.com\/fr\/wp-json\/wp\/v2\/media\/129012"}],"wp:attachment":[{"href":"https:\/\/www.budream.com\/fr\/wp-json\/wp\/v2\/media?parent=129022"}],"wp:term":[{"taxonomy":"product_brand","embeddable":true,"href":"https:\/\/www.budream.com\/fr\/wp-json\/wp\/v2\/product_brand?post=129022"},{"taxonomy":"product_cat","embeddable":true,"href":"https:\/\/www.budream.com\/fr\/wp-json\/wp\/v2\/product_cat?post=129022"},{"taxonomy":"product_tag","embeddable":true,"href":"https:\/\/www.budream.com\/fr\/wp-json\/wp\/v2\/product_tag?post=129022"}],"curies":[{"name":"wp","href":"https:\/\/api.w.org\/{rel}","templated":true}]}}