{"id":129042,"date":"2025-07-30T22:06:28","date_gmt":"2025-07-30T20:06:28","guid":{"rendered":"https:\/\/www.budream.com\/shop\/qnubu-fluo-silicone-bong-19cm\/"},"modified":"2026-05-04T13:05:02","modified_gmt":"2026-05-04T11:05:02","slug":"qnubu-fluo-silicone-bong-19cm","status":"publish","type":"product","link":"https:\/\/www.budream.com\/fr\/shop\/qnubu-fluo-silicone-bong-19cm\/","title":{"rendered":"QNUBU &#8211; FLUO SILICONE BONG | 19cm"},"content":{"rendered":"<p>Bong en silicone avec brasero en verre \u00e0 motifs imprim\u00e9s ; un bong au design unique, facile \u00e0 nettoyer et r\u00e9sistant aux chocs.<strong><strong><\/p>\n<p><\/strong><\/strong><\/p>\n<h2><span style=\"text-decoration: underline\">QNUBU &#8211; bong en silicone fluo | 19cm<\/span><\/h2>\n<ul style=\"list-style-type: disc\">\n<li>Bong en silicone ;<\/li>\n<li>Dimensions : 19 cm ;<\/li>\n<li>brasero pour les herbes ;<\/li>\n<li>Fluorescent : s&rsquo;allume dans l&rsquo;obscurit\u00e9 ;<\/li>\n<li>couleurs assorties ;<\/li>\n<\/ul>\n","protected":false},"excerpt":{"rendered":"<p>Bong en silicone avec brasero en verre \u00e0 motifs imprim\u00e9s ; un bong au design unique, facile \u00e0 nettoyer et<\/p>\n","protected":false},"featured_media":129027,"comment_status":"open","ping_status":"closed","template":"","meta":[],"product_brand":[],"product_cat":[1173],"product_tag":[],"class_list":{"0":"post-129042","1":"product","2":"type-product","3":"status-publish","4":"has-post-thumbnail","6":"product_cat-headshop","8":"first","9":"instock","10":"taxable","11":"shipping-taxable","12":"purchasable","13":"product-type-simple"},"_links":{"self":[{"href":"https:\/\/www.budream.com\/fr\/wp-json\/wp\/v2\/product\/129042","targetHints":{"allow":["GET"]}}],"collection":[{"href":"https:\/\/www.budream.com\/fr\/wp-json\/wp\/v2\/product"}],"about":[{"href":"https:\/\/www.budream.com\/fr\/wp-json\/wp\/v2\/types\/product"}],"replies":[{"embeddable":true,"href":"https:\/\/www.budream.com\/fr\/wp-json\/wp\/v2\/comments?post=129042"}],"version-history":[{"count":1,"href":"https:\/\/www.budream.com\/fr\/wp-json\/wp\/v2\/product\/129042\/revisions"}],"predecessor-version":[{"id":262232,"href":"https:\/\/www.budream.com\/fr\/wp-json\/wp\/v2\/product\/129042\/revisions\/262232"}],"wp:featuredmedia":[{"embeddable":true,"href":"https:\/\/www.budream.com\/fr\/wp-json\/wp\/v2\/media\/129027"}],"wp:attachment":[{"href":"https:\/\/www.budream.com\/fr\/wp-json\/wp\/v2\/media?parent=129042"}],"wp:term":[{"taxonomy":"product_brand","embeddable":true,"href":"https:\/\/www.budream.com\/fr\/wp-json\/wp\/v2\/product_brand?post=129042"},{"taxonomy":"product_cat","embeddable":true,"href":"https:\/\/www.budream.com\/fr\/wp-json\/wp\/v2\/product_cat?post=129042"},{"taxonomy":"product_tag","embeddable":true,"href":"https:\/\/www.budream.com\/fr\/wp-json\/wp\/v2\/product_tag?post=129042"}],"curies":[{"name":"wp","href":"https:\/\/api.w.org\/{rel}","templated":true}]}}