{"id":129087,"date":"2025-07-30T22:07:39","date_gmt":"2025-07-30T20:07:39","guid":{"rendered":"https:\/\/www.budream.com\/shop\/qnubu-presse-hydraulique-a-rosin-pro-rot-plateau-12x12cm-pression-10ton\/"},"modified":"2026-04-14T14:56:47","modified_gmt":"2026-04-14T12:56:47","slug":"qnubu-presse-hydraulique-a-rosin-pro-rot-plateau-12x12cm-pression-10ton","status":"publish","type":"product","link":"https:\/\/www.budream.com\/fr\/shop\/qnubu-presse-hydraulique-a-rosin-pro-rot-plateau-12x12cm-pression-10ton\/","title":{"rendered":"QNUBU &#8211; PRESSE HYDRAULIQUE A ROSIN PRO-ROT | PLATEAU 12x12cm PRESSION 10TON."},"content":{"rendered":"<h2><strong>Presse hydraulique Qnubu pour l&rsquo;extraction de la colophane<\/strong><\/h2>\n<p>L&rsquo;extraction de la colophane a \u00e9t\u00e9 la premi\u00e8re \u00e0 d\u00e9couvrir qu&rsquo;en atteignant la temp\u00e9rature appropri\u00e9e, il est possible d&rsquo;extraire jusqu&rsquo;\u00e0 80 % des principes actifs de la plante.<\/p>\n<p>La technique est tr\u00e8s simple, puisqu&rsquo;elle consiste \u00e0 exercer une pression sur un bourgeon plac\u00e9 entre les cartes afin qu&rsquo;il soit press\u00e9 fermement entre l&rsquo;aluminium chaud des plaques.<\/p>\n<p>Une fois le sachet ouvert, vous trouverez la r\u00e9sine attach\u00e9e, ce qui est on ne peut plus pratique.<\/p>\n<p>La plaque est rotative : elle peut \u00eatre tourn\u00e9e pour faciliter l&rsquo;extraction.<\/p>\n<h2><span style=\"text-decoration: underline\"><strong>Caract\u00e9ristiques techniques de la presse hydraulique professionnelle Qnubu 10 Tonnes :<\/strong><\/span><\/h2>\n<p>Pression : 10 tonnes<br \/>Plaque : 12x12cm<br \/>TIimer 0-999sec &#8211; Avertissement sonore<br \/>Volt : 220V<br \/>Consommation : 1400W\/h<br \/>Poids : 42Kg<\/p>\n<p>Sp\u00e9cialement con\u00e7u pour extraire les huiles et les r\u00e9sines sans utiliser de solvants, mais simplement par pression et chauffage.<\/p>\n","protected":false},"excerpt":{"rendered":"<p>Presse hydraulique Qnubu pour l&rsquo;extraction de la colophane L&rsquo;extraction de la colophane a \u00e9t\u00e9 la premi\u00e8re \u00e0 d\u00e9couvrir qu&rsquo;en atteignant<\/p>\n","protected":false},"featured_media":129067,"comment_status":"open","ping_status":"closed","template":"","meta":[],"product_brand":[],"product_cat":[7949],"product_tag":[],"class_list":{"0":"post-129087","1":"product","2":"type-product","3":"status-publish","4":"has-post-thumbnail","6":"product_cat-headshop-fr","8":"first","9":"instock","10":"taxable","11":"shipping-taxable","12":"purchasable","13":"product-type-simple"},"_links":{"self":[{"href":"https:\/\/www.budream.com\/fr\/wp-json\/wp\/v2\/product\/129087","targetHints":{"allow":["GET"]}}],"collection":[{"href":"https:\/\/www.budream.com\/fr\/wp-json\/wp\/v2\/product"}],"about":[{"href":"https:\/\/www.budream.com\/fr\/wp-json\/wp\/v2\/types\/product"}],"replies":[{"embeddable":true,"href":"https:\/\/www.budream.com\/fr\/wp-json\/wp\/v2\/comments?post=129087"}],"version-history":[{"count":1,"href":"https:\/\/www.budream.com\/fr\/wp-json\/wp\/v2\/product\/129087\/revisions"}],"predecessor-version":[{"id":262672,"href":"https:\/\/www.budream.com\/fr\/wp-json\/wp\/v2\/product\/129087\/revisions\/262672"}],"wp:featuredmedia":[{"embeddable":true,"href":"https:\/\/www.budream.com\/fr\/wp-json\/wp\/v2\/media\/129067"}],"wp:attachment":[{"href":"https:\/\/www.budream.com\/fr\/wp-json\/wp\/v2\/media?parent=129087"}],"wp:term":[{"taxonomy":"product_brand","embeddable":true,"href":"https:\/\/www.budream.com\/fr\/wp-json\/wp\/v2\/product_brand?post=129087"},{"taxonomy":"product_cat","embeddable":true,"href":"https:\/\/www.budream.com\/fr\/wp-json\/wp\/v2\/product_cat?post=129087"},{"taxonomy":"product_tag","embeddable":true,"href":"https:\/\/www.budream.com\/fr\/wp-json\/wp\/v2\/product_tag?post=129087"}],"curies":[{"name":"wp","href":"https:\/\/api.w.org\/{rel}","templated":true}]}}