{"id":129097,"date":"2025-07-30T22:08:08","date_gmt":"2025-07-30T20:08:08","guid":{"rendered":"https:\/\/www.budream.com\/shop\/enecta-enectaliana-cbd-semi-di-canapa-certificata-femminizzati-10-000-semi\/"},"modified":"2025-12-22T23:10:13","modified_gmt":"2025-12-22T21:10:13","slug":"enecta-enectaliana-cbd-semi-di-canapa-certificata-femminizzati-10-000-semi","status":"publish","type":"product","link":"https:\/\/www.budream.com\/fr\/shop\/enecta-enectaliana-cbd-semi-di-canapa-certificata-femminizzati-10-000-semi\/","title":{"rendered":"ENECTA &#8211; ENECTALIAN (CBD) GRAINES DE CHANVRE F\u00c9MINIS\u00c9ES CERTIFI\u00c9ES | 10 000 GRAINES"},"content":{"rendered":"<p><strong>R\u00e9servez vos graines d\u00e8s maintenant !<br \/><\/strong><br \/>Connue pour sa production \u00e9lev\u00e9e de terp\u00e8nes associ\u00e9e \u00e0 une <strong>forte teneur en CBD<\/strong>, l&rsquo;Enectaliana produit r\u00e9guli\u00e8rement plus de 5-8% de cannabino\u00efdes et atteint les concentrations les plus \u00e9lev\u00e9es dans des conditions de culture optimales. Le profil terp\u00e9nique est riche et caract\u00e9ris\u00e9 par des notes fruit\u00e9es.<\/p>\n<p>La couleur commune est un vert profond. Dans les climats plus froids, une couleur rose entoure les feuilles. <strong>Enectaliana est la vari\u00e9t\u00e9 la plus productive d&rsquo;Enecta<\/strong>. Nous conseillons une densit\u00e9 de <strong>7 000<\/strong> \u00e0 <strong>10 000<\/strong> <strong>graines par hectare<\/strong>.<\/p>\n<p><\/p>\n<h2><strong>Caract\u00e9ristiques des semences d&rsquo;Enectaliana :<\/strong><\/h2>\n<ul style=\"list-style-type: disc\">\n<li><b>Taux de germination : 97%.<br \/><\/b><\/li>\n<li><strong>Cycle v\u00e9g\u00e9tatif :<\/strong> 100\/120 jours<\/li>\n<li><strong>Hauteur :<\/strong> 2-2,5 m<\/li>\n<li><strong>Pleine floraison :<\/strong> mi &#8211; fin septembre<\/li>\n<li><strong>Rendement moyen en inflorescences par plante :<\/strong> 300gr.<\/li>\n<li><strong>Rendement moyen de biomasse par hectare :<\/strong> 2500Kg &#8211; 3000Kg<\/li>\n<li><strong>CBD<\/strong>: 5-8%.<\/li>\n<li><strong>THC<\/strong>: &lt;0.2%.<\/li>\n<\/ul>\n<p><span class=\"s1\"><span class=\"s1\">Enecta a d\u00e9velopp\u00e9 deux nouvelles vari\u00e9t\u00e9s de chanvre industriel, id\u00e9ales pour la culture en plein air, certifi\u00e9es par l&rsquo;UE et avec des pourcentages de THC inf\u00e9rieurs \u00e0 0,2%. Ces nouvelles g\u00e9n\u00e9tiques constituent une nouveaut\u00e9 unique car elles ont une teneur \u00e9lev\u00e9e en cannabino\u00efdes et garantissent un pourcentage \u00e9lev\u00e9 de germination &#8211; des facteurs cl\u00e9s pour une culture abondante avec des rendements constants et uniformes. La solution parfaite pour votre culture, adapt\u00e9e aux besoins de l&rsquo;industrie et des consommateurs.<\/p>\n<p>Un<strong>pourcentage de germination \u00e9lev\u00e9<\/strong> est essentiel pour une bonne r\u00e9colte et repr\u00e9sente une \u00e9conomie consid\u00e9rable pour les cultivateurs. La certification europ\u00e9enne exige un pourcentage de germination de 70-80%, ces g\u00e9n\u00e9tiques atteignent <strong>95% !<\/strong><\/p>\n<p>Le rendement de vos cultures sera plus \u00e9lev\u00e9, gr\u00e2ce aussi \u00e0 un pourcentage tr\u00e8s \u00e9lev\u00e9 d&rsquo;ingr\u00e9dients actifs et en conformit\u00e9 avec la loi : le <strong>THC <\/strong><strong> est inf\u00e9rieur \u00e0 0,2%<\/strong>.<br \/><\/span><\/span><\/p>\n<p class=\"p1\">Les semences sont le point de d\u00e9part d&rsquo;une culture r\u00e9ussie, mais aussi un outil important de gestion des risques. La qualit\u00e9 des semences est assur\u00e9e par un long processus de production qui commence par l&rsquo;\u00e9tablissement de la vari\u00e9t\u00e9 de semences, la nutrition de la culture et le contr\u00f4le de la culture, et se termine par la r\u00e9colte, le traitement, le contr\u00f4le de la qualit\u00e9 et l&rsquo;\u00e9tiquetage.<\/p>\n<p class=\"p1\">Les <strong>semences certifi\u00e9es Enecta<\/strong> sont toujours <strong>garanties<\/strong>, <strong>tra\u00e7ables<\/strong> et <strong>s\u00fbres<\/strong>. Ayant mis au point des conditions de manutention et d&rsquo;exp\u00e9dition des semences appropri\u00e9es, elles garantissent que les lots de semences sont toujours <strong>frais et soigneusement stock\u00e9s.<\/strong><\/p>\n<p><strong><br \/><\/strong><\/p>\n","protected":false},"excerpt":{"rendered":"<p>R\u00e9servez vos graines d\u00e8s maintenant !Connue pour sa production \u00e9lev\u00e9e de terp\u00e8nes associ\u00e9e \u00e0 une forte teneur en CBD, l&rsquo;Enectaliana<\/p>\n","protected":false},"featured_media":129092,"comment_status":"open","ping_status":"closed","template":"","meta":[],"product_brand":[],"product_cat":[7951],"product_tag":[],"class_list":{"0":"post-129097","1":"product","2":"type-product","3":"status-publish","4":"has-post-thumbnail","6":"product_cat-magasin-de-graines","8":"first","9":"instock","10":"sale","11":"taxable","12":"shipping-taxable","13":"purchasable","14":"product-type-simple"},"_links":{"self":[{"href":"https:\/\/www.budream.com\/fr\/wp-json\/wp\/v2\/product\/129097","targetHints":{"allow":["GET"]}}],"collection":[{"href":"https:\/\/www.budream.com\/fr\/wp-json\/wp\/v2\/product"}],"about":[{"href":"https:\/\/www.budream.com\/fr\/wp-json\/wp\/v2\/types\/product"}],"replies":[{"embeddable":true,"href":"https:\/\/www.budream.com\/fr\/wp-json\/wp\/v2\/comments?post=129097"}],"version-history":[{"count":0,"href":"https:\/\/www.budream.com\/fr\/wp-json\/wp\/v2\/product\/129097\/revisions"}],"wp:featuredmedia":[{"embeddable":true,"href":"https:\/\/www.budream.com\/fr\/wp-json\/wp\/v2\/media\/129092"}],"wp:attachment":[{"href":"https:\/\/www.budream.com\/fr\/wp-json\/wp\/v2\/media?parent=129097"}],"wp:term":[{"taxonomy":"product_brand","embeddable":true,"href":"https:\/\/www.budream.com\/fr\/wp-json\/wp\/v2\/product_brand?post=129097"},{"taxonomy":"product_cat","embeddable":true,"href":"https:\/\/www.budream.com\/fr\/wp-json\/wp\/v2\/product_cat?post=129097"},{"taxonomy":"product_tag","embeddable":true,"href":"https:\/\/www.budream.com\/fr\/wp-json\/wp\/v2\/product_tag?post=129097"}],"curies":[{"name":"wp","href":"https:\/\/api.w.org\/{rel}","templated":true}]}}