{"id":129117,"date":"2025-07-30T22:09:05","date_gmt":"2025-07-30T20:09:05","guid":{"rendered":"https:\/\/www.budream.com\/shop\/vapman-funnel-filling-funnel\/"},"modified":"2026-01-19T11:54:17","modified_gmt":"2026-01-19T09:54:17","slug":"vapman-funnel-filling-funnel","status":"publish","type":"product","link":"https:\/\/www.budream.com\/fr\/shop\/vapman-funnel-filling-funnel\/","title":{"rendered":"VAPMAN &#8211; FUNNEL FILLING | FUNNEL"},"content":{"rendered":"<p>Fait sur mesure pour remplir facilement vos herbes, l&rsquo;entonnoir Vapman est fabriqu\u00e9 en aluminium de haute qualit\u00e9 et peut \u00eatre transport\u00e9 de fa\u00e7on pratique dans les valises Vapman.<\/p>\n<p>1 pi\u00e8ce.<\/p>\n","protected":false},"excerpt":{"rendered":"<p>Fait sur mesure pour remplir facilement vos herbes, l&rsquo;entonnoir Vapman est fabriqu\u00e9 en aluminium de haute qualit\u00e9 et peut \u00eatre<\/p>\n","protected":false},"featured_media":129107,"comment_status":"open","ping_status":"closed","template":"","meta":[],"product_brand":[],"product_cat":[7910],"product_tag":[],"class_list":{"0":"post-129117","1":"product","2":"type-product","3":"status-publish","4":"has-post-thumbnail","6":"product_cat-vaporisateurs","8":"first","9":"instock","10":"taxable","11":"shipping-taxable","12":"purchasable","13":"product-type-simple"},"aioseo_notices":[],"_links":{"self":[{"href":"https:\/\/www.budream.com\/fr\/wp-json\/wp\/v2\/product\/129117","targetHints":{"allow":["GET"]}}],"collection":[{"href":"https:\/\/www.budream.com\/fr\/wp-json\/wp\/v2\/product"}],"about":[{"href":"https:\/\/www.budream.com\/fr\/wp-json\/wp\/v2\/types\/product"}],"replies":[{"embeddable":true,"href":"https:\/\/www.budream.com\/fr\/wp-json\/wp\/v2\/comments?post=129117"}],"version-history":[{"count":0,"href":"https:\/\/www.budream.com\/fr\/wp-json\/wp\/v2\/product\/129117\/revisions"}],"wp:featuredmedia":[{"embeddable":true,"href":"https:\/\/www.budream.com\/fr\/wp-json\/wp\/v2\/media\/129107"}],"wp:attachment":[{"href":"https:\/\/www.budream.com\/fr\/wp-json\/wp\/v2\/media?parent=129117"}],"wp:term":[{"taxonomy":"product_brand","embeddable":true,"href":"https:\/\/www.budream.com\/fr\/wp-json\/wp\/v2\/product_brand?post=129117"},{"taxonomy":"product_cat","embeddable":true,"href":"https:\/\/www.budream.com\/fr\/wp-json\/wp\/v2\/product_cat?post=129117"},{"taxonomy":"product_tag","embeddable":true,"href":"https:\/\/www.budream.com\/fr\/wp-json\/wp\/v2\/product_tag?post=129117"}],"curies":[{"name":"wp","href":"https:\/\/api.w.org\/{rel}","templated":true}]}}