{"id":129167,"date":"2025-07-30T22:10:41","date_gmt":"2025-07-30T20:10:41","guid":{"rendered":"https:\/\/www.budream.com\/shop\/qnubu-collecteur-de-nectar-en-silicone-ak47-avec-pointe-en-titane-24-cm\/"},"modified":"2026-04-14T14:58:05","modified_gmt":"2026-04-14T12:58:05","slug":"qnubu-collecteur-de-nectar-en-silicone-ak47-avec-pointe-en-titane-24-cm","status":"publish","type":"product","link":"https:\/\/www.budream.com\/fr\/shop\/qnubu-collecteur-de-nectar-en-silicone-ak47-avec-pointe-en-titane-24-cm\/","title":{"rendered":"QNUBU &#8211; COLLECTEUR DE NECTAR EN SILICONE \u00ab\u00a0AK47\u00a0\u00bb AVEC POINTE EN TITANE | 24 CM"},"content":{"rendered":"<p>\u00ab\u00a0AK47\u00a0\u00bb Nectar Collector <strong>QNUBU<\/strong> offre une facilit\u00e9 d&rsquo;utilisation et un contr\u00f4le sans pr\u00e9c\u00e9dent pour profiter de vos extraits !<\/p>\n<p>Avec les bongs traditionnels, il est facile de faire des erreurs et de gaspiller vos pr\u00e9cieux concentr\u00e9s. Ils prennent \u00e9galement du temps et de l&rsquo;espace : tout cela est oubli\u00e9 avec le <strong>collecteur de nectar<\/strong> \u00ab\u00a0AK47\u00a0\u00bb !<br \/>Le collecteur de nectar \u00ab\u00a0AK47\u00a0\u00bb vous permet d&rsquo;acc\u00e9l\u00e9rer et de faciliter vos sessions !<\/p>\n<p>Il suffit de chauffer l&#8217;embout en titane, de le plonger dans votre extrait et de tirer !<\/p>\n<h2><span style=\"text-decoration: underline\">LE COLLECTEUR DE NECTAR \u00ab\u00a0AK47\u00a0\u00bb DE QNUBU : <\/span><\/h2>\n<ul style=\"list-style-type: disc\">\n<li>Embout en titane ;<\/li>\n<li>collecteur de nectar \u00ab\u00a0AK47\u00a0\u00bb en silicone<\/li>\n<li>couleurs assorties<strong><br \/><\/strong><\/li>\n<li>Longueur : 24 cm<\/li>\n<\/ul>\n","protected":false},"excerpt":{"rendered":"<p>\u00ab\u00a0AK47\u00a0\u00bb Nectar Collector QNUBU offre une facilit\u00e9 d&rsquo;utilisation et un contr\u00f4le sans pr\u00e9c\u00e9dent pour profiter de vos extraits ! Avec<\/p>\n","protected":false},"featured_media":129152,"comment_status":"open","ping_status":"closed","template":"","meta":[],"product_brand":[],"product_cat":[7926],"product_tag":[],"class_list":{"0":"post-129167","1":"product","2":"type-product","3":"status-publish","4":"has-post-thumbnail","6":"product_cat-growshop-fr","8":"first","9":"instock","10":"taxable","11":"shipping-taxable","12":"purchasable","13":"product-type-simple"},"_links":{"self":[{"href":"https:\/\/www.budream.com\/fr\/wp-json\/wp\/v2\/product\/129167","targetHints":{"allow":["GET"]}}],"collection":[{"href":"https:\/\/www.budream.com\/fr\/wp-json\/wp\/v2\/product"}],"about":[{"href":"https:\/\/www.budream.com\/fr\/wp-json\/wp\/v2\/types\/product"}],"replies":[{"embeddable":true,"href":"https:\/\/www.budream.com\/fr\/wp-json\/wp\/v2\/comments?post=129167"}],"version-history":[{"count":1,"href":"https:\/\/www.budream.com\/fr\/wp-json\/wp\/v2\/product\/129167\/revisions"}],"predecessor-version":[{"id":262677,"href":"https:\/\/www.budream.com\/fr\/wp-json\/wp\/v2\/product\/129167\/revisions\/262677"}],"wp:featuredmedia":[{"embeddable":true,"href":"https:\/\/www.budream.com\/fr\/wp-json\/wp\/v2\/media\/129152"}],"wp:attachment":[{"href":"https:\/\/www.budream.com\/fr\/wp-json\/wp\/v2\/media?parent=129167"}],"wp:term":[{"taxonomy":"product_brand","embeddable":true,"href":"https:\/\/www.budream.com\/fr\/wp-json\/wp\/v2\/product_brand?post=129167"},{"taxonomy":"product_cat","embeddable":true,"href":"https:\/\/www.budream.com\/fr\/wp-json\/wp\/v2\/product_cat?post=129167"},{"taxonomy":"product_tag","embeddable":true,"href":"https:\/\/www.budream.com\/fr\/wp-json\/wp\/v2\/product_tag?post=129167"}],"curies":[{"name":"wp","href":"https:\/\/api.w.org\/{rel}","templated":true}]}}