{"id":129192,"date":"2025-07-30T22:11:12","date_gmt":"2025-07-30T20:11:12","guid":{"rendered":"https:\/\/www.budream.com\/shop\/qnubu-collecteur-de-nectar-en-silicone-bambou-avec-pointe-en-titane-146-cm\/"},"modified":"2026-05-13T13:58:26","modified_gmt":"2026-05-13T11:58:26","slug":"qnubu-collecteur-de-nectar-en-silicone-bambou-avec-pointe-en-titane-146-cm","status":"publish","type":"product","link":"https:\/\/www.budream.com\/fr\/shop\/qnubu-collecteur-de-nectar-en-silicone-bambou-avec-pointe-en-titane-146-cm\/","title":{"rendered":"QNUBU &#8211; COLLECTEUR DE NECTAR EN SILICONE &lsquo;BAMBOU&rsquo; AVEC POINTE EN TITANE | 14,6 CM"},"content":{"rendered":"<p>BAMBOO Nectar Collector <strong>QNUBU<\/strong> offre une facilit\u00e9 d&rsquo;utilisation et un contr\u00f4le sans pr\u00e9c\u00e9dent pour profiter de vos extraits !<\/p>\n<p>Avec les bongs traditionnels, il est facile de faire des erreurs et de gaspiller vos pr\u00e9cieux concentr\u00e9s. Ils n\u00e9cessitent \u00e9galement du temps et de l&rsquo;espace : tout cela est oubli\u00e9 avec le <strong>collecteur de nectar BAMBOO<\/strong>!<br \/>Le collecteur de nectar BAMBOO vous permet d&rsquo;acc\u00e9l\u00e9rer et de faciliter vos sessions !<\/p>\n<p>Il suffit de chauffer l&#8217;embout en titane, de le plonger dans votre extrait et de tirer !<\/p>\n<h2><span style=\"text-decoration: underline\">COLLECTEUR DE NECTAR &lsquo;BAMBOU&rsquo; DE QNUBU : <\/span><\/h2>\n<ul style=\"list-style-type: disc\">\n<li>Embout en titane ;<\/li>\n<li>Collecteur de nectar \u00ab\u00a0BAMBOO\u00a0\u00bb en silicone<\/li>\n<li>couleurs assorties<strong><br \/><\/strong><\/li>\n<li>Longueur : 14,6 cm<\/li>\n<\/ul>\n","protected":false},"excerpt":{"rendered":"<p>BAMBOO Nectar Collector QNUBU offre une facilit\u00e9 d&rsquo;utilisation et un contr\u00f4le sans pr\u00e9c\u00e9dent pour profiter de vos extraits ! Avec<\/p>\n","protected":false},"featured_media":129172,"comment_status":"open","ping_status":"closed","template":"","meta":[],"product_brand":[],"product_cat":[1175],"product_tag":[],"class_list":{"0":"post-129192","1":"product","2":"type-product","3":"status-publish","4":"has-post-thumbnail","6":"product_cat-seedshop","8":"first","9":"instock","10":"taxable","11":"shipping-taxable","12":"purchasable","13":"product-type-simple"},"aioseo_notices":[],"_links":{"self":[{"href":"https:\/\/www.budream.com\/fr\/wp-json\/wp\/v2\/product\/129192","targetHints":{"allow":["GET"]}}],"collection":[{"href":"https:\/\/www.budream.com\/fr\/wp-json\/wp\/v2\/product"}],"about":[{"href":"https:\/\/www.budream.com\/fr\/wp-json\/wp\/v2\/types\/product"}],"replies":[{"embeddable":true,"href":"https:\/\/www.budream.com\/fr\/wp-json\/wp\/v2\/comments?post=129192"}],"version-history":[{"count":1,"href":"https:\/\/www.budream.com\/fr\/wp-json\/wp\/v2\/product\/129192\/revisions"}],"predecessor-version":[{"id":262680,"href":"https:\/\/www.budream.com\/fr\/wp-json\/wp\/v2\/product\/129192\/revisions\/262680"}],"wp:featuredmedia":[{"embeddable":true,"href":"https:\/\/www.budream.com\/fr\/wp-json\/wp\/v2\/media\/129172"}],"wp:attachment":[{"href":"https:\/\/www.budream.com\/fr\/wp-json\/wp\/v2\/media?parent=129192"}],"wp:term":[{"taxonomy":"product_brand","embeddable":true,"href":"https:\/\/www.budream.com\/fr\/wp-json\/wp\/v2\/product_brand?post=129192"},{"taxonomy":"product_cat","embeddable":true,"href":"https:\/\/www.budream.com\/fr\/wp-json\/wp\/v2\/product_cat?post=129192"},{"taxonomy":"product_tag","embeddable":true,"href":"https:\/\/www.budream.com\/fr\/wp-json\/wp\/v2\/product_tag?post=129192"}],"curies":[{"name":"wp","href":"https:\/\/api.w.org\/{rel}","templated":true}]}}