{"id":129252,"date":"2025-07-30T22:12:15","date_gmt":"2025-07-30T20:12:15","guid":{"rendered":"https:\/\/www.budream.com\/shop\/qnubu-collecteur-de-nectar-en-silicone-colorado-avec-pointe-en-titane-14-cm\/"},"modified":"2026-05-13T13:59:15","modified_gmt":"2026-05-13T11:59:15","slug":"qnubu-collecteur-de-nectar-en-silicone-colorado-avec-pointe-en-titane-14-cm","status":"publish","type":"product","link":"https:\/\/www.budream.com\/fr\/shop\/qnubu-collecteur-de-nectar-en-silicone-colorado-avec-pointe-en-titane-14-cm\/","title":{"rendered":"QNUBU &#8211; COLLECTEUR DE NECTAR EN SILICONE &lsquo;COLORADO&rsquo; AVEC POINTE EN TITANE | 14 CM"},"content":{"rendered":"<p>\u00ab\u00a0COLORADO\u00a0\u00bb Nectar Collector <strong>QNUBU<\/strong> offre une facilit\u00e9 d&rsquo;utilisation et un contr\u00f4le sans pr\u00e9c\u00e9dent pour profiter de vos extraits !<\/p>\n<p>Avec les bongs traditionnels, il est facile de faire des erreurs et de gaspiller vos pr\u00e9cieux concentr\u00e9s. Ils n\u00e9cessitent \u00e9galement du temps et de l&rsquo;espace : tout cela est oubli\u00e9 avec le <strong>collecteur de nectar<\/strong> \u00ab\u00a0COLORADO\u00a0\u00bb !<br \/>Le collecteur de nectar \u00ab\u00a0COLORADO\u00a0\u00bb vous permet d&rsquo;acc\u00e9l\u00e9rer et de faciliter vos sessions !<\/p>\n<p>Il suffit de chauffer l&#8217;embout en titane, de le plonger dans votre extrait et de tirer !<\/p>\n<h2><span style=\"text-decoration: underline\">QNUBU NECTAR COLLECTOR \u00ab\u00a0COLORADO\u00a0\u00bb : <\/span><\/h2>\n<ul style=\"list-style-type: disc\">\n<li>Embout en titane ;<\/li>\n<li>collecteur de nectar en silicone \u00ab\u00a0COLORADO\u00a0\u00bb ;<\/li>\n<li>couleurs assorties ;<strong><br \/><\/strong><\/li>\n<li>Longueur 14 cm ;<\/li>\n<\/ul>\n","protected":false},"excerpt":{"rendered":"<p>\u00ab\u00a0COLORADO\u00a0\u00bb Nectar Collector QNUBU offre une facilit\u00e9 d&rsquo;utilisation et un contr\u00f4le sans pr\u00e9c\u00e9dent pour profiter de vos extraits ! Avec<\/p>\n","protected":false},"featured_media":129227,"comment_status":"open","ping_status":"closed","template":"","meta":[],"product_brand":[],"product_cat":[7951],"product_tag":[],"class_list":{"0":"post-129252","1":"product","2":"type-product","3":"status-publish","4":"has-post-thumbnail","6":"product_cat-magasin-de-graines","8":"first","9":"instock","10":"sale","11":"taxable","12":"shipping-taxable","13":"purchasable","14":"product-type-simple"},"aioseo_notices":[],"_links":{"self":[{"href":"https:\/\/www.budream.com\/fr\/wp-json\/wp\/v2\/product\/129252","targetHints":{"allow":["GET"]}}],"collection":[{"href":"https:\/\/www.budream.com\/fr\/wp-json\/wp\/v2\/product"}],"about":[{"href":"https:\/\/www.budream.com\/fr\/wp-json\/wp\/v2\/types\/product"}],"replies":[{"embeddable":true,"href":"https:\/\/www.budream.com\/fr\/wp-json\/wp\/v2\/comments?post=129252"}],"version-history":[{"count":1,"href":"https:\/\/www.budream.com\/fr\/wp-json\/wp\/v2\/product\/129252\/revisions"}],"predecessor-version":[{"id":262690,"href":"https:\/\/www.budream.com\/fr\/wp-json\/wp\/v2\/product\/129252\/revisions\/262690"}],"wp:featuredmedia":[{"embeddable":true,"href":"https:\/\/www.budream.com\/fr\/wp-json\/wp\/v2\/media\/129227"}],"wp:attachment":[{"href":"https:\/\/www.budream.com\/fr\/wp-json\/wp\/v2\/media?parent=129252"}],"wp:term":[{"taxonomy":"product_brand","embeddable":true,"href":"https:\/\/www.budream.com\/fr\/wp-json\/wp\/v2\/product_brand?post=129252"},{"taxonomy":"product_cat","embeddable":true,"href":"https:\/\/www.budream.com\/fr\/wp-json\/wp\/v2\/product_cat?post=129252"},{"taxonomy":"product_tag","embeddable":true,"href":"https:\/\/www.budream.com\/fr\/wp-json\/wp\/v2\/product_tag?post=129252"}],"curies":[{"name":"wp","href":"https:\/\/api.w.org\/{rel}","templated":true}]}}