{"id":129312,"date":"2025-07-30T22:15:15","date_gmt":"2025-07-30T20:15:15","guid":{"rendered":"https:\/\/www.budream.com\/shop\/qnubu-presse-a-rosin-hydraulique-pro-lion-20ton-double-plateau-76x25cm-et-15x20cm\/"},"modified":"2026-05-13T14:01:09","modified_gmt":"2026-05-13T12:01:09","slug":"qnubu-presse-a-rosin-hydraulique-pro-lion-20ton-double-plateau-76x25cm-et-15x20cm","status":"publish","type":"product","link":"https:\/\/www.budream.com\/fr\/shop\/qnubu-presse-a-rosin-hydraulique-pro-lion-20ton-double-plateau-76x25cm-et-15x20cm\/","title":{"rendered":"QNUBU &#8211; PRESSE A ROSIN HYDRAULIQUE PRO LION | 20TON DOUBLE PLATEAU 7,6x25cm ET 15x20cm"},"content":{"rendered":"<h2><strong>Presse hydraulique Qnubu pour l&rsquo;extraction de la colophane<\/strong><\/h2>\n<p>L&rsquo;extraction de la colophane a \u00e9t\u00e9 la premi\u00e8re \u00e0 d\u00e9couvrir qu&rsquo;en atteignant la temp\u00e9rature appropri\u00e9e, il est possible d&rsquo;extraire jusqu&rsquo;\u00e0 80 % des principes actifs de la plante.<\/p>\n<p>La technique est tr\u00e8s simple, puisqu&rsquo;elle consiste \u00e0 exercer une pression sur un bourgeon plac\u00e9 entre les cartes afin qu&rsquo;il soit fermement press\u00e9 entre l&rsquo;aluminium chaud des plaques.<\/p>\n<p>Une fois le sachet ouvert, vous trouverez la r\u00e9sine attach\u00e9e, ce qui est on ne peut plus pratique.<\/p>\n<p><strong>La plaque est <\/strong>rotative <strong>: <\/strong>elle peut \u00eatre tourn\u00e9e pour faciliter la sortie de vos extractions.<\/p>\n<p><strong>ATTENTION : La presse hydraulique professionnelle de 20 tonnes est maintenant vendue avec 2 paires de plaques chauffantes : 7.6x25cm et 15x20cm.<\/strong><\/p>\n<h2><strong><br \/>Caract\u00e9ristiques techniques de la presse Pro Lion Qnubu 20 tonnes :<\/strong><\/h2>\n<ul style=\"list-style-type: disc\">\n<li>Pression : 20 tonnes<\/li>\n<li>Plaque : deux plaques incluses : 7.6x25cm et 15x20cm<\/li>\n<li>Minuterie 0-999sec &#8211; Avertissement sonore<\/li>\n<li>Volt : 220V<\/li>\n<li>Consommation : 1400W\/h<\/li>\n<li>Poids : 60Kg<\/li>\n<\/ul>\n<p>Sp\u00e9cialement con\u00e7u pour extraire les huiles et les r\u00e9sines sans utiliser de solvants, mais simplement par pression et chauffage.<\/p>\n","protected":false},"excerpt":{"rendered":"<p>Presse hydraulique Qnubu pour l&rsquo;extraction de la colophane L&rsquo;extraction de la colophane a \u00e9t\u00e9 la premi\u00e8re \u00e0 d\u00e9couvrir qu&rsquo;en atteignant<\/p>\n","protected":false},"featured_media":129287,"comment_status":"open","ping_status":"closed","template":"","meta":[],"product_brand":[],"product_cat":[7949],"product_tag":[],"class_list":{"0":"post-129312","1":"product","2":"type-product","3":"status-publish","4":"has-post-thumbnail","6":"product_cat-headshop-fr","8":"first","9":"instock","10":"taxable","11":"shipping-taxable","12":"purchasable","13":"product-type-simple"},"aioseo_notices":[],"_links":{"self":[{"href":"https:\/\/www.budream.com\/fr\/wp-json\/wp\/v2\/product\/129312","targetHints":{"allow":["GET"]}}],"collection":[{"href":"https:\/\/www.budream.com\/fr\/wp-json\/wp\/v2\/product"}],"about":[{"href":"https:\/\/www.budream.com\/fr\/wp-json\/wp\/v2\/types\/product"}],"replies":[{"embeddable":true,"href":"https:\/\/www.budream.com\/fr\/wp-json\/wp\/v2\/comments?post=129312"}],"version-history":[{"count":1,"href":"https:\/\/www.budream.com\/fr\/wp-json\/wp\/v2\/product\/129312\/revisions"}],"predecessor-version":[{"id":262705,"href":"https:\/\/www.budream.com\/fr\/wp-json\/wp\/v2\/product\/129312\/revisions\/262705"}],"wp:featuredmedia":[{"embeddable":true,"href":"https:\/\/www.budream.com\/fr\/wp-json\/wp\/v2\/media\/129287"}],"wp:attachment":[{"href":"https:\/\/www.budream.com\/fr\/wp-json\/wp\/v2\/media?parent=129312"}],"wp:term":[{"taxonomy":"product_brand","embeddable":true,"href":"https:\/\/www.budream.com\/fr\/wp-json\/wp\/v2\/product_brand?post=129312"},{"taxonomy":"product_cat","embeddable":true,"href":"https:\/\/www.budream.com\/fr\/wp-json\/wp\/v2\/product_cat?post=129312"},{"taxonomy":"product_tag","embeddable":true,"href":"https:\/\/www.budream.com\/fr\/wp-json\/wp\/v2\/product_tag?post=129312"}],"curies":[{"name":"wp","href":"https:\/\/api.w.org\/{rel}","templated":true}]}}