{"id":129347,"date":"2025-07-30T22:15:57","date_gmt":"2025-07-30T20:15:57","guid":{"rendered":"https:\/\/www.budream.com\/shop\/qnubu-presse-automatique-a-rosin-lion-20ton-double-plateau-76x25cm-et-15x20cm\/"},"modified":"2026-05-12T11:02:45","modified_gmt":"2026-05-12T09:02:45","slug":"qnubu-presse-automatique-a-rosin-lion-20ton-double-plateau-76x25cm-et-15x20cm","status":"publish","type":"product","link":"https:\/\/www.budream.com\/fr\/shop\/qnubu-presse-automatique-a-rosin-lion-20ton-double-plateau-76x25cm-et-15x20cm\/","title":{"rendered":"QNUBU &#8211; PRESSE AUTOMATIQUE A ROSIN LION | 20TON DOUBLE PLATEAU 7,6x25cm ET 15x20cm"},"content":{"rendered":"<p>Rosin a \u00e9t\u00e9 le premier \u00e0 d\u00e9couvrir qu&rsquo;en atteignant la temp\u00e9rature appropri\u00e9e, il est possible d&rsquo;extraire jusqu&rsquo;\u00e0 80 % des principes actifs de la plante.<\/p>\n<p>La technique est tr\u00e8s simple, puisqu&rsquo;elle consiste \u00e0 exercer une pression sur un bourgeon plac\u00e9 entre les cartes afin qu&rsquo;il soit press\u00e9 fermement entre l&rsquo;aluminium chaud des plaques.<\/p>\n<p>Une fois le sachet ouvert, vous trouverez la r\u00e9sine attach\u00e9e, ce qui est on ne peut plus pratique.<\/p>\n<p><strong>ATTENTION : Le Professional Automatic 20ton Press est d\u00e9sormais vendu avec 2 paires de plaques chauffantes : 7.6x25cm et 15x20cm.<\/strong><\/p>\n<h2><strong><span style=\"text-decoration: underline\">Sp\u00e9cifications techniques Auto LION Qnubu 20 ton :<\/span><\/strong><\/h2>\n<ul style=\"list-style-type: disc\">\n<li>Pression : 20 tonnes<\/li>\n<li>Plaque : deux plaques incluses : 7.6x25cm et 15x20cm<\/li>\n<li>TIimer 0-999sec &#8211; Avertissement sonore<\/li>\n<li>Volt : 220V<\/li>\n<li>Consommation : 2200W<\/li>\n<li>Poids : 91Kg<\/li>\n<\/ul>\n<p>Sp\u00e9cialement con\u00e7u pour extraire les huiles et les r\u00e9sines sans utiliser de solvants, mais simplement par pression et chauffage.<\/p>\n","protected":false},"excerpt":{"rendered":"<p>Rosin a \u00e9t\u00e9 le premier \u00e0 d\u00e9couvrir qu&rsquo;en atteignant la temp\u00e9rature appropri\u00e9e, il est possible d&rsquo;extraire jusqu&rsquo;\u00e0 80 % des<\/p>\n","protected":false},"featured_media":129317,"comment_status":"open","ping_status":"closed","template":"","meta":[],"product_brand":[],"product_cat":[7949],"product_tag":[],"class_list":{"0":"post-129347","1":"product","2":"type-product","3":"status-publish","4":"has-post-thumbnail","6":"product_cat-headshop-fr","8":"first","9":"instock","10":"taxable","11":"shipping-taxable","12":"purchasable","13":"product-type-simple"},"aioseo_notices":[],"_links":{"self":[{"href":"https:\/\/www.budream.com\/fr\/wp-json\/wp\/v2\/product\/129347","targetHints":{"allow":["GET"]}}],"collection":[{"href":"https:\/\/www.budream.com\/fr\/wp-json\/wp\/v2\/product"}],"about":[{"href":"https:\/\/www.budream.com\/fr\/wp-json\/wp\/v2\/types\/product"}],"replies":[{"embeddable":true,"href":"https:\/\/www.budream.com\/fr\/wp-json\/wp\/v2\/comments?post=129347"}],"version-history":[{"count":1,"href":"https:\/\/www.budream.com\/fr\/wp-json\/wp\/v2\/product\/129347\/revisions"}],"predecessor-version":[{"id":268413,"href":"https:\/\/www.budream.com\/fr\/wp-json\/wp\/v2\/product\/129347\/revisions\/268413"}],"wp:featuredmedia":[{"embeddable":true,"href":"https:\/\/www.budream.com\/fr\/wp-json\/wp\/v2\/media\/129317"}],"wp:attachment":[{"href":"https:\/\/www.budream.com\/fr\/wp-json\/wp\/v2\/media?parent=129347"}],"wp:term":[{"taxonomy":"product_brand","embeddable":true,"href":"https:\/\/www.budream.com\/fr\/wp-json\/wp\/v2\/product_brand?post=129347"},{"taxonomy":"product_cat","embeddable":true,"href":"https:\/\/www.budream.com\/fr\/wp-json\/wp\/v2\/product_cat?post=129347"},{"taxonomy":"product_tag","embeddable":true,"href":"https:\/\/www.budream.com\/fr\/wp-json\/wp\/v2\/product_tag?post=129347"}],"curies":[{"name":"wp","href":"https:\/\/api.w.org\/{rel}","templated":true}]}}