{"id":129357,"date":"2025-07-30T22:16:26","date_gmt":"2025-07-30T20:16:26","guid":{"rendered":"https:\/\/www.budream.com\/shop\/ueber-aphido-spray-bio-750ml\/"},"modified":"2026-05-13T14:02:12","modified_gmt":"2026-05-13T12:02:12","slug":"ueber-aphido-spray-bio-750ml","status":"publish","type":"product","link":"https:\/\/www.budream.com\/fr\/shop\/ueber-aphido-spray-bio-750ml\/","title":{"rendered":"UEBER &#8211; APHIDO SPRAY BIO | 750ml"},"content":{"rendered":"<h2><strong>Extrait de plante \u00e0 base de rutac\u00e9es.<\/strong><\/h2>\n<p class=\"p1\">Produit de pointe, favorisant un d\u00e9veloppement ad\u00e9quat et luxuriant des plantes.<\/p>\n<p class=\"p1\">Gr\u00e2ce \u00e0 sa formulation sp\u00e9ciale, le produit est utilis\u00e9 dans la lutte indirecte contre les pucerons, les Aleurodidae, les Thrips et les Psilles.<\/p>\n<p class=\"p1\">Les composants du produit exercent une action r\u00e9pulsive sur les insectes pr\u00e9sents dans le sol ou sur la v\u00e9g\u00e9tation. De cette mani\u00e8re, les parasites ne se nourrissent pas et sont \u00e9limin\u00e9s des zones trait\u00e9es de mani\u00e8re naturelle et en l&rsquo;absence totale de r\u00e9sidus.<\/p>\n<p><strong><br \/>Traitement pour :<\/strong> contr\u00f4le des pucerons, Aleurodidae, Thrips et Psilla.<\/p>\n","protected":false},"excerpt":{"rendered":"<p>Extrait de plante \u00e0 base de rutac\u00e9es. Produit de pointe, favorisant un d\u00e9veloppement ad\u00e9quat et luxuriant des plantes. Gr\u00e2ce \u00e0<\/p>\n","protected":false},"featured_media":129352,"comment_status":"open","ping_status":"closed","template":"","meta":[],"product_brand":[],"product_cat":[7928],"product_tag":[],"class_list":{"0":"post-129357","1":"product","2":"type-product","3":"status-publish","4":"has-post-thumbnail","6":"product_cat-antiparasitaires-et-defense","8":"first","9":"outofstock","10":"taxable","11":"shipping-taxable","12":"purchasable","13":"product-type-simple"},"aioseo_notices":[],"_links":{"self":[{"href":"https:\/\/www.budream.com\/fr\/wp-json\/wp\/v2\/product\/129357","targetHints":{"allow":["GET"]}}],"collection":[{"href":"https:\/\/www.budream.com\/fr\/wp-json\/wp\/v2\/product"}],"about":[{"href":"https:\/\/www.budream.com\/fr\/wp-json\/wp\/v2\/types\/product"}],"replies":[{"embeddable":true,"href":"https:\/\/www.budream.com\/fr\/wp-json\/wp\/v2\/comments?post=129357"}],"version-history":[{"count":1,"href":"https:\/\/www.budream.com\/fr\/wp-json\/wp\/v2\/product\/129357\/revisions"}],"predecessor-version":[{"id":270059,"href":"https:\/\/www.budream.com\/fr\/wp-json\/wp\/v2\/product\/129357\/revisions\/270059"}],"wp:featuredmedia":[{"embeddable":true,"href":"https:\/\/www.budream.com\/fr\/wp-json\/wp\/v2\/media\/129352"}],"wp:attachment":[{"href":"https:\/\/www.budream.com\/fr\/wp-json\/wp\/v2\/media?parent=129357"}],"wp:term":[{"taxonomy":"product_brand","embeddable":true,"href":"https:\/\/www.budream.com\/fr\/wp-json\/wp\/v2\/product_brand?post=129357"},{"taxonomy":"product_cat","embeddable":true,"href":"https:\/\/www.budream.com\/fr\/wp-json\/wp\/v2\/product_cat?post=129357"},{"taxonomy":"product_tag","embeddable":true,"href":"https:\/\/www.budream.com\/fr\/wp-json\/wp\/v2\/product_tag?post=129357"}],"curies":[{"name":"wp","href":"https:\/\/api.w.org\/{rel}","templated":true}]}}