{"id":129367,"date":"2025-07-30T22:16:54","date_gmt":"2025-07-30T20:16:54","guid":{"rendered":"https:\/\/www.budream.com\/shop\/vdl-forest-keeper-pompe-de-dos-avec-batterie-5l\/"},"modified":"2025-12-29T16:58:42","modified_gmt":"2025-12-29T14:58:42","slug":"vdl-forest-keeper-pompe-de-dos-avec-batterie-5l","status":"publish","type":"product","link":"https:\/\/www.budream.com\/fr\/shop\/vdl-forest-keeper-pompe-de-dos-avec-batterie-5l\/","title":{"rendered":"VDL &#8211; FOREST KEEPER POMPE DE DOS AVEC BATTERIE | 5l"},"content":{"rendered":"<p>La pompe \u00e0 dos <strong>Forest 5 Keeper<\/strong> est un pulv\u00e9risateur \u00e9lectronique d&rsquo;une autonomie de 120 min, sp\u00e9cialement con\u00e7u pour l&rsquo;application de liquides tels que les pesticides, les herbicides ou l&rsquo;irrigation.<\/p>\n<p>Chargement par connexion USB (incluse), avec t\u00e9moin lumineux.<\/p>\n<p>La lance est en acier inoxydable, ce qui garantit une longue dur\u00e9e de vie sans endommager le produit \u00e0 appliquer. Elle est dot\u00e9e d&rsquo;une buse r\u00e9glable.<\/p>\n<p>Un pulv\u00e9risateur confortable \u00e0 utiliser, gr\u00e2ce \u00e0 sa bandouli\u00e8re rembourr\u00e9e qui permet de le charger sans probl\u00e8me.<\/p>\n<h2>Caract\u00e9ristiques techniques Pompe \u00e0 dos Forest 5 :<\/h2>\n<div class=\"row att-row\">\n<div class=\"col-6\">\n<ul style=\"list-style-type: disc\">\n<li>Capacit\u00e9 (L) 5<\/li>\n<li>Dimensions (cm) 239x141x408<\/li>\n<li>Poids (kg) 1<\/li>\n<li>Mat\u00e9riau Acier inoxydable<\/li>\n<li>Pression maximale 2 bar<\/li>\n<li>Autonomie de la batterie (h) Deux<\/li>\n<\/ul>\n<\/div>\n<\/div>\n","protected":false},"excerpt":{"rendered":"<p>La pompe \u00e0 dos Forest 5 Keeper est un pulv\u00e9risateur \u00e9lectronique d&rsquo;une autonomie de 120 min, sp\u00e9cialement con\u00e7u pour l&rsquo;application<\/p>\n","protected":false},"featured_media":129362,"comment_status":"open","ping_status":"closed","template":"","meta":[],"product_brand":[],"product_cat":[7928],"product_tag":[],"class_list":{"0":"post-129367","1":"product","2":"type-product","3":"status-publish","4":"has-post-thumbnail","6":"product_cat-antiparasitaires-et-defense","8":"first","9":"outofstock","10":"taxable","11":"shipping-taxable","12":"purchasable","13":"product-type-simple"},"aioseo_notices":[],"_links":{"self":[{"href":"https:\/\/www.budream.com\/fr\/wp-json\/wp\/v2\/product\/129367","targetHints":{"allow":["GET"]}}],"collection":[{"href":"https:\/\/www.budream.com\/fr\/wp-json\/wp\/v2\/product"}],"about":[{"href":"https:\/\/www.budream.com\/fr\/wp-json\/wp\/v2\/types\/product"}],"replies":[{"embeddable":true,"href":"https:\/\/www.budream.com\/fr\/wp-json\/wp\/v2\/comments?post=129367"}],"version-history":[{"count":0,"href":"https:\/\/www.budream.com\/fr\/wp-json\/wp\/v2\/product\/129367\/revisions"}],"wp:featuredmedia":[{"embeddable":true,"href":"https:\/\/www.budream.com\/fr\/wp-json\/wp\/v2\/media\/129362"}],"wp:attachment":[{"href":"https:\/\/www.budream.com\/fr\/wp-json\/wp\/v2\/media?parent=129367"}],"wp:term":[{"taxonomy":"product_brand","embeddable":true,"href":"https:\/\/www.budream.com\/fr\/wp-json\/wp\/v2\/product_brand?post=129367"},{"taxonomy":"product_cat","embeddable":true,"href":"https:\/\/www.budream.com\/fr\/wp-json\/wp\/v2\/product_cat?post=129367"},{"taxonomy":"product_tag","embeddable":true,"href":"https:\/\/www.budream.com\/fr\/wp-json\/wp\/v2\/product_tag?post=129367"}],"curies":[{"name":"wp","href":"https:\/\/api.w.org\/{rel}","templated":true}]}}