{"id":129382,"date":"2025-07-30T22:18:06","date_gmt":"2025-07-30T20:18:06","guid":{"rendered":"https:\/\/www.budream.com\/shop\/presseur-magnetique-super-acier-23x93mm\/"},"modified":"2026-05-13T14:06:03","modified_gmt":"2026-05-13T12:06:03","slug":"presseur-magnetique-super-acier-23x93mm","status":"publish","type":"product","link":"https:\/\/www.budream.com\/fr\/shop\/presseur-magnetique-super-acier-23x93mm\/","title":{"rendered":"PRESSEUR MAGN\u00c9TIQUE SUPER ACIER | 23X93MM"},"content":{"rendered":"<p>Presse \u00e0 double manivelle avec accouplement magn\u00e9tique \u00e0 trois \u00e9tages. Utile pour compacter et presser vos extractions de criblures s\u00e8ches.<\/p>\n<p>diam\u00e8tre : 23mm<br \/>longueur : 93mm<\/p>\n","protected":false},"excerpt":{"rendered":"<p>Presse \u00e0 double manivelle avec accouplement magn\u00e9tique \u00e0 trois \u00e9tages. Utile pour compacter et presser vos extractions de criblures s\u00e8ches.<\/p>\n","protected":false},"featured_media":129372,"comment_status":"open","ping_status":"closed","template":"","meta":[],"product_brand":[],"product_cat":[7949],"product_tag":[],"class_list":{"0":"post-129382","1":"product","2":"type-product","3":"status-publish","4":"has-post-thumbnail","6":"product_cat-headshop-fr","8":"first","9":"outofstock","10":"taxable","11":"shipping-taxable","12":"purchasable","13":"product-type-simple"},"aioseo_notices":[],"_links":{"self":[{"href":"https:\/\/www.budream.com\/fr\/wp-json\/wp\/v2\/product\/129382","targetHints":{"allow":["GET"]}}],"collection":[{"href":"https:\/\/www.budream.com\/fr\/wp-json\/wp\/v2\/product"}],"about":[{"href":"https:\/\/www.budream.com\/fr\/wp-json\/wp\/v2\/types\/product"}],"replies":[{"embeddable":true,"href":"https:\/\/www.budream.com\/fr\/wp-json\/wp\/v2\/comments?post=129382"}],"version-history":[{"count":0,"href":"https:\/\/www.budream.com\/fr\/wp-json\/wp\/v2\/product\/129382\/revisions"}],"wp:featuredmedia":[{"embeddable":true,"href":"https:\/\/www.budream.com\/fr\/wp-json\/wp\/v2\/media\/129372"}],"wp:attachment":[{"href":"https:\/\/www.budream.com\/fr\/wp-json\/wp\/v2\/media?parent=129382"}],"wp:term":[{"taxonomy":"product_brand","embeddable":true,"href":"https:\/\/www.budream.com\/fr\/wp-json\/wp\/v2\/product_brand?post=129382"},{"taxonomy":"product_cat","embeddable":true,"href":"https:\/\/www.budream.com\/fr\/wp-json\/wp\/v2\/product_cat?post=129382"},{"taxonomy":"product_tag","embeddable":true,"href":"https:\/\/www.budream.com\/fr\/wp-json\/wp\/v2\/product_tag?post=129382"}],"curies":[{"name":"wp","href":"https:\/\/api.w.org\/{rel}","templated":true}]}}