{"id":129437,"date":"2025-07-30T22:18:36","date_gmt":"2025-07-30T20:18:36","guid":{"rendered":"https:\/\/www.budream.com\/shop\/grenco-science-gpen-roam-vaporisateur-pour-extraits\/"},"modified":"2025-12-23T21:28:56","modified_gmt":"2025-12-23T19:28:56","slug":"grenco-science-gpen-roam-vaporisateur-pour-extraits","status":"publish","type":"product","link":"https:\/\/www.budream.com\/fr\/shop\/grenco-science-gpen-roam-vaporisateur-pour-extraits\/","title":{"rendered":"GRENCO SCIENCE &#8211; GPEN ROAM | VAPORISATEUR POUR EXTRAITS"},"content":{"rendered":"<p>GRENCO Science pr\u00e9sente <strong>Gpen Roam<\/strong>, un vaporisateur portable tout-en-un, intuitivement con\u00e7u pour fournir une vaporisation d&rsquo;extraits avec un filtre \u00e0 eau int\u00e9gr\u00e9.<br \/><strong><strong><br \/><\/strong><\/strong><\/p>\n<h3><span style=\"text-decoration: underline\">Bulleur int\u00e9gr\u00e9<\/span><\/h3>\n<p>\u00c9quip\u00e9 d&rsquo;un bulleur en verre borosilicat\u00e9 amovible et \u00e9tanche, qui filtre la vapeur et la rafra\u00eechit, la vaporisation d&rsquo;extraits ne sera plus jamais la m\u00eame ! Complet avec un r\u00e9servoir <strong>100 % quartz<\/strong> et une puissante batterie lithium-ion de 1 300 mAh.<strong><strong><\/p>\n<p><\/strong><\/strong><\/p>\n<h3><span style=\"text-decoration: underline\">G\u00e9rez votre temp\u00e9rature<\/span><\/h3>\n<p>La Gpen Roam <strong>s&rsquo;adapte aux go\u00fbts et aux pr\u00e9f\u00e9rences de chaleur de chaque utilisateur<\/strong> gr\u00e2ce \u00e0 un contr\u00f4le num\u00e9rique de la temp\u00e9rature ( 204&deg;- 425&deg; C ) et \u00e0 un \u00e9cran LED facile \u00e0 lire, ainsi qu&rsquo;\u00e0 une fonction de retour tactile (vibration) qui indique quand l&rsquo;appareil est pr\u00eat \u00e0 l&#8217;emploi.<br \/>Le Gpen Roam atteint la temp\u00e9rature r\u00e9gl\u00e9e en quelques secondes seulement, pour offrir des bouff\u00e9es douces et savoureuses, rapidement et facilement.<\/p>\n<h3><span style=\"text-decoration: underline\">R\u00e9servoir \u00e0 quartz<\/span><\/h3>\n<p>Le r\u00e9servoir en quartz du Roam ne se contente pas de chauffer plus rapidement, il fait aussi un travail fantastique en rehaussant la saveur de votre produit, m\u00eame \u00e0 une<strong>temp\u00e9rature \u00e9lev\u00e9e de<\/strong> 315&deg;C \u00e0 425&deg;C.<br \/>Con\u00e7u dans un souci de portabilit\u00e9 discr\u00e8te, le Roam est envelopp\u00e9 dans une coque en alliage d&rsquo;aluminium l\u00e9g\u00e8re mais durable qui prot\u00e8ge enti\u00e8rement le r\u00e9servoir en quartz et le bulleur en verre.<\/p>\n<p> La technologie de passage permet d&rsquo;utiliser l&rsquo;appareil tout en \u00e9tant branch\u00e9, et toutes les pi\u00e8ces de l&rsquo;utilisateur peuvent \u00eatre<strong> facilement retir\u00e9es et nettoy\u00e9es<\/strong>. Le G Pen Roam se recharge rapidement, peut \u00eatre utilis\u00e9 pendant le processus de charge et reste en vie pendant une journ\u00e9e enti\u00e8re.<br \/>Chaque kit complet G Pen Roam est livr\u00e9 dans un <strong>\u00e9tui de voyage en chanvre<\/strong> pouvant contenir deux bo\u00eetes de concentr\u00e9s et une pochette d&rsquo;accessoires comprenant un c\u00e2ble de charge micro USB et un dabber GPen pour charger les concentr\u00e9s.<\/p>\n<h2><span style=\"text-decoration: underline\">Caract\u00e9ristiques Gpen Roam<\/span>:<\/h2>\n<ul style=\"list-style-type: disc\">\n<li>vaporisateur pour extraits ;<\/li>\n<li>bubbler int\u00e9gr\u00e9 ;<\/li>\n<li>contr\u00f4le num\u00e9rique de la temp\u00e9rature ;<\/li>\n<li>affichage LED ;<\/li>\n<li>chambre de vaporisation en quartz ;<\/li>\n<li>gamme de temp\u00e9ratures \u00e9lev\u00e9es ;<\/li>\n<\/ul>\n<p><span style=\"font-size: 14pt\"><span style=\"text-decoration: underline\"><br \/><strong>Contenu de la bo\u00eete<\/strong><\/span><strong>:<\/strong><br \/><\/span><\/p>\n<ul style=\"list-style-type: disc\">\n<li>1x GPen Roam<\/li>\n<li>1x r\u00e9servoir en quartz<\/li>\n<li>1x Couvercle de r\u00e9servoir<\/li>\n<li>1x embout buccal<\/li>\n<li>1x bulleur en verre<\/li>\n<li>1x c\u00e2ble de charge Micro-USB<\/li>\n<li>1x \u00e9tui de voyage<\/li>\n<li>1x dabber GPEN<\/li>\n<\/ul>\n","protected":false},"excerpt":{"rendered":"<p>GRENCO Science pr\u00e9sente Gpen Roam, un vaporisateur portable tout-en-un, intuitivement con\u00e7u pour fournir une vaporisation d&rsquo;extraits avec un filtre \u00e0<\/p>\n","protected":false},"featured_media":129387,"comment_status":"open","ping_status":"closed","template":"","meta":[],"product_brand":[],"product_cat":[7910],"product_tag":[],"class_list":{"0":"post-129437","1":"product","2":"type-product","3":"status-publish","4":"has-post-thumbnail","6":"product_cat-vaporisateurs","8":"first","9":"instock","10":"taxable","11":"shipping-taxable","12":"purchasable","13":"product-type-simple"},"aioseo_notices":[],"_links":{"self":[{"href":"https:\/\/www.budream.com\/fr\/wp-json\/wp\/v2\/product\/129437","targetHints":{"allow":["GET"]}}],"collection":[{"href":"https:\/\/www.budream.com\/fr\/wp-json\/wp\/v2\/product"}],"about":[{"href":"https:\/\/www.budream.com\/fr\/wp-json\/wp\/v2\/types\/product"}],"replies":[{"embeddable":true,"href":"https:\/\/www.budream.com\/fr\/wp-json\/wp\/v2\/comments?post=129437"}],"version-history":[{"count":0,"href":"https:\/\/www.budream.com\/fr\/wp-json\/wp\/v2\/product\/129437\/revisions"}],"wp:featuredmedia":[{"embeddable":true,"href":"https:\/\/www.budream.com\/fr\/wp-json\/wp\/v2\/media\/129387"}],"wp:attachment":[{"href":"https:\/\/www.budream.com\/fr\/wp-json\/wp\/v2\/media?parent=129437"}],"wp:term":[{"taxonomy":"product_brand","embeddable":true,"href":"https:\/\/www.budream.com\/fr\/wp-json\/wp\/v2\/product_brand?post=129437"},{"taxonomy":"product_cat","embeddable":true,"href":"https:\/\/www.budream.com\/fr\/wp-json\/wp\/v2\/product_cat?post=129437"},{"taxonomy":"product_tag","embeddable":true,"href":"https:\/\/www.budream.com\/fr\/wp-json\/wp\/v2\/product_tag?post=129437"}],"curies":[{"name":"wp","href":"https:\/\/api.w.org\/{rel}","templated":true}]}}