{"id":129487,"date":"2025-07-30T22:23:47","date_gmt":"2025-07-30T20:23:47","guid":{"rendered":"https:\/\/www.budream.com\/shop\/epoca-nebuliseur-a-pompe-a-pression-epoca-2000\/"},"modified":"2026-03-16T16:51:28","modified_gmt":"2026-03-16T14:51:28","slug":"epoca-nebuliseur-a-pompe-a-pression-epoca-2000","status":"publish","type":"product","link":"https:\/\/www.budream.com\/fr\/shop\/epoca-nebuliseur-a-pompe-a-pression-epoca-2000\/","title":{"rendered":"EPOCA &#8211; N\u00c9BULISEUR \u00c0 POMPE \u00c0 PRESSION EPOCA 2000"},"content":{"rendered":"<p>capacit\u00e9 totale ml 2lt<br \/>capacit\u00e9 de fonctionnement 1.8lt<\/p>\n<p>est une pompe \u00e0 pression avec une buse r\u00e9glable en laiton. Elle convient \u00e0 la pulv\u00e9risation de produits phytosanitaires.<\/p>\n<p><strong>Les nouvelles pompes \u00e0 pression de la s\u00e9rie Epoca 2000<\/strong>, sp\u00e9cialement con\u00e7ues pour la pulv\u00e9risation d&rsquo;eau, de solutions d&rsquo;engrais et de produits phytosanitaires, <strong>permettent d&rsquo;utiliser le pulv\u00e9risateur \u00e0 l&rsquo;envers pour effectuer commod\u00e9ment les traitements sous les feuilles.<\/strong><\/p>\n<p>La particularit\u00e9 de ces pompes est qu&rsquo;une fois la solution \u00e0 pulv\u00e9riser introduite, il est n\u00e9cessaire de pomper l&rsquo;air \u00e0 l&rsquo;int\u00e9rieur \u00e0 l&rsquo;aide d&rsquo;un levier sp\u00e9cial. Une fois cette op\u00e9ration \u00e9l\u00e9mentaire accomplie, il suffit d&rsquo;appuyer sur le bouton de distribution pour n\u00e9buliser la solution contenue. \u00c9quip\u00e9 d&rsquo;une buse r\u00e9glable permettant d&rsquo;\u00e9largir ou de r\u00e9duire le d\u00e9bit de la solution distribu\u00e9e.<\/p>\n<h2><span style=\"text-decoration: underline\"><strong><br \/>Caract\u00e9ristiques techniques de la pompe \u00e0 pression Galaxy 2000 :<\/strong><\/span><\/h2>\n<ul style=\"list-style-type: disc\">\n<li>Capacit\u00e9 totale ml 2000<\/li>\n<li>Joint NBR<\/li>\n<li>Buse r\u00e9glable en laiton<\/li>\n<li>Soupape de s\u00e9curit\u00e9 oui<\/li>\n<li>Pression max. bar 3.00<\/li>\n<li>Tige de pompage en m\u00e9tal<\/li>\n<li>Emballage en vrac<\/li>\n<li>Plus bouchon de protection pour la bouteille<\/li>\n<li>Possibilit\u00e9 de distribution \u00e0 360&deg; Conception ergonomique<\/li>\n<\/ul>\n","protected":false},"excerpt":{"rendered":"<p>capacit\u00e9 totale ml 2ltcapacit\u00e9 de fonctionnement 1.8lt est une pompe \u00e0 pression avec une buse r\u00e9glable en laiton. Elle convient<\/p>\n","protected":false},"featured_media":129482,"comment_status":"open","ping_status":"closed","template":"","meta":[],"product_brand":[],"product_cat":[7928],"product_tag":[],"class_list":{"0":"post-129487","1":"product","2":"type-product","3":"status-publish","4":"has-post-thumbnail","6":"product_cat-antiparasitaires-et-defense","8":"first","9":"instock","10":"taxable","11":"shipping-taxable","12":"purchasable","13":"product-type-simple"},"aioseo_notices":[],"_links":{"self":[{"href":"https:\/\/www.budream.com\/fr\/wp-json\/wp\/v2\/product\/129487","targetHints":{"allow":["GET"]}}],"collection":[{"href":"https:\/\/www.budream.com\/fr\/wp-json\/wp\/v2\/product"}],"about":[{"href":"https:\/\/www.budream.com\/fr\/wp-json\/wp\/v2\/types\/product"}],"replies":[{"embeddable":true,"href":"https:\/\/www.budream.com\/fr\/wp-json\/wp\/v2\/comments?post=129487"}],"version-history":[{"count":0,"href":"https:\/\/www.budream.com\/fr\/wp-json\/wp\/v2\/product\/129487\/revisions"}],"wp:featuredmedia":[{"embeddable":true,"href":"https:\/\/www.budream.com\/fr\/wp-json\/wp\/v2\/media\/129482"}],"wp:attachment":[{"href":"https:\/\/www.budream.com\/fr\/wp-json\/wp\/v2\/media?parent=129487"}],"wp:term":[{"taxonomy":"product_brand","embeddable":true,"href":"https:\/\/www.budream.com\/fr\/wp-json\/wp\/v2\/product_brand?post=129487"},{"taxonomy":"product_cat","embeddable":true,"href":"https:\/\/www.budream.com\/fr\/wp-json\/wp\/v2\/product_cat?post=129487"},{"taxonomy":"product_tag","embeddable":true,"href":"https:\/\/www.budream.com\/fr\/wp-json\/wp\/v2\/product_tag?post=129487"}],"curies":[{"name":"wp","href":"https:\/\/api.w.org\/{rel}","templated":true}]}}