{"id":129567,"date":"2025-07-30T22:27:55","date_gmt":"2025-07-30T20:27:55","guid":{"rendered":"https:\/\/www.budream.com\/shop\/cartouche-ceramique-510-pour-e-liquides-concentres-et-extraits-0-5-ml\/"},"modified":"2025-12-19T15:49:55","modified_gmt":"2025-12-19T13:49:55","slug":"cartouche-ceramique-510-pour-e-liquides-concentres-et-extraits-0-5-ml","status":"publish","type":"product","link":"https:\/\/www.budream.com\/fr\/shop\/cartouche-ceramique-510-pour-e-liquides-concentres-et-extraits-0-5-ml\/","title":{"rendered":"CARTOUCHE C\u00c9RAMIQUE 510 POUR E-LIQUIDES, CONCENTR\u00c9S ET EXTRAITS | 0.5 ML"},"content":{"rendered":"<p>Cette cartouche permet de consommer des extraits dilu\u00e9s avec du glycol ou de l&rsquo;huile MCT. La c\u00e9ramique remplace les coils par du coton bio, ce qui \u00e9vite les br\u00fblures du produit et prolonge la dur\u00e9e de vie de la cartouche.<span style=\"text-decoration: underline\"><\/p>\n<p><\/span><\/p>\n<h2><span style=\"text-decoration: underline\">Cartouche d&rsquo;atomisation en c\u00e9ramique :<\/span><\/h2>\n<ul style=\"list-style-type: disc\">\n<li>Atomiseur et embout <strong>en c\u00e9ramique<\/strong>;<\/li>\n<li>Capacit\u00e9 : 0,5 ml ;<\/li>\n<li><strong>Connexion 510 ;<\/strong><\/li>\n<li>R\u00e9utilisable ;<\/li>\n<li>Couleur noire ;<\/li>\n<li>Excellent pour les huiles et les extraits dilu\u00e9s avec des bases d&rsquo;e-liquide ;<\/li>\n<li>1 pi\u00e8ce ;<\/li>\n<\/ul>\n<p>ATTENTION : Veuillez noter que les cartouches doivent d&rsquo;abord \u00eatre remplies avec le liquide appropri\u00e9 avant d&rsquo;allumer l&rsquo;appareil. Il est recommand\u00e9 d&rsquo;attendre 10 minutes apr\u00e8s le remplissage pour que la cellulose s&rsquo;impr\u00e8gne suffisamment. Ne mettez jamais l&rsquo;appareil en marche lorsque la cartouche est vide ! Ne jamais remplir excessivement le liquide, respecter les consignes de remplissage figurant dans le mode d&#8217;emploi.<\/p>\n","protected":false},"excerpt":{"rendered":"<p>Cette cartouche permet de consommer des extraits dilu\u00e9s avec du glycol ou de l&rsquo;huile MCT. La c\u00e9ramique remplace les coils<\/p>\n","protected":false},"featured_media":129562,"comment_status":"open","ping_status":"closed","template":"","meta":[],"product_brand":[],"product_cat":[7910],"product_tag":[],"class_list":{"0":"post-129567","1":"product","2":"type-product","3":"status-publish","4":"has-post-thumbnail","6":"product_cat-vaporisateurs","8":"first","9":"instock","10":"taxable","11":"shipping-taxable","12":"purchasable","13":"product-type-simple"},"_links":{"self":[{"href":"https:\/\/www.budream.com\/fr\/wp-json\/wp\/v2\/product\/129567","targetHints":{"allow":["GET"]}}],"collection":[{"href":"https:\/\/www.budream.com\/fr\/wp-json\/wp\/v2\/product"}],"about":[{"href":"https:\/\/www.budream.com\/fr\/wp-json\/wp\/v2\/types\/product"}],"replies":[{"embeddable":true,"href":"https:\/\/www.budream.com\/fr\/wp-json\/wp\/v2\/comments?post=129567"}],"version-history":[{"count":0,"href":"https:\/\/www.budream.com\/fr\/wp-json\/wp\/v2\/product\/129567\/revisions"}],"wp:featuredmedia":[{"embeddable":true,"href":"https:\/\/www.budream.com\/fr\/wp-json\/wp\/v2\/media\/129562"}],"wp:attachment":[{"href":"https:\/\/www.budream.com\/fr\/wp-json\/wp\/v2\/media?parent=129567"}],"wp:term":[{"taxonomy":"product_brand","embeddable":true,"href":"https:\/\/www.budream.com\/fr\/wp-json\/wp\/v2\/product_brand?post=129567"},{"taxonomy":"product_cat","embeddable":true,"href":"https:\/\/www.budream.com\/fr\/wp-json\/wp\/v2\/product_cat?post=129567"},{"taxonomy":"product_tag","embeddable":true,"href":"https:\/\/www.budream.com\/fr\/wp-json\/wp\/v2\/product_tag?post=129567"}],"curies":[{"name":"wp","href":"https:\/\/api.w.org\/{rel}","templated":true}]}}