{"id":129582,"date":"2025-07-30T22:28:35","date_gmt":"2025-07-30T20:28:35","guid":{"rendered":"https:\/\/www.budream.com\/shop\/enecta-cbg-crystals-99-pure-05g\/"},"modified":"2025-12-16T17:57:00","modified_gmt":"2025-12-16T15:57:00","slug":"enecta-cbg-crystals-99-pure-05g","status":"publish","type":"product","link":"https:\/\/www.budream.com\/fr\/shop\/enecta-cbg-crystals-99-pure-05g\/","title":{"rendered":"ENECTA &#8211; CBG CRYSTALS (99% PURE) | 0,5g"},"content":{"rendered":"<p>Le cannabig\u00e9rol, p\u00e8re de tous les cannabino\u00efdes, est un phytocannabino\u00efde r\u00e9cemment d\u00e9couvert, responsable de la synth\u00e8se de tous les autres cannabino\u00efdes, sans effets secondaires et avec <strong>de nombreux effets b\u00e9n\u00e9fiques<\/strong>. Comme le cannabidiol, il n&rsquo;a pas d&rsquo;effets psychotropes, mais fait l&rsquo;objet de nombreuses \u00e9tudes dans divers domaines th\u00e9rapeutiques et s&rsquo;est r\u00e9v\u00e9l\u00e9 particuli\u00e8rement efficace dans nombre d&rsquo;entre eux, pris seul ou en alternance avec le CBD.<\/p>\n<p>Il est souvent appel\u00e9 le p\u00e8re de tous les cannabino\u00efdes, et ce n&rsquo;est pas un hasard : comme un p\u00e8re attentionn\u00e9, le CBG se \u00ab\u00a0plie\u00a0\u00bb aux besoins de la nature, donnant naissance aux autres composants du cannabis tels que le CBD et le THC. Il s&rsquo;agit d&rsquo;un produit naturel, sans pesticides ni herbicides, extrait directement de nos plantes en Italie et test\u00e9 par des laboratoires ind\u00e9pendants afin de garantir la s\u00e9curit\u00e9 et la meilleure qualit\u00e9.<\/p>\n<p>Le processus d&rsquo;extraction est contr\u00f4l\u00e9 \u00e0 chaque \u00e9tape pour garantir une qualit\u00e9 et une s\u00e9curit\u00e9 maximales, et les plantes de chanvre que nous choisissons comme mati\u00e8re premi\u00e8re pour nos produits proviennent de cultures <strong>certifi\u00e9es biologiques<\/strong>.<strong><br \/><\/strong><\/p>\n<h2><span style=\"text-decoration: underline\">Caract\u00e9ristiques des cristaux Enecta CBG<\/span>:<\/h2>\n<p>Les <strong>cristaux de CB<\/strong> G sont une nouveaut\u00e9 incontournable. Obtenus \u00e0 partir de l&rsquo;extraction de l&rsquo;un des cannabino\u00efdes non psychoactifs les plus r\u00e9volutionnaires trouv\u00e9s dans les plantes de chanvre sativa, les cristaux de CBG sont <strong>purs \u00e0 99 %<\/strong>. <br \/>Il s&rsquo;agit d&rsquo;un phytocannabino\u00efde tr\u00e8s particulier, responsable de la synth\u00e8se de tous les autres cannabino\u00efdes, y compris le CBD et le THC. <br \/>Contrairement \u00e0 ce dernier, il n&rsquo;a pas d&rsquo;effets m\u00e9dicamenteux ou psychoactifs, mais uniquement des effets b\u00e9n\u00e9fiques, qui ont \u00e9t\u00e9 r\u00e9cemment mis en \u00e9vidence par les recherches de plusieurs communaut\u00e9s scientifiques. <br \/>Ce type d&rsquo;extrait est parfait pour le vaping, mais peut \u00e9galement \u00eatre dilu\u00e9 dans une boisson, un aliment ou par voie sublinguale pour profiter des nombreuses propri\u00e9t\u00e9s du cannabig\u00e9rol. <\/p>\n<p>Enecta <strong>CBG Crystals<\/strong> est un produit naturel, <strong>extrait des meilleures plantes<\/strong> italiennes provenant uniquement de cultures biologiques, qui n&rsquo;utilisent pas de pesticides ni d&rsquo;additifs chimiques. Le processus d&rsquo;extraction est contr\u00f4l\u00e9 \u00e0 chaque \u00e9tape et le produit final est test\u00e9 dans des laboratoires sp\u00e9cialis\u00e9s qui en garantissent la<strong> qualit\u00e9 et la s\u00e9curit\u00e9.<\/strong><\/p>\n<p><strong>Contenu<\/strong>: 99% de cristaux de CBG 1% de terp\u00e8nes<br \/><strong>Poids<\/strong>: 0,5 gr<\/p>\n","protected":false},"excerpt":{"rendered":"<p>Le cannabig\u00e9rol, p\u00e8re de tous les cannabino\u00efdes, est un phytocannabino\u00efde r\u00e9cemment d\u00e9couvert, responsable de la synth\u00e8se de tous les autres<\/p>\n","protected":false},"featured_media":129572,"comment_status":"open","ping_status":"closed","template":"","meta":[],"product_brand":[],"product_cat":[7913],"product_tag":[],"class_list":{"0":"post-129582","1":"product","2":"type-product","3":"status-publish","4":"has-post-thumbnail","6":"product_cat-cosmetiques","8":"first","9":"instock","10":"taxable","11":"shipping-taxable","12":"purchasable","13":"product-type-simple"},"_links":{"self":[{"href":"https:\/\/www.budream.com\/fr\/wp-json\/wp\/v2\/product\/129582","targetHints":{"allow":["GET"]}}],"collection":[{"href":"https:\/\/www.budream.com\/fr\/wp-json\/wp\/v2\/product"}],"about":[{"href":"https:\/\/www.budream.com\/fr\/wp-json\/wp\/v2\/types\/product"}],"replies":[{"embeddable":true,"href":"https:\/\/www.budream.com\/fr\/wp-json\/wp\/v2\/comments?post=129582"}],"version-history":[{"count":0,"href":"https:\/\/www.budream.com\/fr\/wp-json\/wp\/v2\/product\/129582\/revisions"}],"wp:featuredmedia":[{"embeddable":true,"href":"https:\/\/www.budream.com\/fr\/wp-json\/wp\/v2\/media\/129572"}],"wp:attachment":[{"href":"https:\/\/www.budream.com\/fr\/wp-json\/wp\/v2\/media?parent=129582"}],"wp:term":[{"taxonomy":"product_brand","embeddable":true,"href":"https:\/\/www.budream.com\/fr\/wp-json\/wp\/v2\/product_brand?post=129582"},{"taxonomy":"product_cat","embeddable":true,"href":"https:\/\/www.budream.com\/fr\/wp-json\/wp\/v2\/product_cat?post=129582"},{"taxonomy":"product_tag","embeddable":true,"href":"https:\/\/www.budream.com\/fr\/wp-json\/wp\/v2\/product_tag?post=129582"}],"curies":[{"name":"wp","href":"https:\/\/api.w.org\/{rel}","templated":true}]}}