{"id":129612,"date":"2025-07-30T22:29:06","date_gmt":"2025-07-30T20:29:06","guid":{"rendered":"https:\/\/www.budream.com\/shop\/flowermate-cap-pro-vaporisateur\/"},"modified":"2026-04-20T14:18:49","modified_gmt":"2026-04-20T12:18:49","slug":"flowermate-cap-pro-vaporisateur","status":"publish","type":"product","link":"https:\/\/www.budream.com\/fr\/shop\/flowermate-cap-pro-vaporisateur\/","title":{"rendered":"FLOWERMATE &#8211; CAP PRO | VAPORISATEUR"},"content":{"rendered":"<p>Le <strong>CAP PRO<\/strong> de Flowermate est un vaporisateur dot\u00e9 d&rsquo;une technologie avanc\u00e9e et de hautes performances. L&rsquo;ext\u00e9rieur du CAP PRO est fait de thermoplastique POK et d&rsquo;aluminium, ce qui rend l&rsquo;appareil durable et l\u00e9ger.<\/p>\n<p>Le Flowermate CAP PRO ne mesure que 10,5 cm de haut, ce qui lui permet de tenir parfaitement dans la paume de votre main. <br \/>Gr\u00e2ce \u00e0 sa puissante batterie de 2000 mAh, le CAP PRO est capable d&rsquo;atteindre la temp\u00e9rature programm\u00e9e en 30 secondes rapides, ce qui est parfait pour des s\u00e9ances rapides et discr\u00e8tes tout au long de la journ\u00e9e, o\u00f9 que vous alliez.<\/p>\n<p>Contrairement au premier CAP, cet appareil vous permet de contr\u00f4ler la plage de temp\u00e9rature <strong>de 40 \u2103 \u00e0 230 \u2103,<\/strong> maximisant ainsi l&rsquo;utilisation de vos herbes et optimisant chaque session.<br \/>Un retour tactile (vibration) vous permet de savoir quand l&rsquo;appareil a atteint la temp\u00e9rature r\u00e9gl\u00e9e.<\/p>\n<h3><strong>Embout magn\u00e9tique <\/strong><\/h3>\n<p>L&#8217;embout buccal avec fixation magn\u00e9tique peut \u00eatre facilement retir\u00e9 pour charger les herbes et nettoyer la chambre de vaporisation. L&#8217;embout peut \u00e9galement \u00eatre retir\u00e9 pour un nettoyage plus approfondi.<\/p>\n<h3><strong>Chemin de vapeur en zircone<\/strong><\/h3>\n<p>Le circuit d&rsquo;air du Cap Pro, isol\u00e9 par de la zircone, est con\u00e7u pour refroidir la vapeur avant qu&rsquo;elle ne soit inhal\u00e9e. La zircone garantit un go\u00fbt plus pur de vos herbes.<\/p>\n<p><\/p>\n<h2><span style=\"text-decoration: underline\"><strong>Caract\u00e9ristiques Flowermate Cap Pro :<\/strong><br \/><\/span><\/h2>\n<ul style=\"list-style-type: disc\">\n<li>Chambre de chauffe en acier inoxydable ;<\/li>\n<li>Chemin de vapeur en zircone ;<\/li>\n<li>Chauffe en 30 secondes ;<\/li>\n<li>Contr\u00f4le total de la temp\u00e9rature ;<\/li>\n<li>Petite taille ;<\/li>\n<li>Retour tactile ;<\/li>\n<li>Corps en aluminium avec finition mate ;<\/li>\n<\/ul>\n<p><\/p>\n<h2><span style=\"text-decoration: underline\"><strong>Caract\u00e9ristiques techniques Flowermate Cap Pro :<\/strong><br \/><\/span><\/h2>\n<ul style=\"list-style-type: disc\">\n<li>Plage de temp\u00e9rature : 40 \u2103 &#8211; 230 \u2103<\/li>\n<li>S\u00e9ances par charge : 18-20 s\u00e9ances<\/li>\n<li>Dur\u00e9e de la s\u00e9ance : minuterie automatique de 5 minutes<\/li>\n<li>Capacit\u00e9 de la batterie interne : batterie au lithium de 2000 mAh<\/li>\n<li>Temps de charge : 1 heure<\/li>\n<li>Tension de sortie : 3,7 V<\/li>\n<li>Dimensions : 105 mm x 24 mm x 45 mm<\/li>\n<li>Poids net : 90 g<\/li>\n<\/ul>\n","protected":false},"excerpt":{"rendered":"<p>Le CAP PRO de Flowermate est un vaporisateur dot\u00e9 d&rsquo;une technologie avanc\u00e9e et de hautes performances. L&rsquo;ext\u00e9rieur du CAP PRO<\/p>\n","protected":false},"featured_media":129587,"comment_status":"open","ping_status":"closed","template":"","meta":[],"product_brand":[],"product_cat":[7910],"product_tag":[],"class_list":{"0":"post-129612","1":"product","2":"type-product","3":"status-publish","4":"has-post-thumbnail","6":"product_cat-vaporisateurs","8":"first","9":"instock","10":"taxable","11":"shipping-taxable","12":"purchasable","13":"product-type-simple"},"_links":{"self":[{"href":"https:\/\/www.budream.com\/fr\/wp-json\/wp\/v2\/product\/129612","targetHints":{"allow":["GET"]}}],"collection":[{"href":"https:\/\/www.budream.com\/fr\/wp-json\/wp\/v2\/product"}],"about":[{"href":"https:\/\/www.budream.com\/fr\/wp-json\/wp\/v2\/types\/product"}],"replies":[{"embeddable":true,"href":"https:\/\/www.budream.com\/fr\/wp-json\/wp\/v2\/comments?post=129612"}],"version-history":[{"count":0,"href":"https:\/\/www.budream.com\/fr\/wp-json\/wp\/v2\/product\/129612\/revisions"}],"wp:featuredmedia":[{"embeddable":true,"href":"https:\/\/www.budream.com\/fr\/wp-json\/wp\/v2\/media\/129587"}],"wp:attachment":[{"href":"https:\/\/www.budream.com\/fr\/wp-json\/wp\/v2\/media?parent=129612"}],"wp:term":[{"taxonomy":"product_brand","embeddable":true,"href":"https:\/\/www.budream.com\/fr\/wp-json\/wp\/v2\/product_brand?post=129612"},{"taxonomy":"product_cat","embeddable":true,"href":"https:\/\/www.budream.com\/fr\/wp-json\/wp\/v2\/product_cat?post=129612"},{"taxonomy":"product_tag","embeddable":true,"href":"https:\/\/www.budream.com\/fr\/wp-json\/wp\/v2\/product_tag?post=129612"}],"curies":[{"name":"wp","href":"https:\/\/api.w.org\/{rel}","templated":true}]}}