{"id":129632,"date":"2025-07-30T22:31:39","date_gmt":"2025-07-30T20:31:39","guid":{"rendered":"https:\/\/www.budream.com\/shop\/hash-shaker-xl\/"},"modified":"2026-01-09T16:31:57","modified_gmt":"2026-01-09T14:31:57","slug":"hash-shaker-xl","status":"publish","type":"product","link":"https:\/\/www.budream.com\/fr\/shop\/hash-shaker-xl\/","title":{"rendered":"HASH SHAKER | XL"},"content":{"rendered":"<p>Les extracteurs Hash shaker sont utilis\u00e9s pour produire manuellement du pollen et du dry sift : il suffit de placer les inflorescences ou le trim dans le hash shaker, d&rsquo;agiter pendant quelques minutes et de recueillir le r\u00e9sultat au fond de l&rsquo;extracteur.<br \/>Il est recommand\u00e9 de placer l&rsquo;extracteur et le mat\u00e9riel dans le cong\u00e9lateur pendant quelques minutes avant l&rsquo;extraction : cela facilitera la s\u00e9paration des trichomes du mat\u00e9riel.<br \/><span style=\"text-decoration: underline\"><br \/><\/span><\/p>\n<h2><span style=\"text-decoration: underline\">Caract\u00e9ristiques de l&rsquo;extracteur de pollen manuel et du tamisage \u00e0 sec :<\/span><\/h2>\n<ul>\n<li>Taille : XL<\/li>\n<li>Taille des mailles : 160 microns<\/li>\n<li>Longueur : 19 cm<\/li>\n<li>Diam\u00e8tre : 16,5 cm<\/li>\n<\/ul>\n","protected":false},"excerpt":{"rendered":"<p>Les extracteurs Hash shaker sont utilis\u00e9s pour produire manuellement du pollen et du dry sift : il suffit de placer<\/p>\n","protected":false},"featured_media":124592,"comment_status":"open","ping_status":"closed","template":"","meta":[],"product_brand":[],"product_cat":[7949],"product_tag":[],"class_list":{"0":"post-129632","1":"product","2":"type-product","3":"status-publish","4":"has-post-thumbnail","6":"product_cat-headshop-fr","8":"first","9":"instock","10":"taxable","11":"shipping-taxable","12":"purchasable","13":"product-type-simple"},"aioseo_notices":[],"_links":{"self":[{"href":"https:\/\/www.budream.com\/fr\/wp-json\/wp\/v2\/product\/129632","targetHints":{"allow":["GET"]}}],"collection":[{"href":"https:\/\/www.budream.com\/fr\/wp-json\/wp\/v2\/product"}],"about":[{"href":"https:\/\/www.budream.com\/fr\/wp-json\/wp\/v2\/types\/product"}],"replies":[{"embeddable":true,"href":"https:\/\/www.budream.com\/fr\/wp-json\/wp\/v2\/comments?post=129632"}],"version-history":[{"count":0,"href":"https:\/\/www.budream.com\/fr\/wp-json\/wp\/v2\/product\/129632\/revisions"}],"wp:featuredmedia":[{"embeddable":true,"href":"https:\/\/www.budream.com\/fr\/wp-json\/wp\/v2\/media\/124592"}],"wp:attachment":[{"href":"https:\/\/www.budream.com\/fr\/wp-json\/wp\/v2\/media?parent=129632"}],"wp:term":[{"taxonomy":"product_brand","embeddable":true,"href":"https:\/\/www.budream.com\/fr\/wp-json\/wp\/v2\/product_brand?post=129632"},{"taxonomy":"product_cat","embeddable":true,"href":"https:\/\/www.budream.com\/fr\/wp-json\/wp\/v2\/product_cat?post=129632"},{"taxonomy":"product_tag","embeddable":true,"href":"https:\/\/www.budream.com\/fr\/wp-json\/wp\/v2\/product_tag?post=129632"}],"curies":[{"name":"wp","href":"https:\/\/api.w.org\/{rel}","templated":true}]}}