{"id":129662,"date":"2025-07-30T22:33:07","date_gmt":"2025-07-30T20:33:07","guid":{"rendered":"https:\/\/www.budream.com\/shop\/flortis-piege-a-pyrale-du-buis-avec-pheromone\/"},"modified":"2025-11-20T17:44:26","modified_gmt":"2025-11-20T15:44:26","slug":"flortis-piege-a-pyrale-du-buis-avec-pheromone","status":"publish","type":"product","link":"https:\/\/www.budream.com\/fr\/shop\/flortis-piege-a-pyrale-du-buis-avec-pheromone\/","title":{"rendered":"FLORTIS &#8211; PI\u00c8GE \u00c0 PYRALE DU BUIS AVEC PH\u00c9ROMONE"},"content":{"rendered":"<p><strong>Pi\u00e8ge pour la pyrale du buis (<em>Cydalima perspectalis<\/em>)<\/strong>, dont les larves d\u00e9vorent rapidement les feuilles du buis, qui prennent une couleur ocre-jaune, entra\u00eenant une d\u00e9composition rapide de la plante.<\/p>\n<p>Ce pi\u00e8ge, adapt\u00e9 au suivi de l&rsquo;insecte au stade de papillon adulte, utilise une r\u00e9plique synth\u00e9tique de l&rsquo;odeur produite par la femelle pour attirer les m\u00e2les dans le pi\u00e8ge o\u00f9 ils restent coll\u00e9s sur le support recouvert de colle. La capture des insectes m\u00e2les r\u00e9duit ainsi la f\u00e9condation et le nombre d&rsquo;\u0153ufs pondus.<\/p>\n<h2><span style=\"text-decoration: underline\"><strong><br \/>Comment utiliser le pi\u00e8ge \u00e0 pyrale du buis de Flortis :<\/strong><\/span><\/h2>\n<p><strong>Double usage, suspension :<\/strong> retirer le papier silicon\u00e9 prot\u00e9geant la couche de colle des deux c\u00f4t\u00e9s, placer la ph\u00e9romone dans la fente, ins\u00e9rer le fil dans le trou et suspendre le pi\u00e8ge.<\/p>\n<p><strong>Ins\u00e9r\u00e9 dans le sol :<\/strong> retirer le papier silicon\u00e9 prot\u00e9geant la couche de colle des deux c\u00f4t\u00e9s, placer la ph\u00e9romone dans la fente, ins\u00e9rer le pi\u00e8ge dans le sol \u00e0 l&rsquo;aide du b\u00e2ton en bois fourni dans l&#8217;emballage, apr\u00e8s l&rsquo;avoir ins\u00e9r\u00e9 dans les deux trous. Il est conseill\u00e9 d&rsquo;installer les pi\u00e8ges de la fin avril \u00e0 la fin ao\u00fbt, car le papillon de nuit hiverne dans le sol \u00e0 l&rsquo;\u00e9tat de chrysalide. Les premiers adultes vacillent \u00e0 la fin de l&rsquo;hiver, mais les vols ne deviennent significatifs qu&rsquo;\u00e0 partir de la premi\u00e8re quinzaine de juin. Il est donc recommand\u00e9 de poser des pi\u00e8ges de fin avril \u00e0 fin ao\u00fbt. Un pi\u00e8ge est efficace pour contr\u00f4ler\/surveiller 3 \u00e0 5 arbres (dans un rayon de 15 m\u00e8tres). Remplacer le pi\u00e8ge s&rsquo;il est plein d&rsquo;insectes ou apr\u00e8s 6 \u00e0 8 semaines d&rsquo;utilisation.<\/p>\n<p><strong>Contenu de l&#8217;emballage :<\/strong><\/p>\n<ul style=\"list-style-type: disc\">\n<li>1 pi\u00e8ge jaune avec deux faces adh\u00e9sives,<\/li>\n<li>1 ficelle pour le suspendre,<\/li>\n<li>1 b\u00e2ton en bois pour aider \u00e0 l&rsquo;ins\u00e9rer dans le sol,<\/li>\n<li>1 leurre \u00e0 la ph\u00e9romone.<\/li>\n<\/ul>\n","protected":false},"excerpt":{"rendered":"<p>Pi\u00e8ge pour la pyrale du buis (Cydalima perspectalis), dont les larves d\u00e9vorent rapidement les feuilles du buis, qui prennent une<\/p>\n","protected":false},"featured_media":129637,"comment_status":"open","ping_status":"closed","template":"","meta":[],"product_brand":[],"product_cat":[7928],"product_tag":[],"class_list":{"0":"post-129662","1":"product","2":"type-product","3":"status-publish","4":"has-post-thumbnail","6":"product_cat-antiparasitaires-et-defense","8":"first","9":"instock","10":"taxable","11":"shipping-taxable","12":"purchasable","13":"product-type-simple"},"aioseo_notices":[],"_links":{"self":[{"href":"https:\/\/www.budream.com\/fr\/wp-json\/wp\/v2\/product\/129662","targetHints":{"allow":["GET"]}}],"collection":[{"href":"https:\/\/www.budream.com\/fr\/wp-json\/wp\/v2\/product"}],"about":[{"href":"https:\/\/www.budream.com\/fr\/wp-json\/wp\/v2\/types\/product"}],"replies":[{"embeddable":true,"href":"https:\/\/www.budream.com\/fr\/wp-json\/wp\/v2\/comments?post=129662"}],"version-history":[{"count":0,"href":"https:\/\/www.budream.com\/fr\/wp-json\/wp\/v2\/product\/129662\/revisions"}],"wp:featuredmedia":[{"embeddable":true,"href":"https:\/\/www.budream.com\/fr\/wp-json\/wp\/v2\/media\/129637"}],"wp:attachment":[{"href":"https:\/\/www.budream.com\/fr\/wp-json\/wp\/v2\/media?parent=129662"}],"wp:term":[{"taxonomy":"product_brand","embeddable":true,"href":"https:\/\/www.budream.com\/fr\/wp-json\/wp\/v2\/product_brand?post=129662"},{"taxonomy":"product_cat","embeddable":true,"href":"https:\/\/www.budream.com\/fr\/wp-json\/wp\/v2\/product_cat?post=129662"},{"taxonomy":"product_tag","embeddable":true,"href":"https:\/\/www.budream.com\/fr\/wp-json\/wp\/v2\/product_tag?post=129662"}],"curies":[{"name":"wp","href":"https:\/\/api.w.org\/{rel}","templated":true}]}}