{"id":129712,"date":"2025-07-30T22:34:24","date_gmt":"2025-07-30T20:34:24","guid":{"rendered":"https:\/\/www.budream.com\/shop\/puffco-atomiseur-pic\/"},"modified":"2026-02-03T11:34:50","modified_gmt":"2026-02-03T09:34:50","slug":"puffco-atomiseur-pic","status":"publish","type":"product","link":"https:\/\/www.budream.com\/fr\/shop\/puffco-atomiseur-pic\/","title":{"rendered":"PUFFCO &#8211; ATOMISEUR PIC"},"content":{"rendered":"<p class=\"p1\">L&rsquo;atomiseur Peak est un br\u00fbleur thermique, con\u00e7u pour une performance thermique optimale. Il est fabriqu\u00e9 sans bobines ni r\u00e9sistances externes, sans colles, sans plastiques ni fibres, cr\u00e9ant ainsi l&rsquo;exp\u00e9rience de fumage la plus pure qui soit. <\/p>\n<p>Il contient un bol en c\u00e9ramique qui offre la meilleure saveur possible et le meilleur profil thermique.<\/p>\n<p class=\"p2\"><strong><em>* Non compatible avec le mod\u00e8le Peak Pro, Peak uniquement.<\/em><\/strong><\/p>\n<p class=\"p1\"><strong>Conseils d&rsquo;utilisation :<\/strong><\/p>\n<ul style=\"list-style-type: disc\">\n<li class=\"p1\"><strong>\u00c9vitez de d\u00e9monter votre atomiseur<\/strong>, nettoyez-le enti\u00e8rement assembl\u00e9 dans de l&rsquo;alcool isopropylique \u00e0 99 %.<\/li>\n<li class=\"p1\"><strong>Evitez de surcharger<\/strong> votre atomiseur, cela l&rsquo;inonderait et pourrait l&rsquo;endommager.<\/li>\n<\/ul>\n","protected":false},"excerpt":{"rendered":"<p>L&rsquo;atomiseur Peak est un br\u00fbleur thermique, con\u00e7u pour une performance thermique optimale. Il est fabriqu\u00e9 sans bobines ni r\u00e9sistances externes,<\/p>\n","protected":false},"featured_media":129702,"comment_status":"open","ping_status":"closed","template":"","meta":[],"product_brand":[],"product_cat":[7910],"product_tag":[],"class_list":{"0":"post-129712","1":"product","2":"type-product","3":"status-publish","4":"has-post-thumbnail","6":"product_cat-vaporisateurs","8":"first","9":"instock","10":"taxable","11":"shipping-taxable","12":"purchasable","13":"product-type-simple"},"_links":{"self":[{"href":"https:\/\/www.budream.com\/fr\/wp-json\/wp\/v2\/product\/129712","targetHints":{"allow":["GET"]}}],"collection":[{"href":"https:\/\/www.budream.com\/fr\/wp-json\/wp\/v2\/product"}],"about":[{"href":"https:\/\/www.budream.com\/fr\/wp-json\/wp\/v2\/types\/product"}],"replies":[{"embeddable":true,"href":"https:\/\/www.budream.com\/fr\/wp-json\/wp\/v2\/comments?post=129712"}],"version-history":[{"count":0,"href":"https:\/\/www.budream.com\/fr\/wp-json\/wp\/v2\/product\/129712\/revisions"}],"wp:featuredmedia":[{"embeddable":true,"href":"https:\/\/www.budream.com\/fr\/wp-json\/wp\/v2\/media\/129702"}],"wp:attachment":[{"href":"https:\/\/www.budream.com\/fr\/wp-json\/wp\/v2\/media?parent=129712"}],"wp:term":[{"taxonomy":"product_brand","embeddable":true,"href":"https:\/\/www.budream.com\/fr\/wp-json\/wp\/v2\/product_brand?post=129712"},{"taxonomy":"product_cat","embeddable":true,"href":"https:\/\/www.budream.com\/fr\/wp-json\/wp\/v2\/product_cat?post=129712"},{"taxonomy":"product_tag","embeddable":true,"href":"https:\/\/www.budream.com\/fr\/wp-json\/wp\/v2\/product_tag?post=129712"}],"curies":[{"name":"wp","href":"https:\/\/api.w.org\/{rel}","templated":true}]}}