{"id":129727,"date":"2025-07-30T22:34:52","date_gmt":"2025-07-30T20:34:52","guid":{"rendered":"https:\/\/www.budream.com\/shop\/puffco-new-plus-chamber\/"},"modified":"2026-02-17T13:30:01","modified_gmt":"2026-02-17T11:30:01","slug":"puffco-new-plus-chamber","status":"publish","type":"product","link":"https:\/\/www.budream.com\/fr\/shop\/puffco-new-plus-chamber\/","title":{"rendered":"PUFFCO &#8211; NEW PLUS CHAMBER"},"content":{"rendered":"<p class=\"p1\">La chambre Puffco Plus est une grande chambre en c\u00e9ramique sans coil. Cela cr\u00e9e une saveur in\u00e9gal\u00e9e et offre une exp\u00e9rience \u00e0 spectre complet.<\/p>\n<p>*Uniquement pour le kit Puffco Plus. NE CONVIENT PAS \u00c0 L&rsquo;ANCIENNE VERSION.<\/p>\n<p class=\"p2\">*<strong>Astuce :<\/strong> Traitez ce stylo comme un bong : chargez de petites quantit\u00e9s et nettoyez fr\u00e9quemment pour pr\u00e9server la saveur !<\/p>\n","protected":false},"excerpt":{"rendered":"<p>La chambre Puffco Plus est une grande chambre en c\u00e9ramique sans coil. Cela cr\u00e9e une saveur in\u00e9gal\u00e9e et offre une<\/p>\n","protected":false},"featured_media":129717,"comment_status":"open","ping_status":"closed","template":"","meta":[],"product_brand":[],"product_cat":[7910],"product_tag":[],"class_list":{"0":"post-129727","1":"product","2":"type-product","3":"status-publish","4":"has-post-thumbnail","6":"product_cat-vaporisateurs","8":"first","9":"instock","10":"taxable","11":"shipping-taxable","12":"purchasable","13":"product-type-simple"},"aioseo_notices":[],"_links":{"self":[{"href":"https:\/\/www.budream.com\/fr\/wp-json\/wp\/v2\/product\/129727","targetHints":{"allow":["GET"]}}],"collection":[{"href":"https:\/\/www.budream.com\/fr\/wp-json\/wp\/v2\/product"}],"about":[{"href":"https:\/\/www.budream.com\/fr\/wp-json\/wp\/v2\/types\/product"}],"replies":[{"embeddable":true,"href":"https:\/\/www.budream.com\/fr\/wp-json\/wp\/v2\/comments?post=129727"}],"version-history":[{"count":0,"href":"https:\/\/www.budream.com\/fr\/wp-json\/wp\/v2\/product\/129727\/revisions"}],"wp:featuredmedia":[{"embeddable":true,"href":"https:\/\/www.budream.com\/fr\/wp-json\/wp\/v2\/media\/129717"}],"wp:attachment":[{"href":"https:\/\/www.budream.com\/fr\/wp-json\/wp\/v2\/media?parent=129727"}],"wp:term":[{"taxonomy":"product_brand","embeddable":true,"href":"https:\/\/www.budream.com\/fr\/wp-json\/wp\/v2\/product_brand?post=129727"},{"taxonomy":"product_cat","embeddable":true,"href":"https:\/\/www.budream.com\/fr\/wp-json\/wp\/v2\/product_cat?post=129727"},{"taxonomy":"product_tag","embeddable":true,"href":"https:\/\/www.budream.com\/fr\/wp-json\/wp\/v2\/product_tag?post=129727"}],"curies":[{"name":"wp","href":"https:\/\/api.w.org\/{rel}","templated":true}]}}