{"id":129737,"date":"2025-07-30T22:35:21","date_gmt":"2025-07-30T20:35:21","guid":{"rendered":"https:\/\/www.budream.com\/shop\/biobizz-microbes-150gr\/"},"modified":"2026-03-26T15:14:29","modified_gmt":"2026-03-26T13:14:29","slug":"biobizz-microbes-150gr","status":"publish","type":"product","link":"https:\/\/www.budream.com\/fr\/shop\/biobizz-microbes-150gr\/","title":{"rendered":"BIOBIZZ &#8211; MICROBES | 150gr"},"content":{"rendered":"<p><strong>Biobizz Microbes est un ensemble complet de micro-organismes b\u00e9n\u00e9fiques, d&rsquo;enzymes et de champignons<\/strong> qui stimulent le processus de germination et la croissance initiale des semis et facilitent la phase de floraison. <strong>Il am\u00e9liore le flux et l&rsquo;absorption des nutriments essentiels, ainsi que le rendement final.<\/strong><\/p>\n<p>Ce complexe de micro-organismes est tr\u00e8s b\u00e9n\u00e9fique pour la rhizosph\u00e8re des plantes, car il augmente la surface utile des racines, ce qui permet une meilleure absorption de l&rsquo;azote, du phosphore, du potassium et des micronutriments pendant toutes les phases du d\u00e9veloppement de la plante. En outre, les micro-organismes s\u00e9lectionn\u00e9s sont d&rsquo;excellents promoteurs des phytohormones, telles que l&rsquo;acide indole-3-ac\u00e9tique et les gibb\u00e9rellines.<\/p>\n<h2><span style=\"text-decoration: underline\"><strong>Caract\u00e9ristiques principales Mibrobes Biobizz :<\/strong><\/span><\/h2>\n<ul style=\"list-style-type: disc\">\n<li>Augmentation et absorption du flux NPK<\/li>\n<li>Catalyseur de prot\u00e9ines<\/li>\n<li>Augmentation de la surface des racines<\/li>\n<\/ul>\n<h3><span style=\"text-decoration: underline\"><strong>Comment les bact\u00e9ries agissent-elles ?<\/strong><\/span><\/h3>\n<p>Biobizz Microbes est un produit super-concentr\u00e9. Il contient une s\u00e9lection de 4 des bact\u00e9ries les plus utiles pour la r\u00e9cup\u00e9ration du substrat. <strong>Ces bact\u00e9ries am\u00e9liorent le processus de nutrition des plantes, la promotion des hormones, la croissance des tissus racinaires et la solubilisation des nutriments tels que le phosphore dans sa proportion la plus \u00e9lev\u00e9e.<\/strong> Cela se traduit par une augmentation de la productivit\u00e9 et de la qualit\u00e9 des rendements.<\/p>\n<h3><span style=\"text-decoration: underline\"><strong>Comment agissent les enzymes :<\/strong><\/span><\/h3>\n<p>Les enzymes contenues dans Biobizz Microbes ont un effet catalyseur instantan\u00e9 sur les nutriments organiques, cr\u00e9ant des acides amin\u00e9s libres dans les substrats de culture et augmentant ainsi l&rsquo;activit\u00e9 et l&rsquo;effet des micro-organismes actifs.<\/p>\n<p>Ces composants \u00ab\u00a0d\u00e9verrouillent\u00a0\u00bb les cha\u00eenes prot\u00e9iques fournies par les engrais.<br \/>De cette mani\u00e8re, les <strong>enzymes augmentent la vitesse \u00e0 laquelle les micro-organismes colonisent le substrat<\/strong>, ainsi que la catalyse rapide des nutriments en vue de leur absorption rapide. Les enzymes sont donc le compl\u00e9ment parfait des micro-organismes b\u00e9n\u00e9fiques du substrat, cr\u00e9ant ainsi un \u00e9cosyst\u00e8me sain et productif.<\/p>\n<h3><span style=\"text-decoration: underline\"><br \/><strong>Comment agissent les champignons :<\/strong><\/span><\/h3>\n<p>Les champignons Trichoderma sont les meilleurs amis des producteurs biologiques lorsqu&rsquo;il s&rsquo;agit d&rsquo;am\u00e9liorer la sant\u00e9 et la productivit\u00e9 des plantes.<\/p>\n<p><strong>Ces<\/strong> champignons travaillent en symbiose avec la plante, la prot\u00e9geant contre les agents pathog\u00e8nes nuisibles et la croissance fongique, tout en favorisant le d\u00e9veloppement abondant des racines, la r\u00e9tention d&rsquo;eau et l&rsquo;absorption des \u00e9l\u00e9ments nutritifs.<\/p>\n<p>La combinaison de tous ces \u00e9l\u00e9ments dans un format pratique et facile \u00e0 appliquer est l&rsquo;outil parfait pour le cultivateur afin de garantir des propri\u00e9t\u00e9s et un rendement final am\u00e9lior\u00e9s et accrus.<\/p>\n<h3><span style=\"text-decoration: underline\"><strong>Comment les microbes sont-ils utilis\u00e9s ?<\/strong><\/span><\/h3>\n<p>Biobizz Microbes peut \u00eatre utilis\u00e9 tout au long du cycle v\u00e9g\u00e9tal et fonctionne particuli\u00e8rement bien lorsqu&rsquo;il est combin\u00e9 avec les autres produits Biobizz.<\/p>\n<p>Il est recommand\u00e9 d&rsquo;appliquer Microbes une fois par semaine \u00e0 raison de 0,2 \u00e0 0,4 mg\/L. Pour les doses r\u00e9elles, consultez le programme nutritionnel officiel.<\/p>\n<h3><span style=\"text-decoration: underline\"><strong>Caract\u00e9ristiques techniques garanties :<\/strong><\/span><\/h3>\n<ul style=\"list-style-type: disc\">\n<li><em>Trichoderma harzianum<\/em> &gt; 10 000 000 UFC\/g<\/li>\n<li><em>Bacillus valezensis<\/em> &gt; 500 000 000 UFC\/g<\/li>\n<li><em>Bacillus megaterium<\/em> &gt; 200 000 000 UFC\/g<\/li>\n<li><em>Bacillus pumilus<\/em> &gt; 250 000 000 UFC\/g<\/li>\n<li><em>Bacillus licheniformis<\/em> &gt; 500 000 000 UFC\/g<\/li>\n<\/ul>\n","protected":false},"excerpt":{"rendered":"<p>Biobizz Microbes est un ensemble complet de micro-organismes b\u00e9n\u00e9fiques, d&rsquo;enzymes et de champignons qui stimulent le processus de germination et<\/p>\n","protected":false},"featured_media":129732,"comment_status":"open","ping_status":"closed","template":"","meta":[],"product_brand":[],"product_cat":[7933],"product_tag":[],"class_list":{"0":"post-129737","1":"product","2":"type-product","3":"status-publish","4":"has-post-thumbnail","6":"product_cat-engrais","8":"first","9":"instock","10":"taxable","11":"shipping-taxable","12":"purchasable","13":"product-type-simple"},"_links":{"self":[{"href":"https:\/\/www.budream.com\/fr\/wp-json\/wp\/v2\/product\/129737","targetHints":{"allow":["GET"]}}],"collection":[{"href":"https:\/\/www.budream.com\/fr\/wp-json\/wp\/v2\/product"}],"about":[{"href":"https:\/\/www.budream.com\/fr\/wp-json\/wp\/v2\/types\/product"}],"replies":[{"embeddable":true,"href":"https:\/\/www.budream.com\/fr\/wp-json\/wp\/v2\/comments?post=129737"}],"version-history":[{"count":0,"href":"https:\/\/www.budream.com\/fr\/wp-json\/wp\/v2\/product\/129737\/revisions"}],"wp:featuredmedia":[{"embeddable":true,"href":"https:\/\/www.budream.com\/fr\/wp-json\/wp\/v2\/media\/129732"}],"wp:attachment":[{"href":"https:\/\/www.budream.com\/fr\/wp-json\/wp\/v2\/media?parent=129737"}],"wp:term":[{"taxonomy":"product_brand","embeddable":true,"href":"https:\/\/www.budream.com\/fr\/wp-json\/wp\/v2\/product_brand?post=129737"},{"taxonomy":"product_cat","embeddable":true,"href":"https:\/\/www.budream.com\/fr\/wp-json\/wp\/v2\/product_cat?post=129737"},{"taxonomy":"product_tag","embeddable":true,"href":"https:\/\/www.budream.com\/fr\/wp-json\/wp\/v2\/product_tag?post=129737"}],"curies":[{"name":"wp","href":"https:\/\/api.w.org\/{rel}","templated":true}]}}