{"id":129747,"date":"2025-07-30T22:36:22","date_gmt":"2025-07-30T20:36:22","guid":{"rendered":"https:\/\/www.budream.com\/shop\/bioki-integral-chestnut-extract-100gr\/"},"modified":"2026-01-19T12:35:09","modified_gmt":"2026-01-19T10:35:09","slug":"bioki-integral-chestnut-extract-100gr","status":"publish","type":"product","link":"https:\/\/www.budream.com\/fr\/shop\/bioki-integral-chestnut-extract-100gr\/","title":{"rendered":"BIOKI &#8211; INTEGRAL CHESTNUT EXTRACT | 100gr"},"content":{"rendered":"<p><strong>Extrait entier de ch\u00e2taigne \u00e0 base de tanin,<\/strong> produit r\u00e9sultant de l&rsquo;extraction aqueuse de bois de ch\u00e2taignier obtenu exclusivement par des proc\u00e9d\u00e9s physiques.<\/p>\n<div>Le tanin est obtenu par une s\u00e9rie d&rsquo;extractions aqueuses utilisant exclusivement des proc\u00e9d\u00e9s physiques, sur du bois de ch\u00e2taignier domestique tr\u00e8s pur (Castanea sativa), un h\u00eatre tr\u00e8s r\u00e9pandu en Europe, en particulier en Italie et en France. Seule une s\u00e9lection de quelques troncs d&rsquo;arbres \u00e2g\u00e9s, g\u00e9n\u00e9ralement de 50 \u00e0 75 ans, est utilis\u00e9e pour la production, avec un s\u00e9chage appropri\u00e9. Il est \u00e9galement utilis\u00e9 en \u0153nologie pour stabiliser la couleur du vin, d\u00e9sactiver les enzymes oxydantes, contr\u00f4ler la croissance bact\u00e9rienne et pr\u00e9cipiter les prot\u00e9ines en solution.<\/p>\n<p>Chez les plantes, il agit comme un \u00e9liciteur efficace capable de stimuler les r\u00e9actions de d\u00e9fense et d&rsquo;activer le d\u00e9veloppement de substances naturelles contre les stress biotiques et abiotiques.<br \/>Les plantes se d\u00e9veloppent ainsi normalement, m\u00eame dans des conditions environnementales favorables au d\u00e9veloppement des champignons et des bact\u00e9ries.<\/p>\n<p><strong>Le produit peut \u00eatre utilis\u00e9 en agriculture biologique conform\u00e9ment aux r\u00e8glements CE 834\/2007 et 889\/2008.<\/strong><\/p>\n<h2><span style=\"text-decoration: underline\"><strong>Principaux effets de l&rsquo;extrait de ch\u00e2taigne<\/strong><\/span><\/h2>\n<\/div>\n<ul style=\"list-style-type: disc\">\n<li>Le tanin de ch\u00e2taigne forme sur la v\u00e9g\u00e9tation une fine pellicule tr\u00e8s adh\u00e9rente, nutritive, biod\u00e9gradable, peu perm\u00e9able \u00e0 l&rsquo;oxyg\u00e8ne qui permet de r\u00e9duire l&rsquo;\u00e9vapotranspiration en p\u00e9riode chaude, de r\u00e9duire l&rsquo;\u00e9clatement des fruits, de favoriser la cicatrisation, d&rsquo;am\u00e9liorer la r\u00e9sistance aux attaques fongiques et bact\u00e9riennes.\n<\/li>\n<li>La pr\u00e9sence de polyph\u00e9nols et d&rsquo;acides organiques permet d&rsquo;am\u00e9liorer la structure du sol, d&rsquo;acidifier les sols \u00e0 pH excessif et de r\u00e9duire les dommages dus \u00e0 l&rsquo;exc\u00e8s de salinit\u00e9. La composante polyph\u00e9nolique stimule \u00e9galement le d\u00e9veloppement de la microflore utile (antagonistes microbiens) tout en limitant la prolif\u00e9ration des pathog\u00e8nes nuisibles aux cultures, contribue \u00e0 limiter le d\u00e9veloppement et la multiplication des n\u00e9matodes phytophages responsables de l&rsquo;alt\u00e9ration du syst\u00e8me racinaire des plantes gr\u00e2ce \u00e0 son action caustique sur les formes juv\u00e9niles et anti-nourriture sur les formes adultes.\n<\/li>\n<li>Les propri\u00e9t\u00e9s complexantes de l&rsquo;extrait de tanin favorisent \u00e9galement la croissance du syst\u00e8me racinaire et l&rsquo;assimilation des nutriments utiles aux plantes, en particulier dans les sols \u00ab\u00a0fatigu\u00e9s\u00a0\u00bb soumis \u00e0 des fumigations et \u00e0 des rotations courtes.\n<\/li>\n<li>Le tanin de ch\u00e2taignier peut \u00eatre utilis\u00e9 sur les cultures horticoles et floricoles en agriculture int\u00e9gr\u00e9e et biologique par fertigation, en distribuant le produit de mani\u00e8re constante tout au long du cycle de d\u00e9veloppement de la culture.<\/li>\n<\/ul>\n<ul style=\"list-style-type: disc\">\n<li>Au niveau des racines, le tanin de ch\u00e2taignier cr\u00e9e un environnement particuli\u00e8rement favorable \u00e0 la croissance et au d\u00e9veloppement normal du syst\u00e8me racinaire de la plante (racines, tubercules, racines pivotantes, etc.), m\u00eame en pr\u00e9sence de parasites du sol ou d&rsquo;autres facteurs biotiques et abiotiques d\u00e9favorables. Il am\u00e9liore la vitalit\u00e9 du sol et, gr\u00e2ce \u00e0 son pH acide, cr\u00e9e un environnement inhospitalier pour les n\u00e9matodes.<\/li>\n<\/ul>\n<p><strong>Dosage et mode d&#8217;emploi<\/strong><br \/>Le tanin de ch\u00e2taignier peut \u00eatre utilis\u00e9 sur toutes les cultures fruiti\u00e8res, l\u00e9gumi\u00e8res, florales et industrielles, par pulv\u00e9risation foliaire et fertigation \u00e0 tous les stades de d\u00e9veloppement en plein champ et en serre.<\/p>\n<div>Par pulv\u00e9risation foliaire, il a une action osmoprotectrice o\u00f9 il est rapidement absorb\u00e9 par les tissus de la plante et manifeste une action tr\u00e8s valable pour la protection contre le gel \u00e0 la fois au niveau foliaire et racinaire. Il s&rsquo;agit \u00e9galement d&rsquo;une alternative valable aux traitements avec des produits \u00e0 base de cuivre, car il cr\u00e9e un environnement d\u00e9favorable au d\u00e9veloppement des cryptogames (mildiou).<br \/><strong>Traitements de protection :<\/strong> 250-350g\/hl, en ajoutant 600g de z\u00e9olite cliptolinolite \u00e0 l&rsquo;intervention, en traitant bien la plante sans goutte \u00e0 goutte. <br \/><strong>Traitements de protection contre les maladies fongiques :<\/strong> 300 g\/hl, en intervenant tous les 8-10 jours.<\/div>\n<div>Par fertirrigation, en veillant \u00e0 distribuer le produit dans la derni\u00e8re phase du cycle d&rsquo;irrigation pour \u00e9viter les pertes par lessivage.<br \/>Pour une protection compl\u00e8te de la culture, il est conseill\u00e9 de <strong>r\u00e9p\u00e9ter le traitement 3-4 fois pendant le cycle de croissance<\/strong> tous les 15-20 jours avec de grandes quantit\u00e9s d&rsquo;eau.<br \/>De cette mani\u00e8re, pr\u00e8s du syst\u00e8me racinaire des plantes, la concentration du produit est maintenue constante et le d\u00e9veloppement des champignons et l&rsquo;action n\u00e9faste des n\u00e9matodes sont \u00e9vit\u00e9s. Le produit est utilis\u00e9 \u00e0 la dose de 1-3 kg\/1000 m\u00b2 (soit 10\/30 kg\/ha) tous les 8-10 jours.<\/div>\n<h2><\/h2>\n","protected":false},"excerpt":{"rendered":"<p>Extrait entier de ch\u00e2taigne \u00e0 base de tanin, produit r\u00e9sultant de l&rsquo;extraction aqueuse de bois de ch\u00e2taignier obtenu exclusivement par<\/p>\n","protected":false},"featured_media":129742,"comment_status":"open","ping_status":"closed","template":"","meta":[],"product_brand":[],"product_cat":[7928],"product_tag":[],"class_list":{"0":"post-129747","1":"product","2":"type-product","3":"status-publish","4":"has-post-thumbnail","6":"product_cat-antiparasitaires-et-defense","8":"first","9":"instock","10":"taxable","11":"shipping-taxable","12":"purchasable","13":"product-type-simple"},"aioseo_notices":[],"_links":{"self":[{"href":"https:\/\/www.budream.com\/fr\/wp-json\/wp\/v2\/product\/129747","targetHints":{"allow":["GET"]}}],"collection":[{"href":"https:\/\/www.budream.com\/fr\/wp-json\/wp\/v2\/product"}],"about":[{"href":"https:\/\/www.budream.com\/fr\/wp-json\/wp\/v2\/types\/product"}],"replies":[{"embeddable":true,"href":"https:\/\/www.budream.com\/fr\/wp-json\/wp\/v2\/comments?post=129747"}],"version-history":[{"count":0,"href":"https:\/\/www.budream.com\/fr\/wp-json\/wp\/v2\/product\/129747\/revisions"}],"wp:featuredmedia":[{"embeddable":true,"href":"https:\/\/www.budream.com\/fr\/wp-json\/wp\/v2\/media\/129742"}],"wp:attachment":[{"href":"https:\/\/www.budream.com\/fr\/wp-json\/wp\/v2\/media?parent=129747"}],"wp:term":[{"taxonomy":"product_brand","embeddable":true,"href":"https:\/\/www.budream.com\/fr\/wp-json\/wp\/v2\/product_brand?post=129747"},{"taxonomy":"product_cat","embeddable":true,"href":"https:\/\/www.budream.com\/fr\/wp-json\/wp\/v2\/product_cat?post=129747"},{"taxonomy":"product_tag","embeddable":true,"href":"https:\/\/www.budream.com\/fr\/wp-json\/wp\/v2\/product_tag?post=129747"}],"curies":[{"name":"wp","href":"https:\/\/api.w.org\/{rel}","templated":true}]}}