{"id":129782,"date":"2025-07-30T22:36:55","date_gmt":"2025-07-30T20:36:55","guid":{"rendered":"https:\/\/www.budream.com\/shop\/xvape-xmax-v3-pro-vaporizer\/"},"modified":"2026-03-09T14:27:27","modified_gmt":"2026-03-09T12:27:27","slug":"xvape-xmax-v3-pro-vaporizer","status":"publish","type":"product","link":"https:\/\/www.budream.com\/fr\/shop\/xvape-xmax-v3-pro-vaporizer\/","title":{"rendered":"XVAPE &#8211; XMAX V3 PRO VAPORIZER"},"content":{"rendered":"<p>Le XMax V3 Pro est un excellent vaporisateur polyvalent. Le chauffage par convection, combin\u00e9 \u00e0 un temps de chauffe rapide et \u00e0 une interface facile \u00e0 utiliser, fait de ce vaporisateur un excellent produit pour la plupart des utilisateurs.<\/p>\n<h2><strong><span style=\"text-decoration: underline\">Quelle est la diff\u00e9rence entre le XMax V2 Pro et le V3 Pro ?<\/span><\/strong><\/h2>\n<p><strong>Le XMax V3 Pro de XVape<\/strong> est plus petit que le V2 original, avec une chambre plus petite et un temps de chauffe r\u00e9duit de 80 %, mais il peut toujours contenir suffisamment pour une session (0,15 g), ce qui \u00e9vite d&rsquo;avoir \u00e0 emballer et \u00e0 recharger sans cesse. Une autre diff\u00e9rence est le chauffage par convection, ce qui signifie que le vaporisateur V3 Pro tirera davantage parti de vos herbes.<br \/><span style=\"font-size: 12pt\"><strong><br \/>Vapeur par convection<\/strong><\/span>\u00ab\u00a0\u00e0 la demande\u00a0\u00bb <span style=\"font-size: 12pt\"><strong><br \/> La nouveaut\u00e9 de cette version du XMax Pro est le mode \u00ab\u00a0\u00e0 la demande\u00a0\u00bb : ce mode ne chauffe les herbes\/concentr\u00e9s que pendant 30 secondes \u00e0 la fois. Cela r\u00e9duit le gaspillage car seule la chambre de vaporisation est chauff\u00e9e lorsque vous utilisez le vaporisateur. Toutefois, si vous pr\u00e9f\u00e9rez que la chambre de vaporisation reste chaude, vous pouvez toujours utiliser le mode session (4 ou 6 minutes).<\/strong><\/span><\/p>\n<p>Le XMax V3 Pro est un <strong>vaporisateur \u00e0 convection<\/strong>, ce qui signifie que la chaleur appliqu\u00e9e aux herbes\/concentr\u00e9s se produit uniquement par l&rsquo;interm\u00e9diaire de l&rsquo;air chaud, et non par le contact direct entre le produit et la source de chaleur. Cela permet d&rsquo;obtenir une meilleure saveur, une vaporisation plus homog\u00e8ne et une plus grande quantit\u00e9 de vapeur que les vaporisateurs \u00e0 conduction.<\/p>\n<h3><span style=\"font-size: 12pt\"><strong>Pas seulement pour les herbes<\/strong><\/span><\/h3>\n<p>Le XMax V3 Pro est livr\u00e9 avec un gobelet de cire que vous pouvez utiliser pour vaporiser des <strong>concentr\u00e9s tels que la colophane et la BHO<\/strong>. Il suffit d&rsquo;ajouter le concentr\u00e9 dans la coupelle, d&rsquo;ins\u00e9rer la coupelle dans le vapo et vous \u00eates pr\u00eat \u00e0 vaporiser.<\/p>\n<h3><span style=\"font-size: 12pt\"><strong>Embout innovant<\/strong><\/span><\/h3>\n<p>L&#8217;embout magn\u00e9tique est con\u00e7u avec un outil de raclage pour faciliter le nettoyage et le secouage. Cet embout en plastique r\u00e9sistant \u00e0 la chaleur peut \u00eatre d\u00e9mont\u00e9 et nettoy\u00e9 \u00e0 fond, ce qui permet d&rsquo;\u00e9viter l&rsquo;accumulation de r\u00e9sidus.<\/p>\n<h3><span style=\"font-size: 12pt\"><strong>Excellente batterie<\/strong><\/span><\/h3>\n<p>Le XMax V3 Pro est \u00e9quip\u00e9 d&rsquo;une batterie 18650 rechargeable et amovible de haute qualit\u00e9 qui vous permet de vaper plus longtemps entre deux charges. Chaque charge fournit environ 50 minutes d&rsquo;utilisation.<\/p>\n<h3><span style=\"font-size: 12pt\"><strong>Chargement USB-C<\/strong><\/span><\/h3>\n<p>Une autre nouveaut\u00e9 de la V3 Pro est qu&rsquo;elle dispose d\u00e9sormais d&rsquo;un port de charge USB-C pour une charge ultra-rapide. L&rsquo;appareil se rechargera compl\u00e8tement en environ deux heures \u00e0 partir de la charge compl\u00e8te.<br \/>Vous pouvez \u00e9galement trouver toutes les informations pertinentes telles que le mode\/la temp\u00e9rature r\u00e9gl\u00e9e, la temp\u00e9rature actuelle et l&rsquo;\u00e9tat de la batterie sur le grand \u00e9cran OLED.<\/p>\n<h2><strong><span style=\"text-decoration: underline\">Principales caract\u00e9ristiques XMAX V3 PRO<\/span>:<\/strong><\/h2>\n<ul style=\"list-style-type: disc\">\n<li><span style=\"font-size: 12pt\">2 modes : session et \u00ab\u00a0\u00e0 la demande\u00a0\u00bb ;<\/span><\/li>\n<li><span style=\"font-size: 12pt\">Vaporisateur \u00e0 convection ;<\/span><\/li>\n<li><span style=\"font-size: 12pt\">Buse magn\u00e9tique facile \u00e0 nettoyer ;<\/span><\/li>\n<li><span style=\"font-size: 12pt\">\u00c9cran OLED ;<\/span><\/li>\n<li><span style=\"font-size: 12pt\">Batterie rempla\u00e7able de 2600 mAh ;<\/span><\/li>\n<li><span style=\"font-size: 12pt\">Chargement via USB-C ;<\/span><\/li>\n<\/ul>\n","protected":false},"excerpt":{"rendered":"<p>Le XMax V3 Pro est un excellent vaporisateur polyvalent. Le chauffage par convection, combin\u00e9 \u00e0 un temps de chauffe rapide<\/p>\n","protected":false},"featured_media":129752,"comment_status":"open","ping_status":"closed","template":"","meta":[],"product_brand":[],"product_cat":[7910],"product_tag":[],"class_list":{"0":"post-129782","1":"product","2":"type-product","3":"status-publish","4":"has-post-thumbnail","6":"product_cat-vaporisateurs","8":"first","9":"instock","10":"sale","11":"taxable","12":"shipping-taxable","13":"purchasable","14":"product-type-simple"},"aioseo_notices":[],"_links":{"self":[{"href":"https:\/\/www.budream.com\/fr\/wp-json\/wp\/v2\/product\/129782","targetHints":{"allow":["GET"]}}],"collection":[{"href":"https:\/\/www.budream.com\/fr\/wp-json\/wp\/v2\/product"}],"about":[{"href":"https:\/\/www.budream.com\/fr\/wp-json\/wp\/v2\/types\/product"}],"replies":[{"embeddable":true,"href":"https:\/\/www.budream.com\/fr\/wp-json\/wp\/v2\/comments?post=129782"}],"version-history":[{"count":0,"href":"https:\/\/www.budream.com\/fr\/wp-json\/wp\/v2\/product\/129782\/revisions"}],"wp:featuredmedia":[{"embeddable":true,"href":"https:\/\/www.budream.com\/fr\/wp-json\/wp\/v2\/media\/129752"}],"wp:attachment":[{"href":"https:\/\/www.budream.com\/fr\/wp-json\/wp\/v2\/media?parent=129782"}],"wp:term":[{"taxonomy":"product_brand","embeddable":true,"href":"https:\/\/www.budream.com\/fr\/wp-json\/wp\/v2\/product_brand?post=129782"},{"taxonomy":"product_cat","embeddable":true,"href":"https:\/\/www.budream.com\/fr\/wp-json\/wp\/v2\/product_cat?post=129782"},{"taxonomy":"product_tag","embeddable":true,"href":"https:\/\/www.budream.com\/fr\/wp-json\/wp\/v2\/product_tag?post=129782"}],"curies":[{"name":"wp","href":"https:\/\/api.w.org\/{rel}","templated":true}]}}