{"id":129812,"date":"2025-07-30T22:37:29","date_gmt":"2025-07-30T20:37:29","guid":{"rendered":"https:\/\/www.budream.com\/shop\/storzbickel-mighty-vaporisateur\/"},"modified":"2026-03-02T21:12:39","modified_gmt":"2026-03-02T19:12:39","slug":"storzbickel-mighty-vaporisateur","status":"publish","type":"product","link":"https:\/\/www.budream.com\/fr\/shop\/storzbickel-mighty-vaporisateur\/","title":{"rendered":"STORZ&amp;BICKEL &#8211; MIGHTY+ | VAPORISATEUR"},"content":{"rendered":"<p>Le MIGHTY a toujours \u00e9t\u00e9 le cheval de bataille de <a href=\"https:\/\/www.storz-bickel.com\/\">Storz&amp;bickel<\/a> et aujourd&rsquo;hui, avec le MIGHTY+, la marque allemande place la barre encore plus haut gr\u00e2ce \u00e0 ces <strong>nouvelles caract\u00e9ristiques<\/strong> \u00e0 couper le souffle :<\/p>\n<h2><strong><span style=\"text-decoration: underline\">Un design am\u00e9lior\u00e9<\/span><\/strong><\/h2>\n<p>Nous avons soigneusement int\u00e9gr\u00e9 des mat\u00e9riaux soigneusement s\u00e9lectionn\u00e9s dans le nouveau design du vapo. La <strong>chambre de remplissage est d\u00e9sormais rev\u00eatue de c\u00e9ramique<\/strong> et est donc plus durable et plus solide. De plus, des ailettes ont \u00e9t\u00e9 ajout\u00e9es \u00e0 la base de l&rsquo;appareil pour rendre le MIGHTY+ stable sur les surfaces planes.<\/p>\n<h2><strong><span style=\"text-decoration: underline\">Chargement acc\u00e9l\u00e9r\u00e9<\/span><\/strong><\/h2>\n<p>Le MIGHTY+ est \u00e9quip\u00e9 d&rsquo;une prise USB-C dot\u00e9e d&rsquo;une fonction de supercharge, permettant de charger le MIGHTY+ avec 45 watts. Un circuit imprim\u00e9 enti\u00e8rement repens\u00e9 a \u00e9t\u00e9 introduit pour g\u00e9rer l&rsquo;augmentation significative de la puissance. La fonction de super-recharge vous permet de recharger<strong>80 % de la batterie en 40 minutes environ<\/strong>! De plus, vous pourrez d\u00e9sormais recharger votre MIGHTY+ avec un c\u00e2ble USB &#8211; pratiquement n&rsquo;importe o\u00f9 !<\/p>\n<h2><strong><span style=\"text-decoration: underline\">\u00c9chauffement plus rapide pour le Mighty+<\/span><\/strong><\/h2>\n<p>Tout comme le MIGHTY, le MIGHTY+ utilise une combinaison brevet\u00e9e de chauffage par convection et conduction &#8211; une technologie qui s&rsquo;est av\u00e9r\u00e9e excellente et efficace pour chauffer les herbes uniform\u00e9ment, sans les remuer. En outre, le <a href=\"https:\/\/www.storz-bickel.com\/it\/mighty-plus\">MIGHTY+<\/a> est \u00e9quip\u00e9 d&rsquo;un syst\u00e8me de chauffage optimis\u00e9, ce qui lui permet de <strong>chauffer en 60 secondes environ<\/strong>. Nous avons \u00e9galement ajout\u00e9 une temp\u00e9rature pr\u00e9r\u00e9gl\u00e9e suppl\u00e9mentaire : la temp\u00e9rature super-booster. En cliquant trois fois sur le bouton marche\/arr\u00eat, la temp\u00e9rature actuelle augmente de 15 &deg;C.<\/p>\n<h2><strong><span style=\"text-decoration: underline\">Caract\u00e9ristiques et am\u00e9liorations du Mighty+<\/span><\/strong><\/h2>\n<ul style=\"list-style-type: disc\">\n<li>Prise USB-C<\/li>\n<li>Fonction de super-recharge : 80% de charge en 40 minutes<\/li>\n<li>Chauffage en 60 secondes environ<\/li>\n<li>Chambre de remplissage recouverte de c\u00e9ramique<\/li>\n<li>Conception optimis\u00e9e pour une plus grande stabilit\u00e9<\/li>\n<li>Pr\u00e9r\u00e9glage de la temp\u00e9rature du super-booster<\/li>\n<li>Bo\u00eetier am\u00e9lior\u00e9<\/li>\n<li>Garantie de 2 ans + 1 an en cas d&rsquo;enregistrement<\/li>\n<\/ul>\n<div class=\"pagebuilder-column-group\" data-background-images=\"{}\" data-content-type=\"column-group\" data-appearance=\"default\" data-grid-size=\"12\" data-element=\"main\" data-pb-style=\"E3H3SHP\">\n<div class=\"pagebuilder-column-line\" data-content-type=\"column-line\" data-element=\"main\" data-pb-style=\"ESQKTAJ\">\n<div class=\"pagebuilder-column\" data-content-type=\"column\" data-appearance=\"full-height\" data-background-images=\"{}\" data-element=\"main\" data-pb-style=\"SIQV8NX\">\n<div data-content-type=\"text\" data-appearance=\"default\" data-element=\"main\" data-pb-style=\"MX1QC2S\">\n<h2>De grandes performances dans un format de poche : le vaporisateur MIGHTY+.<\/h2>\n<p>L&rsquo;engagement de STORZ &amp; BICKEL en mati\u00e8re de qualit\u00e9 et d&rsquo;innovation est une cat\u00e9gorie \u00e0 part. Avec le MIGHTY+, nous avons construit un vaporisateur portable robuste et durable, fabriqu\u00e9 en Allemagne, pour les personnes ayant un mode de vie actif.<\/p>\n<\/div>\n<\/div>\n<div class=\"pagebuilder-column\" data-content-type=\"column\" data-appearance=\"full-height\" data-background-images=\"{}\" data-element=\"main\" data-pb-style=\"LOPGCBC\"><\/div>\n<\/div>\n<\/div>\n<div class=\"pagebuilder-column-group\" data-background-images=\"{}\" data-content-type=\"column-group\" data-appearance=\"default\" data-grid-size=\"12\" data-element=\"main\" data-pb-style=\"A3NC3HS\">\n<div class=\"pagebuilder-column-line\" data-content-type=\"column-line\" data-element=\"main\" data-pb-style=\"TVOS4SF\">\n<div class=\"pagebuilder-column\" data-content-type=\"column\" data-appearance=\"full-height\" data-background-images=\"{}\" data-element=\"main\" data-pb-style=\"YOGP79C\"><\/div>\n<div class=\"pagebuilder-column\" data-content-type=\"column\" data-appearance=\"full-height\" data-background-images=\"{}\" data-element=\"main\" data-pb-style=\"NW3IKK3\">\n<figure data-content-type=\"image\" data-appearance=\"full-width\" data-element=\"main\" data-pb-style=\"XJFHNW8\"><img decoding=\"async\" class=\"pagebuilder-mobile-hidden\" title=\"S&amp;B MIGHTY+ Vaporizer: Patented convection and conduction heating\" src=\"https:\/\/www.storz-bickel.com\/media\/wysiwyg\/shot6_mighty_heating-dampf-desktop.jpg\" alt=\"Cross-section of STORZ &amp; BICKEL MIGHTY+ Vaporizer shows heating element and color-coded airflow and two lithium-ion batteries\" data-element=\"desktop_image\" data-pb-style=\"PD5DPW6\" \/><\/figure>\n<\/div>\n<div class=\"pagebuilder-column\" data-content-type=\"column\" data-appearance=\"align-center\" data-background-images=\"{}\" data-element=\"main\" data-pb-style=\"URNUX0O\">\n<div data-content-type=\"text\" data-appearance=\"default\" data-element=\"main\" data-pb-style=\"L7UIWT7\">\n<h3>Une technologie brevet\u00e9e du plus haut niveau<\/h3>\n<p>Le MIGHTY+ est bas\u00e9 sur la combinaison brevet\u00e9e de chauffage par convection et conduction de S&amp;B, qui garantit :<\/p>\n<ul>\n<li>une vaporisation optimale d\u00e8s la premi\u00e8re bouff\u00e9e<\/li>\n<li>Des nuages de vapeur impressionnants avec un ar\u00f4me unique<\/li>\n<li>Une faible r\u00e9sistance \u00e0 l&rsquo;extraction d&rsquo;air<\/li>\n<\/ul>\n<\/div>\n<\/div>\n<div class=\"pagebuilder-column\" data-content-type=\"column\" data-appearance=\"full-height\" data-background-images=\"{}\" data-element=\"main\" data-pb-style=\"VRRUQBY\"><\/div>\n<\/div>\n<div class=\"pagebuilder-column-line\" data-content-type=\"column-line\" data-element=\"main\" data-pb-style=\"MLNG4PO\">\n<div class=\"pagebuilder-column\" data-content-type=\"column\" data-appearance=\"full-height\" data-background-images=\"{}\" data-element=\"main\" data-pb-style=\"VAGQGCL\"><\/div>\n<div class=\"pagebuilder-column\" data-content-type=\"column\" data-appearance=\"full-height\" data-background-images=\"{}\" data-element=\"main\" data-pb-style=\"N2GWP39\">\n<figure data-content-type=\"image\" data-appearance=\"full-width\" data-element=\"main\" data-pb-style=\"BL14QWR\"><img decoding=\"async\" class=\"pagebuilder-mobile-hidden\" title=\"Ceramic-coated Filling Chamber for pure taste and easy cleaning\" src=\"https:\/\/www.storz-bickel.com\/media\/wysiwyg\/shot5_mighty_fuellkammer-desktop.jpg\" alt=\"Removed cooling unit of STORZ &amp; BICKEL MIGHTY+ with mouthpiece and open filling chamber with ceramic coating and seal ring\" data-element=\"desktop_image\" data-pb-style=\"QP1852N\" \/><\/figure>\n<\/div>\n<div class=\"pagebuilder-column\" data-content-type=\"column\" data-appearance=\"align-center\" data-background-images=\"{}\" data-element=\"main\" data-pb-style=\"JYAQ0CW\">\n<div data-content-type=\"text\" data-appearance=\"default\" data-element=\"main\" data-pb-style=\"IW445G5\">\n<h3>La haute performance rencontre la puissante fonctionnalit\u00e9 MIGHTY<\/h3>\n<ul>\n<li>\n<p>Mat\u00e9riau Peek haute performance<\/p>\n<p>Utilis\u00e9 couramment dans l&rsquo;ing\u00e9nierie m\u00e9dicale et a\u00e9rospatiale<\/p>\n<\/li>\n<li>\n<p>R\u00e9cipient \u00e0 rev\u00eatement c\u00e9ramique (1,4 cm&sup3;)<br \/>\u279e Tr\u00e8s r\u00e9sistant \u00e0 l&rsquo;usure<\/p>\n<\/li>\n<li>\n<p>Unit\u00e9 de refroidissement efficace<br \/>\u279e Gr\u00e2ce \u00e0 un chemin d&rsquo;air en forme de labyrinthe<\/p>\n<\/li>\n<li>\n<p>Vaporisateur certifi\u00e9<br \/>\u279e UL 8139 et IEC 60335-1<\/p>\n<\/li>\n<\/ul>\n<\/div>\n<\/div>\n<div class=\"pagebuilder-column\" data-content-type=\"column\" data-appearance=\"full-height\" data-background-images=\"{}\" data-element=\"main\" data-pb-style=\"HNJLNUK\"><\/div>\n<\/div>\n<div class=\"pagebuilder-column-line\" data-content-type=\"column-line\" data-element=\"main\" data-pb-style=\"SHSTWTW\">\n<div class=\"pagebuilder-column\" data-content-type=\"column\" data-appearance=\"full-height\" data-background-images=\"{}\" data-element=\"main\" data-pb-style=\"PITL9PY\"><\/div>\n<div class=\"pagebuilder-column\" data-content-type=\"column\" data-appearance=\"full-height\" data-background-images=\"{}\" data-element=\"main\" data-pb-style=\"R2EEGXQ\">\n<figure data-content-type=\"image\" data-appearance=\"full-width\" data-element=\"main\" data-pb-style=\"JWJK3I4\"><img decoding=\"async\" class=\"pagebuilder-mobile-hidden\" title=\"Precise temperature control on the S&amp;B MIGHTY+ with plus\/minus buttons\" src=\"https:\/\/www.storz-bickel.com\/media\/wysiwyg\/shot7_mighty_precise_control-desktop.jpg\" alt=\"Close-up of STORZ &amp; BICKEL MIGHTY+ vaporizer display with precise acutal and target temperature display and operation buttons\" data-element=\"desktop_image\" data-pb-style=\"R3A88UJ\" \/><\/figure>\n<\/div>\n<div class=\"pagebuilder-column\" data-content-type=\"column\" data-appearance=\"align-center\" data-background-images=\"{}\" data-element=\"main\" data-pb-style=\"GSSCJT0\">\n<div data-content-type=\"text\" data-appearance=\"default\" data-element=\"main\" data-pb-style=\"MXSD36E\">\n<h3>Contr\u00f4le pr\u00e9cis de la temp\u00e9rature<\/h3>\n<p>Contr\u00f4le pr\u00e9cis de la temp\u00e9rature entre 40&deg;C et 210&deg;C (104&deg;F &#8211; 410&deg;F) gr\u00e2ce \u00e0 des touches tactiles et \u00e0 l&rsquo;affichage \u00e0 cristaux liquides.<\/p>\n<\/p>\n<p>Booster et Superbooster : il suffit de double-cliquer sur l&rsquo;interrupteur marche\/arr\u00eat pour activer deux augmentations de temp\u00e9rature de 15&deg;C (27&deg;F) pr\u00e9r\u00e9gl\u00e9es de mani\u00e8re pratique.<\/p>\n<\/div>\n<\/div>\n<div class=\"pagebuilder-column\" data-content-type=\"column\" data-appearance=\"full-height\" data-background-images=\"{}\" data-element=\"main\" data-pb-style=\"HP9VBB6\"><\/div>\n<\/div>\n<div class=\"pagebuilder-column-line\" data-content-type=\"column-line\" data-element=\"main\" data-pb-style=\"N1KAM5X\">\n<div class=\"pagebuilder-column\" data-content-type=\"column\" data-appearance=\"full-height\" data-background-images=\"{}\" data-element=\"main\" data-pb-style=\"C1TXJ90\"><\/div>\n<div class=\"pagebuilder-column\" data-content-type=\"column\" data-appearance=\"full-height\" data-background-images=\"{}\" data-element=\"main\" data-pb-style=\"Y1FVML8\">\n<figure data-content-type=\"image\" data-appearance=\"full-width\" data-element=\"main\" data-pb-style=\"K26W29A\"><img decoding=\"async\" class=\"pagebuilder-mobile-hidden\" title=\"Fast charging via USB-C port on the STORZ &amp; BICKEL MIGHTY+ Vaporizer\" src=\"https:\/\/www.storz-bickel.com\/media\/wysiwyg\/shot8_mighty_usb-c-desktop.jpg\" alt=\"Lateral close-up of USB-C charging port on STORZ &amp; BICKEL MIGHTY+ Vaporizer\" data-element=\"desktop_image\" data-pb-style=\"DXOV075\" \/><\/figure>\n<\/div>\n<div class=\"pagebuilder-column\" data-content-type=\"column\" data-appearance=\"align-center\" data-background-images=\"{}\" data-element=\"main\" data-pb-style=\"J64R08N\">\n<div data-content-type=\"text\" data-appearance=\"default\" data-element=\"main\" data-pb-style=\"OBMXWKR\">\n<h3>Recharge pratique, puissance durable<\/h3>\n<ul>\n<li>2 puissantes batteries lithium-ion<\/li>\n<li>Prise USB-C<\/li>\n<li>Fonction de charge rapide (~80 % en 40 minutes)<\/li>\n<\/ul>\n<\/div>\n<\/div>\n<\/div>\n<\/div>\n<p><\/p>\n","protected":false},"excerpt":{"rendered":"<p>Le MIGHTY a toujours \u00e9t\u00e9 le cheval de bataille de Storz&amp;bickel et aujourd&rsquo;hui, avec le MIGHTY+, la marque allemande place<\/p>\n","protected":false},"featured_media":129787,"comment_status":"open","ping_status":"closed","template":"","meta":[],"product_brand":[],"product_cat":[7910],"product_tag":[],"class_list":{"0":"post-129812","1":"product","2":"type-product","3":"status-publish","4":"has-post-thumbnail","6":"product_cat-vaporisateurs","8":"first","9":"instock","10":"sale","11":"taxable","12":"shipping-taxable","13":"purchasable","14":"product-type-simple"},"aioseo_notices":[],"_links":{"self":[{"href":"https:\/\/www.budream.com\/fr\/wp-json\/wp\/v2\/product\/129812","targetHints":{"allow":["GET"]}}],"collection":[{"href":"https:\/\/www.budream.com\/fr\/wp-json\/wp\/v2\/product"}],"about":[{"href":"https:\/\/www.budream.com\/fr\/wp-json\/wp\/v2\/types\/product"}],"replies":[{"embeddable":true,"href":"https:\/\/www.budream.com\/fr\/wp-json\/wp\/v2\/comments?post=129812"}],"version-history":[{"count":0,"href":"https:\/\/www.budream.com\/fr\/wp-json\/wp\/v2\/product\/129812\/revisions"}],"wp:featuredmedia":[{"embeddable":true,"href":"https:\/\/www.budream.com\/fr\/wp-json\/wp\/v2\/media\/129787"}],"wp:attachment":[{"href":"https:\/\/www.budream.com\/fr\/wp-json\/wp\/v2\/media?parent=129812"}],"wp:term":[{"taxonomy":"product_brand","embeddable":true,"href":"https:\/\/www.budream.com\/fr\/wp-json\/wp\/v2\/product_brand?post=129812"},{"taxonomy":"product_cat","embeddable":true,"href":"https:\/\/www.budream.com\/fr\/wp-json\/wp\/v2\/product_cat?post=129812"},{"taxonomy":"product_tag","embeddable":true,"href":"https:\/\/www.budream.com\/fr\/wp-json\/wp\/v2\/product_tag?post=129812"}],"curies":[{"name":"wp","href":"https:\/\/api.w.org\/{rel}","templated":true}]}}