{"id":129997,"date":"2025-07-30T22:42:04","date_gmt":"2025-07-30T20:42:04","guid":{"rendered":"https:\/\/www.budream.com\/shop\/storzbickel-volcano-hybrid-black-edition-vaporisateur\/"},"modified":"2026-02-18T17:46:36","modified_gmt":"2026-02-18T15:46:36","slug":"storzbickel-volcano-hybrid-black-edition-vaporisateur","status":"publish","type":"product","link":"https:\/\/www.budream.com\/fr\/shop\/storzbickel-volcano-hybrid-black-edition-vaporisateur\/","title":{"rendered":"STORZ&amp;BICKEL &#8211; VOLCANO HYBRID BLACK EDITION | VAPORISATEUR"},"content":{"rendered":"<p>La nouvelle \u00e9dition limit\u00e9e <strong>VOLCANO ONYX<\/strong> attire tous les regards : elle est \u00e9l\u00e9gante, audacieuse et discr\u00e8te ;<br \/>La couleur ONYX rappelle la roche de lave noire, ce qui correspond parfaitement \u00e0 la forme embl\u00e9matique du <strong>VOLCANO<\/strong>.<br \/>Le rev\u00eatement en poudre de haute qualit\u00e9 rend le c\u00f4ne encore plus r\u00e9sistant aux rayures et le noir mat lui donne une forte apparence d&rsquo;extravagance.<br \/><strong><br \/>Disponible jusqu&rsquo;\u00e0 \u00e9puisement des stocks !<\/strong><\/p>\n<p>Le Volcano Hybrid est le nouveau vaporisateur de table de <strong>Storz &amp; Bickel<\/strong> qui offre de nouvelles fonctionnalit\u00e9s et la qualit\u00e9 incontestable qui a rendu la marque allemande c\u00e9l\u00e8bre dans le monde entier. La r\u00e9invention d&rsquo;une ic\u00f4ne.<\/p>\n<h2><span style=\"text-decoration: underline\">Le Volcano Hybrid black edition pr\u00e9sente de nombreuses nouveaut\u00e9s :<\/span><\/h2>\n<ul style=\"list-style-type: disc\">\n<li>Inhalation \u00e0 l&rsquo;aide du tube ou de la flasque avec Easy Valve ;<\/li>\n<li>Processus de r\u00e9chauffement tr\u00e8s rapide (1 \u00e0 2 minutes) ;<\/li>\n<li>Grand \u00e9cran avec commandes pour le contr\u00f4le de la temp\u00e9rature ;<\/li>\n<li>Contr\u00f4le via l&rsquo;application S&amp;B pour Android et iOS ;<\/li>\n<li>Les mat\u00e9riaux et la fabrication de haute qualit\u00e9 auxquels vous \u00eates habitu\u00e9s avec STORZ &amp; BICKEL garantissent une longue dur\u00e9e de vie Fabriqu\u00e9 en Allemagne.<\/li>\n<li>Nouvelle \u00e9dition limit\u00e9e couleur noir onyx ;<\/li>\n<\/ul>\n<p><\/p>\n<h2><span style=\"text-decoration: underline\">L&rsquo;APP de Storz&amp;Bickel, qui \u00e9tend les fonctions du vaporisateur, est \u00e9galement toute nouvelle :<br \/><\/span><\/h2>\n<ul style=\"list-style-type: disc\">\n<li>Contr\u00f4le du processus thermique ;<\/li>\n<li>Personnalisation des r\u00e9glages ;<\/li>\n<li>Contr\u00f4le de l&rsquo;arr\u00eat automatique ;<\/li>\n<li>Contr\u00f4le des vibrations ;<\/li>\n<li>R\u00e9glage de la luminosit\u00e9 des LED ;<\/li>\n<li>Configuration du d\u00e9bit de vapeur ;<\/li>\n<li>Enregistrement des num\u00e9ros de s\u00e9rie ;<\/li>\n<\/ul>\n<p><strong>Disponible pour Android et iOS.<\/strong><\/p>\n<h2><span style=\"text-decoration: underline\">La bo\u00eete de Volcano Hybrid black edition comprend :<\/span><\/h2>\n<ul style=\"list-style-type: disc\">\n<li class=\"long-description\">1 pc. Vaporisateur VOLCANO HYBRID BLACK EDITION ;<\/li>\n<li class=\"long-description\">1 pc. C\u00e2ble d&rsquo;alimentation ;<\/li>\n<li class=\"long-description\">3 pc. Flacon EASY VALVE avec embout ;<\/li>\n<li class=\"long-description\">1 pc. Flacon EASY VALVE avec adaptateur ;<\/li>\n<li class=\"long-description\">1 pc. Tube pour inhalation directe<\/li>\n<li class=\"long-description\">1 pc. Chambre de vaporisation (y compris : 1 pc. Anneau du couvercle ; 1 pc. Jeu de filtres standard (environ &Oslash; 30 mm), 1 pc. Tampon \u00e0 gouttelettes (env. &Oslash; 28 x 4 mm), 1 pc. Brosse de nettoyage) ;<\/li>\n<li class=\"long-description\">1 pc. Jeu de filtres \u00e0 air ;<\/li>\n<li class=\"long-description\">1 pc. moulin \u00e0 herbe (&Oslash; 55 mm)<\/li>\n<li class=\"long-description\">1 pc. Mode d&#8217;emploi ;<\/li>\n<\/ul>\n","protected":false},"excerpt":{"rendered":"<p>La nouvelle \u00e9dition limit\u00e9e VOLCANO ONYX attire tous les regards : elle est \u00e9l\u00e9gante, audacieuse et discr\u00e8te ;La couleur ONYX<\/p>\n","protected":false},"featured_media":129967,"comment_status":"open","ping_status":"closed","template":"","meta":[],"product_brand":[],"product_cat":[1179],"product_tag":[],"class_list":{"0":"post-129997","1":"product","2":"type-product","3":"status-publish","4":"has-post-thumbnail","6":"product_cat-vaporizzatori","8":"first","9":"instock","10":"taxable","11":"shipping-taxable","12":"purchasable","13":"product-type-simple"},"aioseo_notices":[],"_links":{"self":[{"href":"https:\/\/www.budream.com\/fr\/wp-json\/wp\/v2\/product\/129997","targetHints":{"allow":["GET"]}}],"collection":[{"href":"https:\/\/www.budream.com\/fr\/wp-json\/wp\/v2\/product"}],"about":[{"href":"https:\/\/www.budream.com\/fr\/wp-json\/wp\/v2\/types\/product"}],"replies":[{"embeddable":true,"href":"https:\/\/www.budream.com\/fr\/wp-json\/wp\/v2\/comments?post=129997"}],"version-history":[{"count":0,"href":"https:\/\/www.budream.com\/fr\/wp-json\/wp\/v2\/product\/129997\/revisions"}],"wp:featuredmedia":[{"embeddable":true,"href":"https:\/\/www.budream.com\/fr\/wp-json\/wp\/v2\/media\/129967"}],"wp:attachment":[{"href":"https:\/\/www.budream.com\/fr\/wp-json\/wp\/v2\/media?parent=129997"}],"wp:term":[{"taxonomy":"product_brand","embeddable":true,"href":"https:\/\/www.budream.com\/fr\/wp-json\/wp\/v2\/product_brand?post=129997"},{"taxonomy":"product_cat","embeddable":true,"href":"https:\/\/www.budream.com\/fr\/wp-json\/wp\/v2\/product_cat?post=129997"},{"taxonomy":"product_tag","embeddable":true,"href":"https:\/\/www.budream.com\/fr\/wp-json\/wp\/v2\/product_tag?post=129997"}],"curies":[{"name":"wp","href":"https:\/\/api.w.org\/{rel}","templated":true}]}}