{"id":130012,"date":"2025-07-30T22:42:41","date_gmt":"2025-07-30T20:42:41","guid":{"rendered":"https:\/\/www.budream.com\/shop\/impresind-eliturbo-uv-light-sanitifier-and-air-destratificator-100mc-h\/"},"modified":"2026-05-13T14:36:07","modified_gmt":"2026-05-13T12:36:07","slug":"impresind-eliturbo-uv-light-sanitifier-and-air-destratificator-100mc-h","status":"publish","type":"product","link":"https:\/\/www.budream.com\/fr\/shop\/impresind-eliturbo-uv-light-sanitifier-and-air-destratificator-100mc-h\/","title":{"rendered":"IMPRESIND &#8211; ELITURBO UV-LIGHT SANITIFIER AND AIR DESTRATIFICATOR | 100mc\/h"},"content":{"rendered":"<p>ELITURBO UV-Light utilise la technologie des rayons ultraviolets de courte longueur d&rsquo;onde, connus sous le nom d&rsquo;UV-C, pour r\u00e9duire les charges bact\u00e9riennes et virales dans l&rsquo;air. ELITURBO UV-Light <strong>peut fonctionner H24 m\u00eame en pr\u00e9sence de personnes gr\u00e2ce \u00e0 son syst\u00e8me unique de blindage et de protection contre les UV-C. <\/strong>Pendant le fonctionnement nocturne en l&rsquo;absence de personnes, la neutralisation des bact\u00e9ries et des virus est achev\u00e9e et le jour suivant, l&rsquo;air de la pi\u00e8ce sera assaini.<\/p>\n<p>ELITURBO UV-Light <strong>utilise un processus sp\u00e9cial d&rsquo;assainissement et de ventilation<\/strong> pour traiter l&rsquo;air ambiant.<strong> L&rsquo;air passe par une chambre germicide o\u00f9 il est bombard\u00e9 par des rayons UV-C multidirectionnels capables d&rsquo;atteindre et de neutraliser les agents pathog\u00e8nes pr\u00e9sents.<\/strong> L&rsquo;air assaini est renvoy\u00e9 dans la pi\u00e8ce dans toutes les directions pour uniformiser le microclimat de la pi\u00e8ce. Contrairement \u00e0 d&rsquo;autres appareils qui irradient la pi\u00e8ce dans une seule direction, <strong>la forme unique d&rsquo;Eliturbo UV-Light avec ses d\u00e9flecteurs circulaires lui permet de traiter l&rsquo;air \u00e0 360&deg; et d&rsquo;assainir l&rsquo;ensemble du volume concern\u00e9.<\/strong> La ventilation est douce et silencieuse.<\/p>\n<h2><strong><span style=\"text-decoration: underline\">Avantages de l&rsquo;utilisation d&rsquo;Eliturbo UV-Light :<\/span><\/strong><\/h2>\n<ul style=\"list-style-type: disc\">\n<li>Con\u00e7u pour \u00eatre utilis\u00e9 dans des locaux ferm\u00e9s, m\u00eame en pr\u00e9sence de personnes (D\u00e9cret sur la sant\u00e9 et la s\u00e9curit\u00e9 au travail, D\u00e9cret l\u00e9gislatif du 9 avril 2008 n\u00b0 81)<\/li>\n<li>Efficacit\u00e9 \u00e9lev\u00e9e des rayons ultraviolets<\/li>\n<li>Protection contre l&rsquo;exposition aux sources d&rsquo;UV-C<\/li>\n<li>Effet germicide pour la neutralisation des virus et des bact\u00e9ries<\/li>\n<li>R\u00e9duction de la contamination des surfaces<\/li>\n<li>Remplace l&rsquo;utilisation de sprays chimiques dans l&rsquo;air<\/li>\n<li>Sans ozone<\/li>\n<li>Mat\u00e9riaux et \u00e9quipements test\u00e9s et certifi\u00e9s<\/li>\n<li>Fonctionnement continu<\/li>\n<li>Installation facile<\/li>\n<\/ul>\n<p>L&rsquo;installation est tr\u00e8s simple, ELITURBO UV-Light est l\u00e9ger et peut \u00eatre suspendu au plafond de la pi\u00e8ce, \u00e0 une <strong>hauteur d&rsquo;au moins 2,5 m du sol.<\/strong> Il n\u00e9cessite un raccordement \u00e0 l&rsquo;alimentation \u00e9lectrique et un interrupteur marche\/arr\u00eat. \u00c9teignez l&rsquo;<strong>assainisseur en cas de travaux d&rsquo;entretien sur le produit et d&rsquo;autres travaux en hauteur dans la pi\u00e8ce d&rsquo;installation<\/strong>. <strong><br \/><\/strong><\/p>\n<h2><strong><span style=\"text-decoration: underline\">Caract\u00e9ristiques techniques Eliturbo UV-Light :<\/span><\/strong><\/h2>\n<ul style=\"list-style-type: disc\">\n<li><strong>Consommation \u00e9lectrique<\/strong> 90W<\/li>\n<li><strong>Alimentation \u00e9lectrique<\/strong> 220-240V<\/li>\n<li><strong>Type de ventilateur<\/strong> axial<\/li>\n<li><strong>Volume total d&rsquo;air en mouvement<\/strong> m3\/h 100<\/li>\n<li><strong>Puissance sonore<\/strong> db(A) 35<\/li>\n<li><strong>Diam\u00e8tre &Oslash;<\/strong> mm 680<\/li>\n<li><strong>Hauteur<\/strong> h mm 260<\/li>\n<li><strong>Poids<\/strong> kg 10<\/li>\n<li><strong>Finition ext\u00e9rieure<\/strong> Rev\u00eatement en poudre<\/li>\n<li><strong>Normes de r\u00e9f\u00e9rence<\/strong> IEC60879 &#8211; EN ISO1680<\/li>\n<\/ul>\n<p><strong><br \/>SANIFICATION<\/strong><\/p>\n<ul style=\"list-style-type: disc\">\n<li><strong>Lampes<\/strong> UV-C 2x36W<\/li>\n<li><strong>Longueur d&rsquo;onde<\/strong> UV-C 254nm<\/li>\n<li><strong>Dur\u00e9e de vie de la lampe<\/strong> 9000 h<\/li>\n<li><strong>Volume d&rsquo;influence<\/strong> 100mc-40sqm<\/li>\n<\/ul>\n<h3><span style=\"text-decoration: underline\"><strong>Qu&rsquo;est-ce que l&rsquo;UV-C ?<\/strong><\/span><\/h3>\n<p>La lumi\u00e8re se divise en rayons visibles, rayons infrarouges et rayons ultraviolets. Les rayons ultraviolets (invisibles) sont class\u00e9s en :<\/p>\n<ul style=\"list-style-type: disc\">\n<li>UV-A (propri\u00e9t\u00e9s de bronzage)<\/li>\n<li>UV-B (propri\u00e9t\u00e9s th\u00e9rapeutiques)<\/li>\n<li>UV-C (propri\u00e9t\u00e9s germicides)<\/li>\n<\/ul>\n<p>Les UV-C \u00e9liminent les bact\u00e9ries, les virus, les champignons, les spores, les moisissures et les acariens en d\u00e9truisant leur ADN et en inhibant leur reproduction et leur prolif\u00e9ration. La technologie UV-C est une m\u00e9thode de d\u00e9sinfection physique rentable, respectueuse de l&rsquo;environnement et qui, contrairement aux agents chimiques, agit contre tous les micro-organismes sans cr\u00e9er de r\u00e9sistance.<\/p>\n<p>D\u00e9lais de production : \u00e0 v\u00e9rifier avec le fabricant.<\/p>\n","protected":false},"excerpt":{"rendered":"<p>ELITURBO UV-Light utilise la technologie des rayons ultraviolets de courte longueur d&rsquo;onde, connus sous le nom d&rsquo;UV-C, pour r\u00e9duire les<\/p>\n","protected":false},"featured_media":130002,"comment_status":"open","ping_status":"closed","template":"","meta":[],"product_brand":[],"product_cat":[7928],"product_tag":[],"class_list":{"0":"post-130012","1":"product","2":"type-product","3":"status-publish","4":"has-post-thumbnail","6":"product_cat-antiparasitaires-et-defense","8":"first","9":"instock","10":"taxable","11":"shipping-taxable","12":"purchasable","13":"product-type-simple"},"aioseo_notices":[],"_links":{"self":[{"href":"https:\/\/www.budream.com\/fr\/wp-json\/wp\/v2\/product\/130012","targetHints":{"allow":["GET"]}}],"collection":[{"href":"https:\/\/www.budream.com\/fr\/wp-json\/wp\/v2\/product"}],"about":[{"href":"https:\/\/www.budream.com\/fr\/wp-json\/wp\/v2\/types\/product"}],"replies":[{"embeddable":true,"href":"https:\/\/www.budream.com\/fr\/wp-json\/wp\/v2\/comments?post=130012"}],"version-history":[{"count":1,"href":"https:\/\/www.budream.com\/fr\/wp-json\/wp\/v2\/product\/130012\/revisions"}],"predecessor-version":[{"id":270189,"href":"https:\/\/www.budream.com\/fr\/wp-json\/wp\/v2\/product\/130012\/revisions\/270189"}],"wp:featuredmedia":[{"embeddable":true,"href":"https:\/\/www.budream.com\/fr\/wp-json\/wp\/v2\/media\/130002"}],"wp:attachment":[{"href":"https:\/\/www.budream.com\/fr\/wp-json\/wp\/v2\/media?parent=130012"}],"wp:term":[{"taxonomy":"product_brand","embeddable":true,"href":"https:\/\/www.budream.com\/fr\/wp-json\/wp\/v2\/product_brand?post=130012"},{"taxonomy":"product_cat","embeddable":true,"href":"https:\/\/www.budream.com\/fr\/wp-json\/wp\/v2\/product_cat?post=130012"},{"taxonomy":"product_tag","embeddable":true,"href":"https:\/\/www.budream.com\/fr\/wp-json\/wp\/v2\/product_tag?post=130012"}],"curies":[{"name":"wp","href":"https:\/\/api.w.org\/{rel}","templated":true}]}}