{"id":130032,"date":"2025-07-30T22:44:52","date_gmt":"2025-07-30T20:44:52","guid":{"rendered":"https:\/\/www.budream.com\/shop\/italia-cbd-lotion-reparatrice-post-tattooing-02-cbd-30ml\/"},"modified":"2025-10-14T19:14:50","modified_gmt":"2025-10-14T17:14:50","slug":"italia-cbd-lotion-reparatrice-post-tattooing-02-cbd-30ml","status":"publish","type":"product","link":"https:\/\/www.budream.com\/fr\/shop\/italia-cbd-lotion-reparatrice-post-tattooing-02-cbd-30ml\/","title":{"rendered":"ITALIA CBD &#8211; LOTION R\u00c9PARATRICE POST-TATTOOING | 0,2% CBD | 30ml"},"content":{"rendered":"<p><strong>CBD and<\/strong> Panthenol<strong>Repair Lotion d\u00e9velopp\u00e9e pour le nouveau tatouage<\/strong>, \u00e0 base de panth\u00e9nol, favorise la restructuration et la restauration rapide de la peau.<\/p>\n<p>Sa formule sp\u00e9ciale a un effet apaisant et soulage les d\u00e9mangeaisons et les irritations.<\/p>\n<p>Elle est non grasse et ne tache pas.<\/p>\n<p>Le panth\u00e9nol est un composant de la vitamine B, dont la principale propri\u00e9t\u00e9 est sa capacit\u00e9 \u00e0 d\u00e9sinfecter et \u00e0 cicatriser rapidement, \u00e0 soulager l&rsquo;inflammation et \u00e0 acc\u00e9l\u00e9rer l&rsquo;\u00e9pith\u00e9lisation. Le CBD pr\u00e9sente des effets r\u00e9parateurs similaires, qui am\u00e9liorent la cicatrisation rapide tout en ayant un effet antibact\u00e9rien.<\/p>\n<p>La lotion au panth\u00e9nol combin\u00e9e au CBD a un puissant effet r\u00e9g\u00e9n\u00e9rateur et anti-inflammatoire, apaise rapidement la peau irrit\u00e9e et permet d&rsquo;obtenir des r\u00e9sultats positifs en moins de temps.<\/p>\n<h2><span style=\"text-decoration: underline\"><strong>Autres avantages du CBD :<\/strong><\/span><\/h2>\n<ul style=\"list-style-type: disc\">\n<li>Le cannabidiol (CBD) est non psychoactif et n&rsquo;affecte pas la conscience ;<\/li>\n<li>Restaure les peaux tr\u00e8s s\u00e8ches et sensibles ;<\/li>\n<li>Am\u00e9liore la circulation sanguine dans les capillaires ;<\/li>\n<li>Utilis\u00e9 en cas d&rsquo;inflammation et de gonflement ;<\/li>\n<li>Favorise la r\u00e9g\u00e9n\u00e9ration cellulaire ;<\/li>\n<li>Lutte activement contre la pigmentation ;<\/li>\n<li>Utilis\u00e9 dans le traitement du psoriasis, de l&rsquo;ecz\u00e9ma, de l&rsquo;acn\u00e9.<\/li>\n<\/ul>\n<p>Huile de CBD extraite de fleurs de cannabis sativa certifi\u00e9es, obtenues par des cultures autoris\u00e9es et l\u00e9gales. Ce produit contient du CBD sans colorants ni conservateurs. Tenir hors de port\u00e9e des enfants. Ne convient pas \u00e0 la combustion.<br \/>Produit non narcotique autoris\u00e9 pour les usages pr\u00e9vus par la loi n\u00b0 242\/16 et la circulaire du minist\u00e8re de la sant\u00e9 du 22\/05\/2009.<\/p>\n","protected":false},"excerpt":{"rendered":"<p>CBD and PanthenolRepair Lotion d\u00e9velopp\u00e9e pour le nouveau tatouage, \u00e0 base de panth\u00e9nol, favorise la restructuration et la restauration rapide<\/p>\n","protected":false},"featured_media":130027,"comment_status":"open","ping_status":"closed","template":"","meta":[],"product_brand":[],"product_cat":[7913],"product_tag":[],"class_list":{"0":"post-130032","1":"product","2":"type-product","3":"status-publish","4":"has-post-thumbnail","6":"product_cat-cosmetiques","8":"first","9":"instock","10":"taxable","11":"shipping-taxable","12":"purchasable","13":"product-type-simple"},"aioseo_notices":[],"_links":{"self":[{"href":"https:\/\/www.budream.com\/fr\/wp-json\/wp\/v2\/product\/130032","targetHints":{"allow":["GET"]}}],"collection":[{"href":"https:\/\/www.budream.com\/fr\/wp-json\/wp\/v2\/product"}],"about":[{"href":"https:\/\/www.budream.com\/fr\/wp-json\/wp\/v2\/types\/product"}],"replies":[{"embeddable":true,"href":"https:\/\/www.budream.com\/fr\/wp-json\/wp\/v2\/comments?post=130032"}],"version-history":[{"count":0,"href":"https:\/\/www.budream.com\/fr\/wp-json\/wp\/v2\/product\/130032\/revisions"}],"wp:featuredmedia":[{"embeddable":true,"href":"https:\/\/www.budream.com\/fr\/wp-json\/wp\/v2\/media\/130027"}],"wp:attachment":[{"href":"https:\/\/www.budream.com\/fr\/wp-json\/wp\/v2\/media?parent=130032"}],"wp:term":[{"taxonomy":"product_brand","embeddable":true,"href":"https:\/\/www.budream.com\/fr\/wp-json\/wp\/v2\/product_brand?post=130032"},{"taxonomy":"product_cat","embeddable":true,"href":"https:\/\/www.budream.com\/fr\/wp-json\/wp\/v2\/product_cat?post=130032"},{"taxonomy":"product_tag","embeddable":true,"href":"https:\/\/www.budream.com\/fr\/wp-json\/wp\/v2\/product_tag?post=130032"}],"curies":[{"name":"wp","href":"https:\/\/api.w.org\/{rel}","templated":true}]}}