{"id":130042,"date":"2025-07-30T22:45:21","date_gmt":"2025-07-30T20:45:21","guid":{"rendered":"https:\/\/www.budream.com\/shop\/italy-cbd-sweet-orange-moisturising-lotion-1-cbd-30ml\/"},"modified":"2025-10-14T19:15:20","modified_gmt":"2025-10-14T17:15:20","slug":"italy-cbd-sweet-orange-moisturising-lotion-1-cbd-30ml","status":"publish","type":"product","link":"https:\/\/www.budream.com\/fr\/shop\/italy-cbd-sweet-orange-moisturising-lotion-1-cbd-30ml\/","title":{"rendered":"ITALY CBD &#8211; SWEET ORANGE MOISTURISING LOTION | 1% CBD | 30ml"},"content":{"rendered":"<p><strong>La lotion au CBD est un excellent rem\u00e8de pour les peaux s\u00e8ches et d\u00e9shydrat\u00e9es<\/strong>. La texture l\u00e9g\u00e8re de cette lotion revitalise instantan\u00e9ment la peau et am\u00e9liore son aspect. Son emballage l\u00e9ger et compact vous permet de l&#8217;emporter partout avec vous.<\/p>\n<p>L&rsquo;huile d&rsquo;orange est consid\u00e9r\u00e9e comme l&rsquo;un des agents apaisants les plus efficaces pour les peaux sensibles. Elle stimule l&rsquo;activit\u00e9 et la croissance des cellules, ce qui donne du tonus. Le CBD r\u00e9duit les irritations en pr\u00e9venant les \u00e9ruptions cutan\u00e9es et poss\u00e8de des propri\u00e9t\u00e9s antioxydantes qui ralentissent les signes du vieillissement.<\/p>\n<\/p>\n<h2><span style=\"text-decoration: underline\"><strong>Autres avantages du CBD<\/strong><\/span><\/h2>\n<ul style=\"list-style-type: disc\">\n<li>Le cannabidiol (CBD) n&rsquo;est pas psychoactif et n&rsquo;affecte pas la conscience ;<\/li>\n<li>Restaure les peaux tr\u00e8s s\u00e8ches et sensibles ;<\/li>\n<li>Am\u00e9liore la circulation sanguine dans les capillaires ;<\/li>\n<li>Utilis\u00e9 en cas d&rsquo;inflammation et de gonflement ;<\/li>\n<li>Favorise la r\u00e9g\u00e9n\u00e9ration cellulaire ;<\/li>\n<li>Lutte activement contre la pigmentation ;<\/li>\n<li>Utilis\u00e9 dans le traitement du psoriasis, de l&rsquo;ecz\u00e9ma, de l&rsquo;acn\u00e9.<\/li>\n<\/ul>\n<p>Huile de CBD extraite de fleurs de cannabis sativa certifi\u00e9es, obtenues par des cultures autoris\u00e9es et l\u00e9gales. Ce produit contient du CBD sans colorants ni conservateurs. Tenir hors de port\u00e9e des enfants. Ne convient pas \u00e0 la combustion.<br \/>Produit non narcotique autoris\u00e9 pour les usages pr\u00e9vus par la loi n\u00b0 242\/16 et la circulaire du minist\u00e8re de la sant\u00e9 du 22\/05\/2009.<\/p>\n","protected":false},"excerpt":{"rendered":"<p>La lotion au CBD est un excellent rem\u00e8de pour les peaux s\u00e8ches et d\u00e9shydrat\u00e9es. La texture l\u00e9g\u00e8re de cette lotion<\/p>\n","protected":false},"featured_media":130037,"comment_status":"open","ping_status":"closed","template":"","meta":[],"product_brand":[],"product_cat":[7913],"product_tag":[],"class_list":{"0":"post-130042","1":"product","2":"type-product","3":"status-publish","4":"has-post-thumbnail","6":"product_cat-cosmetiques","8":"first","9":"instock","10":"taxable","11":"shipping-taxable","12":"purchasable","13":"product-type-simple"},"_links":{"self":[{"href":"https:\/\/www.budream.com\/fr\/wp-json\/wp\/v2\/product\/130042","targetHints":{"allow":["GET"]}}],"collection":[{"href":"https:\/\/www.budream.com\/fr\/wp-json\/wp\/v2\/product"}],"about":[{"href":"https:\/\/www.budream.com\/fr\/wp-json\/wp\/v2\/types\/product"}],"replies":[{"embeddable":true,"href":"https:\/\/www.budream.com\/fr\/wp-json\/wp\/v2\/comments?post=130042"}],"version-history":[{"count":0,"href":"https:\/\/www.budream.com\/fr\/wp-json\/wp\/v2\/product\/130042\/revisions"}],"wp:featuredmedia":[{"embeddable":true,"href":"https:\/\/www.budream.com\/fr\/wp-json\/wp\/v2\/media\/130037"}],"wp:attachment":[{"href":"https:\/\/www.budream.com\/fr\/wp-json\/wp\/v2\/media?parent=130042"}],"wp:term":[{"taxonomy":"product_brand","embeddable":true,"href":"https:\/\/www.budream.com\/fr\/wp-json\/wp\/v2\/product_brand?post=130042"},{"taxonomy":"product_cat","embeddable":true,"href":"https:\/\/www.budream.com\/fr\/wp-json\/wp\/v2\/product_cat?post=130042"},{"taxonomy":"product_tag","embeddable":true,"href":"https:\/\/www.budream.com\/fr\/wp-json\/wp\/v2\/product_tag?post=130042"}],"curies":[{"name":"wp","href":"https:\/\/api.w.org\/{rel}","templated":true}]}}