{"id":130052,"date":"2025-07-30T22:45:49","date_gmt":"2025-07-30T20:45:49","guid":{"rendered":"https:\/\/www.budream.com\/shop\/italia-cbd-anti-age-nutrition-cream-1-5-cbd-50ml\/"},"modified":"2025-10-14T19:15:44","modified_gmt":"2025-10-14T17:15:44","slug":"italia-cbd-anti-age-nutrition-cream-1-5-cbd-50ml","status":"publish","type":"product","link":"https:\/\/www.budream.com\/fr\/shop\/italia-cbd-anti-age-nutrition-cream-1-5-cbd-50ml\/","title":{"rendered":"ITALIA CBD &#8211; ANTI-AGE NUTRITION CREAM | 1.5% CBD | 50ml"},"content":{"rendered":"<p>L&rsquo;effet calmant et stabilisant du CBD sur la peau combin\u00e9 aux propri\u00e9t\u00e9s rajeunissantes de la nicotinamide.<\/p>\n<p>Avec l&rsquo;\u00e2ge, la peau retient moins d&rsquo;eau et devient plus s\u00e8che et plus fine, les vaisseaux sanguins deviennent visibles et la lumi\u00e8re du soleil provoque de plus en plus d&rsquo;hyperpigmentation. Tous ces signes et d&rsquo;autres signes de vieillissement de la peau sont des indicateurs de l&rsquo;utilisation d&rsquo;une cr\u00e8me nourrissante r\u00e9g\u00e9n\u00e9rante \u00e0 base de CBD.<\/p>\n<p>La nicotinamide (vitamine PP ou B3) incluse dans la composition a un effet stabilisateur sur la fonction de barri\u00e8re de l&rsquo;\u00e9piderme, r\u00e9duisant la perte d&rsquo;eau trans\u00e9pidermique et am\u00e9liorant la teneur en eau de la couche corn\u00e9e en augmentant la synth\u00e8se des acides gras libres et des c\u00e9ramides dans la couche corn\u00e9e. En d&rsquo;autres termes, il aide \u00e0 r\u00e9guler le m\u00e9tabolisme des lipides, r\u00e9duit la s\u00e9cheresse et la sensibilit\u00e9 de la peau et am\u00e9liore ainsi l&rsquo;\u00e9tat g\u00e9n\u00e9ral de la peau.<\/p>\n<p>Le CBD poss\u00e8de de fortes propri\u00e9t\u00e9s antioxydantes.<\/p>\n<p>\u00c9tant donn\u00e9 que les facteurs de stress environnementaux affectent tous les types de peau au quotidien, le m\u00e9canisme calmant du CBD, combin\u00e9 \u00e0 ses effets anti-inflammatoires, r\u00e9duit les pouss\u00e9es et apaise les rougeurs, aidant ainsi les peaux r\u00e9actives \u00e0 para\u00eetre et \u00e0 se sentir au mieux de leur forme.<\/p>\n<\/p>\n<h2><span style=\"text-decoration: underline\"><strong>Autres avantages du CBD<\/strong><\/span><\/h2>\n<ul style=\"list-style-type: disc\">\n<li>Le cannabidiol (CBD) n&rsquo;est pas psychoactif et n&rsquo;affecte pas la conscience ;<\/li>\n<li>Restaure les peaux tr\u00e8s s\u00e8ches et sensibles ;<\/li>\n<li>Am\u00e9liore la circulation sanguine dans les capillaires ;<\/li>\n<li>Utilis\u00e9 en cas d&rsquo;inflammation et de gonflement ;<\/li>\n<li>Favorise la r\u00e9g\u00e9n\u00e9ration cellulaire ;<\/li>\n<li>Lutte activement contre la pigmentation ;<\/li>\n<li>Utilis\u00e9 dans le traitement du psoriasis, de l&rsquo;ecz\u00e9ma, de l&rsquo;acn\u00e9.<\/li>\n<\/ul>\n<p>Huile de CBD extraite de fleurs de cannabis sativa certifi\u00e9es, obtenues par des cultures autoris\u00e9es et l\u00e9gales. Ce produit contient du CBD sans colorants ni conservateurs. Tenir hors de port\u00e9e des enfants. Ne convient pas \u00e0 la combustion.<br \/>Produit non narcotique autoris\u00e9 pour les usages pr\u00e9vus par la loi n\u00b0 242\/16 et la circulaire du minist\u00e8re de la sant\u00e9 du 22\/05\/2009.<\/p>\n","protected":false},"excerpt":{"rendered":"<p>L&rsquo;effet calmant et stabilisant du CBD sur la peau combin\u00e9 aux propri\u00e9t\u00e9s rajeunissantes de la nicotinamide. Avec l&rsquo;\u00e2ge, la peau<\/p>\n","protected":false},"featured_media":130047,"comment_status":"open","ping_status":"closed","template":"","meta":[],"product_brand":[],"product_cat":[7913],"product_tag":[],"class_list":{"0":"post-130052","1":"product","2":"type-product","3":"status-publish","4":"has-post-thumbnail","6":"product_cat-cosmetiques","8":"first","9":"outofstock","10":"taxable","11":"shipping-taxable","12":"purchasable","13":"product-type-simple"},"aioseo_notices":[],"_links":{"self":[{"href":"https:\/\/www.budream.com\/fr\/wp-json\/wp\/v2\/product\/130052","targetHints":{"allow":["GET"]}}],"collection":[{"href":"https:\/\/www.budream.com\/fr\/wp-json\/wp\/v2\/product"}],"about":[{"href":"https:\/\/www.budream.com\/fr\/wp-json\/wp\/v2\/types\/product"}],"replies":[{"embeddable":true,"href":"https:\/\/www.budream.com\/fr\/wp-json\/wp\/v2\/comments?post=130052"}],"version-history":[{"count":0,"href":"https:\/\/www.budream.com\/fr\/wp-json\/wp\/v2\/product\/130052\/revisions"}],"wp:featuredmedia":[{"embeddable":true,"href":"https:\/\/www.budream.com\/fr\/wp-json\/wp\/v2\/media\/130047"}],"wp:attachment":[{"href":"https:\/\/www.budream.com\/fr\/wp-json\/wp\/v2\/media?parent=130052"}],"wp:term":[{"taxonomy":"product_brand","embeddable":true,"href":"https:\/\/www.budream.com\/fr\/wp-json\/wp\/v2\/product_brand?post=130052"},{"taxonomy":"product_cat","embeddable":true,"href":"https:\/\/www.budream.com\/fr\/wp-json\/wp\/v2\/product_cat?post=130052"},{"taxonomy":"product_tag","embeddable":true,"href":"https:\/\/www.budream.com\/fr\/wp-json\/wp\/v2\/product_tag?post=130052"}],"curies":[{"name":"wp","href":"https:\/\/api.w.org\/{rel}","templated":true}]}}