{"id":130062,"date":"2025-07-30T22:46:16","date_gmt":"2025-07-30T20:46:16","guid":{"rendered":"https:\/\/www.budream.com\/shop\/italia-cbd-creme-rapide-refrigerante-3-cbd-50ml\/"},"modified":"2025-10-14T19:16:11","modified_gmt":"2025-10-14T17:16:11","slug":"italia-cbd-creme-rapide-refrigerante-3-cbd-50ml","status":"publish","type":"product","link":"https:\/\/www.budream.com\/fr\/shop\/italia-cbd-creme-rapide-refrigerante-3-cbd-50ml\/","title":{"rendered":"ITALIA CBD &#8211; CREME RAPIDE REFRIGERANTE | 3% CBD | 50ml"},"content":{"rendered":"<p>La cr\u00e8me CBD Fast Relief Cream est id\u00e9ale pour soulager diff\u00e9rents types d&rsquo;inconfort.<\/p>\n<p>Le CBD a des propri\u00e9t\u00e9s anti-inflammatoires lorsqu&rsquo;il est appliqu\u00e9 par voie topique. La cr\u00e8me de CBD est une meilleure alternative pour soulager la douleur que l&rsquo;huile de CBD, car elle peut \u00eatre appliqu\u00e9e directement sur la zone o\u00f9 la douleur est ressentie et sera plus efficace dans cette zone sp\u00e9cifique, car les cr\u00e8mes permettent une absorption plus rapide.<\/p>\n<p>La cr\u00e8me de CBD a un effet localis\u00e9, ce qui est une bonne solution pour soulager les diff\u00e9rentes tensions musculaires apr\u00e8s l&rsquo;entra\u00eenement ou le sport.<\/p>\n<p>Enti\u00e8rement naturelle et biologique, elle ne pr\u00e9sente pas les effets secondaires de la plupart des analg\u00e9siques.<\/p>\n<p>En plus de soulager les douleurs chroniques ou aigu\u00ebs, les douleurs arthritiques, les douleurs musculaires et articulaires, cette cr\u00e8me au CBD est \u00e9galement utilis\u00e9e pour soulager les sympt\u00f4mes d&rsquo;une s\u00e9rie d&rsquo;affections cutan\u00e9es, notamment l&rsquo;ecz\u00e9ma, le psoriasis, les \u00e9ruptions cutan\u00e9es, les infections cutan\u00e9es et les coups de soleil. Elle aide \u00e9galement \u00e0 pr\u00e9venir l&rsquo;accumulation de cellules mortes et \u00e0 apaiser la douleur caus\u00e9e par diverses infections cutan\u00e9es.<\/p>\n<\/p>\n<h2><span style=\"text-decoration: underline\"><strong>Autres avantages du CBD<\/strong><\/span><\/h2>\n<ul style=\"list-style-type: disc\">\n<li>Le cannabidiol (CBD) n&rsquo;est pas psychoactif et n&rsquo;affecte pas la conscience ;<\/li>\n<li>Restaure les peaux tr\u00e8s s\u00e8ches et sensibles ;<\/li>\n<li>Am\u00e9liore la circulation sanguine dans les capillaires ;<\/li>\n<li>Utilis\u00e9 en cas d&rsquo;inflammation et de gonflement ;<\/li>\n<li>Favorise la r\u00e9g\u00e9n\u00e9ration cellulaire ;<\/li>\n<li>Lutte activement contre la pigmentation ;<\/li>\n<li>Utilis\u00e9 dans le traitement du psoriasis, de l&rsquo;ecz\u00e9ma, de l&rsquo;acn\u00e9.<\/li>\n<\/ul>\n<p>Huile de CBD extraite de fleurs de cannabis sativa certifi\u00e9es, obtenues par des cultures autoris\u00e9es et l\u00e9gales. Ce produit contient du CBD sans colorants ni conservateurs. Tenir hors de port\u00e9e des enfants. Ne convient pas \u00e0 la combustion.<br \/>Produit non narcotique autoris\u00e9 pour les usages pr\u00e9vus par la loi n\u00b0 242\/16 et la circulaire du minist\u00e8re de la sant\u00e9 du 22\/05\/2009.<\/p>\n","protected":false},"excerpt":{"rendered":"<p>La cr\u00e8me CBD Fast Relief Cream est id\u00e9ale pour soulager diff\u00e9rents types d&rsquo;inconfort. Le CBD a des propri\u00e9t\u00e9s anti-inflammatoires lorsqu&rsquo;il<\/p>\n","protected":false},"featured_media":130057,"comment_status":"open","ping_status":"closed","template":"","meta":[],"product_brand":[],"product_cat":[7913],"product_tag":[],"class_list":{"0":"post-130062","1":"product","2":"type-product","3":"status-publish","4":"has-post-thumbnail","6":"product_cat-cosmetiques","8":"first","9":"instock","10":"taxable","11":"shipping-taxable","12":"purchasable","13":"product-type-simple"},"_links":{"self":[{"href":"https:\/\/www.budream.com\/fr\/wp-json\/wp\/v2\/product\/130062","targetHints":{"allow":["GET"]}}],"collection":[{"href":"https:\/\/www.budream.com\/fr\/wp-json\/wp\/v2\/product"}],"about":[{"href":"https:\/\/www.budream.com\/fr\/wp-json\/wp\/v2\/types\/product"}],"replies":[{"embeddable":true,"href":"https:\/\/www.budream.com\/fr\/wp-json\/wp\/v2\/comments?post=130062"}],"version-history":[{"count":0,"href":"https:\/\/www.budream.com\/fr\/wp-json\/wp\/v2\/product\/130062\/revisions"}],"wp:featuredmedia":[{"embeddable":true,"href":"https:\/\/www.budream.com\/fr\/wp-json\/wp\/v2\/media\/130057"}],"wp:attachment":[{"href":"https:\/\/www.budream.com\/fr\/wp-json\/wp\/v2\/media?parent=130062"}],"wp:term":[{"taxonomy":"product_brand","embeddable":true,"href":"https:\/\/www.budream.com\/fr\/wp-json\/wp\/v2\/product_brand?post=130062"},{"taxonomy":"product_cat","embeddable":true,"href":"https:\/\/www.budream.com\/fr\/wp-json\/wp\/v2\/product_cat?post=130062"},{"taxonomy":"product_tag","embeddable":true,"href":"https:\/\/www.budream.com\/fr\/wp-json\/wp\/v2\/product_tag?post=130062"}],"curies":[{"name":"wp","href":"https:\/\/api.w.org\/{rel}","templated":true}]}}