{"id":130137,"date":"2025-07-30T22:47:41","date_gmt":"2025-07-30T20:47:41","guid":{"rendered":"https:\/\/www.budream.com\/shop\/qnubu-contenants-en-silicone-mixtes-avec-affichage-taille-xl-139pcs\/"},"modified":"2026-04-14T15:02:46","modified_gmt":"2026-04-14T13:02:46","slug":"qnubu-contenants-en-silicone-mixtes-avec-affichage-taille-xl-139pcs","status":"publish","type":"product","link":"https:\/\/www.budream.com\/fr\/shop\/qnubu-contenants-en-silicone-mixtes-avec-affichage-taille-xl-139pcs\/","title":{"rendered":"QNUBU &#8211; CONTENANTS EN SILICONE MIXTES AVEC AFFICHAGE | TAILLE XL 139pcs"},"content":{"rendered":"<p>Les conteneurs Qnubu sont utilis\u00e9s pour conserver vos pr\u00e9cieux extraits ! Gr\u00e2ce \u00e0 ce fantastique pr\u00e9sentoir, vous pouvez exposer cet assortiment de r\u00e9cipients dans diff\u00e9rentes formes et couleurs.<\/p>\n<h2><span style=\"text-decoration: underline\">M\u00e9lange de r\u00e9cipients en silicone de taille XL :<\/span><\/h2>\n<ul style=\"list-style-type: disc\">\n<li>M\u00e9lange de r\u00e9cipients pour extraits ;<\/li>\n<li>Pr\u00e9sentoir en plastique transparent ;<\/li>\n<li>Pr\u00e9sentoir avec 139 unit\u00e9s ;<\/li>\n<li>Grand assortiment de formes, de couleurs et de capacit\u00e9s ;<\/li>\n<\/ul>\n","protected":false},"excerpt":{"rendered":"<p>Les conteneurs Qnubu sont utilis\u00e9s pour conserver vos pr\u00e9cieux extraits ! Gr\u00e2ce \u00e0 ce fantastique pr\u00e9sentoir, vous pouvez exposer cet<\/p>\n","protected":false},"featured_media":130127,"comment_status":"open","ping_status":"closed","template":"","meta":[],"product_brand":[],"product_cat":[7949],"product_tag":[],"class_list":{"0":"post-130137","1":"product","2":"type-product","3":"status-publish","4":"has-post-thumbnail","6":"product_cat-headshop-fr","8":"first","9":"instock","10":"taxable","11":"shipping-taxable","12":"purchasable","13":"product-type-simple"},"_links":{"self":[{"href":"https:\/\/www.budream.com\/fr\/wp-json\/wp\/v2\/product\/130137","targetHints":{"allow":["GET"]}}],"collection":[{"href":"https:\/\/www.budream.com\/fr\/wp-json\/wp\/v2\/product"}],"about":[{"href":"https:\/\/www.budream.com\/fr\/wp-json\/wp\/v2\/types\/product"}],"replies":[{"embeddable":true,"href":"https:\/\/www.budream.com\/fr\/wp-json\/wp\/v2\/comments?post=130137"}],"version-history":[{"count":1,"href":"https:\/\/www.budream.com\/fr\/wp-json\/wp\/v2\/product\/130137\/revisions"}],"predecessor-version":[{"id":262727,"href":"https:\/\/www.budream.com\/fr\/wp-json\/wp\/v2\/product\/130137\/revisions\/262727"}],"wp:featuredmedia":[{"embeddable":true,"href":"https:\/\/www.budream.com\/fr\/wp-json\/wp\/v2\/media\/130127"}],"wp:attachment":[{"href":"https:\/\/www.budream.com\/fr\/wp-json\/wp\/v2\/media?parent=130137"}],"wp:term":[{"taxonomy":"product_brand","embeddable":true,"href":"https:\/\/www.budream.com\/fr\/wp-json\/wp\/v2\/product_brand?post=130137"},{"taxonomy":"product_cat","embeddable":true,"href":"https:\/\/www.budream.com\/fr\/wp-json\/wp\/v2\/product_cat?post=130137"},{"taxonomy":"product_tag","embeddable":true,"href":"https:\/\/www.budream.com\/fr\/wp-json\/wp\/v2\/product_tag?post=130137"}],"curies":[{"name":"wp","href":"https:\/\/api.w.org\/{rel}","templated":true}]}}