{"id":130207,"date":"2025-07-30T22:50:06","date_gmt":"2025-07-30T20:50:06","guid":{"rendered":"https:\/\/www.budream.com\/shop\/qnubu-contenants-en-silicone-avec-affichage-coeur-18ml-50pcs\/"},"modified":"2025-12-22T23:54:30","modified_gmt":"2025-12-22T21:54:30","slug":"qnubu-contenants-en-silicone-avec-affichage-coeur-18ml-50pcs","status":"publish","type":"product","link":"https:\/\/www.budream.com\/fr\/shop\/qnubu-contenants-en-silicone-avec-affichage-coeur-18ml-50pcs\/","title":{"rendered":"QNUBU &#8211; CONTENANTS EN SILICONE AVEC AFFICHAGE | COEUR 18ml 50pcs"},"content":{"rendered":"<p>Les conteneurs Qnubu sont utilis\u00e9s pour conserver vos pr\u00e9cieux extraits ! Gr\u00e2ce \u00e0 ce fantastique pr\u00e9sentoir, vous pouvez exposer cet assortiment de r\u00e9cipients dans diff\u00e9rentes formes et couleurs.<\/p>\n<h2><span style=\"text-decoration: underline\">R\u00e9cipients en silicone avec pr\u00e9sentoir en forme de c\u0153ur de 18 ml :<\/span><\/h2>\n<ul style=\"list-style-type: disc\">\n<li>R\u00e9cipients pour extraits ;<\/li>\n<li>Forme : c\u0153ur ;<\/li>\n<li>Capacit\u00e9 : 18ml ;<\/li>\n<li>Pr\u00e9sentoir\/distributeur en plastique transparent ;<\/li>\n<li>Pr\u00e9sentoir de 50 unit\u00e9s ;<\/li>\n<li>Couleurs assorties ;<\/li>\n<\/ul>\n","protected":false},"excerpt":{"rendered":"<p>Les conteneurs Qnubu sont utilis\u00e9s pour conserver vos pr\u00e9cieux extraits ! Gr\u00e2ce \u00e0 ce fantastique pr\u00e9sentoir, vous pouvez exposer cet<\/p>\n","protected":false},"featured_media":130187,"comment_status":"open","ping_status":"closed","template":"","meta":[],"product_brand":[],"product_cat":[7949],"product_tag":[],"class_list":{"0":"post-130207","1":"product","2":"type-product","3":"status-publish","4":"has-post-thumbnail","6":"product_cat-headshop-fr","8":"first","9":"instock","10":"taxable","11":"shipping-taxable","12":"purchasable","13":"product-type-simple"},"aioseo_notices":[],"_links":{"self":[{"href":"https:\/\/www.budream.com\/fr\/wp-json\/wp\/v2\/product\/130207","targetHints":{"allow":["GET"]}}],"collection":[{"href":"https:\/\/www.budream.com\/fr\/wp-json\/wp\/v2\/product"}],"about":[{"href":"https:\/\/www.budream.com\/fr\/wp-json\/wp\/v2\/types\/product"}],"replies":[{"embeddable":true,"href":"https:\/\/www.budream.com\/fr\/wp-json\/wp\/v2\/comments?post=130207"}],"version-history":[{"count":0,"href":"https:\/\/www.budream.com\/fr\/wp-json\/wp\/v2\/product\/130207\/revisions"}],"wp:featuredmedia":[{"embeddable":true,"href":"https:\/\/www.budream.com\/fr\/wp-json\/wp\/v2\/media\/130187"}],"wp:attachment":[{"href":"https:\/\/www.budream.com\/fr\/wp-json\/wp\/v2\/media?parent=130207"}],"wp:term":[{"taxonomy":"product_brand","embeddable":true,"href":"https:\/\/www.budream.com\/fr\/wp-json\/wp\/v2\/product_brand?post=130207"},{"taxonomy":"product_cat","embeddable":true,"href":"https:\/\/www.budream.com\/fr\/wp-json\/wp\/v2\/product_cat?post=130207"},{"taxonomy":"product_tag","embeddable":true,"href":"https:\/\/www.budream.com\/fr\/wp-json\/wp\/v2\/product_tag?post=130207"}],"curies":[{"name":"wp","href":"https:\/\/api.w.org\/{rel}","templated":true}]}}