{"id":130512,"date":"2025-07-30T22:59:42","date_gmt":"2025-07-30T20:59:42","guid":{"rendered":"https:\/\/www.budream.com\/shop\/qnubu-contenants-en-silicone-avec-affichage-rond-22ml-30pcs\/"},"modified":"2026-04-14T15:22:13","modified_gmt":"2026-04-14T13:22:13","slug":"qnubu-contenants-en-silicone-avec-affichage-rond-22ml-30pcs","status":"publish","type":"product","link":"https:\/\/www.budream.com\/fr\/shop\/qnubu-contenants-en-silicone-avec-affichage-rond-22ml-30pcs\/","title":{"rendered":"QNUBU &#8211; CONTENANTS EN SILICONE AVEC AFFICHAGE | ROND 22ml 30pcs"},"content":{"rendered":"<p>Les conteneurs Qnubu sont utilis\u00e9s pour conserver vos pr\u00e9cieux extraits ! Gr\u00e2ce \u00e0 ce fantastique pr\u00e9sentoir, vous pouvez exposer cet assortiment de r\u00e9cipients dans diff\u00e9rentes formes et couleurs.<\/p>\n<h2><span style=\"text-decoration: underline\">R\u00e9cipients en silicone avec un pr\u00e9sentoir rond de 22 ml :<\/span><\/h2>\n<ul style=\"list-style-type: disc\">\n<li>R\u00e9cipients pour extraits ronds ;<\/li>\n<li>Capacit\u00e9 : 22ml ;<\/li>\n<li>Pr\u00e9sentoir\/distributeur en plastique transparent ;<\/li>\n<li>Pr\u00e9sentoir de 30 unit\u00e9s ;<\/li>\n<li>Couleurs assorties ;<\/li>\n<\/ul>\n","protected":false},"excerpt":{"rendered":"<p>Les conteneurs Qnubu sont utilis\u00e9s pour conserver vos pr\u00e9cieux extraits ! Gr\u00e2ce \u00e0 ce fantastique pr\u00e9sentoir, vous pouvez exposer cet<\/p>\n","protected":false},"featured_media":130492,"comment_status":"open","ping_status":"closed","template":"","meta":[],"product_brand":[],"product_cat":[7949],"product_tag":[],"class_list":{"0":"post-130512","1":"product","2":"type-product","3":"status-publish","4":"has-post-thumbnail","6":"product_cat-headshop-fr","8":"first","9":"instock","10":"taxable","11":"shipping-taxable","12":"purchasable","13":"product-type-simple"},"_links":{"self":[{"href":"https:\/\/www.budream.com\/fr\/wp-json\/wp\/v2\/product\/130512","targetHints":{"allow":["GET"]}}],"collection":[{"href":"https:\/\/www.budream.com\/fr\/wp-json\/wp\/v2\/product"}],"about":[{"href":"https:\/\/www.budream.com\/fr\/wp-json\/wp\/v2\/types\/product"}],"replies":[{"embeddable":true,"href":"https:\/\/www.budream.com\/fr\/wp-json\/wp\/v2\/comments?post=130512"}],"version-history":[{"count":1,"href":"https:\/\/www.budream.com\/fr\/wp-json\/wp\/v2\/product\/130512\/revisions"}],"predecessor-version":[{"id":262886,"href":"https:\/\/www.budream.com\/fr\/wp-json\/wp\/v2\/product\/130512\/revisions\/262886"}],"wp:featuredmedia":[{"embeddable":true,"href":"https:\/\/www.budream.com\/fr\/wp-json\/wp\/v2\/media\/130492"}],"wp:attachment":[{"href":"https:\/\/www.budream.com\/fr\/wp-json\/wp\/v2\/media?parent=130512"}],"wp:term":[{"taxonomy":"product_brand","embeddable":true,"href":"https:\/\/www.budream.com\/fr\/wp-json\/wp\/v2\/product_brand?post=130512"},{"taxonomy":"product_cat","embeddable":true,"href":"https:\/\/www.budream.com\/fr\/wp-json\/wp\/v2\/product_cat?post=130512"},{"taxonomy":"product_tag","embeddable":true,"href":"https:\/\/www.budream.com\/fr\/wp-json\/wp\/v2\/product_tag?post=130512"}],"curies":[{"name":"wp","href":"https:\/\/api.w.org\/{rel}","templated":true}]}}