{"id":130552,"date":"2025-07-30T23:00:18","date_gmt":"2025-07-30T21:00:18","guid":{"rendered":"https:\/\/www.budream.com\/shop\/storzbickel-crafty-v2-vaporisateur\/"},"modified":"2026-02-23T19:45:42","modified_gmt":"2026-02-23T17:45:42","slug":"storzbickel-crafty-v2-vaporisateur","status":"publish","type":"product","link":"https:\/\/www.budream.com\/fr\/shop\/storzbickel-crafty-v2-vaporisateur\/","title":{"rendered":"STORZ&amp;BICKEL &#8211; CRAFTY+ V2 | VAPORISATEUR"},"content":{"rendered":"<p>Le vaporisateur <strong>CRAFTY+<\/strong> est le compagnon id\u00e9al pour toutes vos activit\u00e9s. Maniable et compact, le <strong>CRAFTY+<\/strong> vous offre une vapeur d&rsquo;une qualit\u00e9 et d&rsquo;un go\u00fbt excellents, ainsi qu&rsquo;un flux d&rsquo;air optimal pour une exp\u00e9rience quotidienne de premier ordre.<br \/>Pourquoi sacrifier la qualit\u00e9 \u00e0 la portabilit\u00e9 ?<\/p>\n<p><a href=\"https:\/\/www.storz-bickel.com\/it\/crafty-plus-c\">CRAFTY+<\/a> utilise une combinaison brevet\u00e9e de chauffage par convection et conduction &#8211; une technologie d&rsquo;une excellence et d&rsquo;une efficacit\u00e9 absolues pour chauffer les herbes de mani\u00e8re homog\u00e8ne.<br \/>De plus, le nouveau syst\u00e8me de chauffage puissant garantit un flux d&rsquo;air exceptionnel et de la vapeur <strong>en seulement 60 secondes !<\/strong> <\/p>\n<p><strong>Nouvelle version avec prise de charge USB-C.<br \/><\/strong><\/p>\n<h2><strong><span style=\"text-decoration: underline\">Caract\u00e9ristiques Vaporisateur Crafty+ Storz&amp;Bickel :<br \/><\/span><\/strong><\/h2>\n<h3><span style=\"text-decoration: underline\"><br \/><strong>Port de charge avec connexion USB-C<\/strong><\/span><\/h3>\n<p>Apr\u00e8s avoir mis \u00e0 niveau la batterie avec la nouvelle version \u00ab\u00a0plus\u00a0\u00bb, gr\u00e2ce au nouveau port de charge USB-C, le temps de charge du Crafty+ est encore r\u00e9duit de 25 minutes, ce qui en fait le compagnon de voyage id\u00e9al !<\/p>\n<h3><strong><span style=\"text-decoration: underline\">Refroidissement<\/span><\/strong><\/h3>\n<p>Pour rendre l&rsquo;exp\u00e9rience de vapotage encore plus agr\u00e9able, il est \u00e9quip\u00e9 d&rsquo;une ing\u00e9nieuse unit\u00e9 de refroidissement qui refroidit la vapeur \u00e0 une temp\u00e9rature agr\u00e9able. L&rsquo;<strong>unit\u00e9 de refroidissement est fabriqu\u00e9e en PEEK<\/strong>, un mat\u00e9riau plastique de haute qualit\u00e9, r\u00e9sistant \u00e0 la chaleur et adapt\u00e9 au contact avec les aliments, qui est \u00e9galement couramment utilis\u00e9 dans le domaine m\u00e9dical pour les implants chirurgicaux.<\/p>\n<h3><strong><span style=\"text-decoration: underline\">Conception intuitive<\/span><\/strong><\/h3>\n<p>CRAFTY+ est dot\u00e9 d&rsquo;un bo\u00eetier au design moderne et raffin\u00e9. Les mat\u00e9riaux sont soigneusement s\u00e9lectionn\u00e9s et int\u00e9gr\u00e9s dans le nouveau design en fonction de vos besoins quotidiens. La commande intuitive \u00e0 bouton unique offre non seulement 2, mais jusqu&rsquo;\u00e0 <strong>3 niveaux de temp\u00e9rature pr\u00e9r\u00e9gl\u00e9s<\/strong> qui rendent l&rsquo;utilisation de l&rsquo;appareil particuli\u00e8rement pratique et encore plus agr\u00e9able.<\/p>\n<h3><strong><span style=\"text-decoration: underline\">Contr\u00f4le par APP<\/span><\/strong><\/h3>\n<p>Avec l&rsquo;application STORZ &amp; BICKEL, vous avez toujours le contr\u00f4le total. Gr\u00e2ce \u00e0 la <strong>connexion Bluetooth<\/strong>, vous pouvez r\u00e9gler tous les param\u00e8tres \u00e0 distance. Il vous suffit d&rsquo;utiliser votre smartphone pour optimiser les r\u00e9glages du CRAFTY+ en fonction de vos go\u00fbts personnels.<\/p>\n<p><span style=\"text-decoration: underline\"><strong>INCLUS DANS LA BO\u00ceTE :<\/strong><\/span><\/p>\n<ul style=\"list-style-type: disc\">\n<li><span style=\"font-size: 11pt\">Vaporisateur CRAFTY+ ;<\/span><\/li>\n<li><span style=\"font-size: 14.6667px\">Prise de charge USB-C ;<\/span><\/li>\n<li><span style=\"font-size: 11pt\">Anneau d&rsquo;\u00e9tanch\u00e9it\u00e9 du joint inf\u00e9rieur ;<\/span><\/li>\n<li><span style=\"font-size: 11pt\">Filtre \u00e0 maille standard ;<\/span><\/li>\n<li><span style=\"font-size: 11pt\">Filtre \u00e0 grosses mailles ;<\/span><\/li>\n<li><span style=\"font-size: 11pt\">Tampon d&rsquo;extraction ;<\/span><\/li>\n<li><span style=\"font-size: 11pt\">Capsule de dosage ;<\/span><\/li>\n<li><span style=\"font-size: 11pt\">Mode d&#8217;emploi ;<\/span><\/li>\n<\/ul>\n<p><\/p>\n<div class=\"pagebuilder-column-line\" data-content-type=\"column-line\" data-element=\"main\" data-pb-style=\"KYL1SXY\">\n<div class=\"pagebuilder-column\" data-content-type=\"column\" data-appearance=\"full-height\" data-background-images=\"{}\" data-element=\"main\" data-pb-style=\"CF553OH\">\n<figure data-content-type=\"image\" data-appearance=\"full-width\" data-element=\"main\" data-pb-style=\"OWLSU4D\"><img decoding=\"async\" class=\"pagebuilder-mobile-hidden\" title=\"S&amp;B CRAFTY+ Vaporizer: Patented convection and conduction heating\" src=\"https:\/\/www.storz-bickel.com\/media\/wysiwyg\/shot9_crafty_heating-desktop.jpg\" alt=\"Cross-section of STORZ &amp; BICKEL CRAFTY+ Vaporizer shows heating element and color-coded airflow and lithium-ion battery\" data-element=\"desktop_image\" data-pb-style=\"K9VQ7Y5\" \/><\/figure>\n<\/div>\n<div class=\"pagebuilder-column\" data-content-type=\"column\" data-appearance=\"align-center\" data-background-images=\"{}\" data-element=\"main\" data-pb-style=\"Q1U00TB\">\n<div data-content-type=\"text\" data-appearance=\"default\" data-element=\"main\" data-pb-style=\"T391R6N\">\n<h3>Haute technologie brevet\u00e9e pour ceux qui se d\u00e9placent<\/h3>\n<p>Le CRAFTY+ est dot\u00e9 d&rsquo;un syst\u00e8me de chauffage par convection et conduction, brevet\u00e9 par S&amp;B.<\/p>\n<ul>\n<li>Vaporisation uniforme et efficace pour une saveur in\u00e9gal\u00e9e<\/li>\n<li>R\u00e9sistance \u00e0 l&rsquo;extraction d&rsquo;air confortablement faible<\/li>\n<li>Gros nuages de vapeur aromatique d\u00e8s la premi\u00e8re bouff\u00e9e<\/li>\n<li>D\u00e9bit d&rsquo;air de 10 litres\/minute<\/li>\n<\/ul>\n<\/div>\n<\/div>\n<div class=\"pagebuilder-column\" data-content-type=\"column\" data-appearance=\"full-height\" data-background-images=\"{}\" data-element=\"main\" data-pb-style=\"G9IG0XG\"><\/div>\n<\/div>\n<div class=\"pagebuilder-column-line\" data-content-type=\"column-line\" data-element=\"main\" data-pb-style=\"QN6EKPF\">\n<div class=\"pagebuilder-column\" data-content-type=\"column\" data-appearance=\"full-height\" data-background-images=\"{}\" data-element=\"main\" data-pb-style=\"W8CNJWM\"><\/div>\n<div class=\"pagebuilder-column\" data-content-type=\"column\" data-appearance=\"full-height\" data-background-images=\"{}\" data-element=\"main\" data-pb-style=\"BBVQ3BY\">\n<figure data-content-type=\"image\" data-appearance=\"full-width\" data-element=\"main\" data-pb-style=\"WAUEM8Q\"><img decoding=\"async\" class=\"pagebuilder-mobile-hidden\" title=\"STORZ &amp; BICKEL CRAFTY+: Smart control via Bluetooth and S&amp;B WebApp\" src=\"https:\/\/www.storz-bickel.com\/media\/wysiwyg\/shot11_crafty_app-desktop.jpg\" alt=\"Front view of STORZ &amp; BICKEL CRAFTY+ Vaporizer in front of S&amp;B WebApp on Smartphone with temperature and booster settings\" data-element=\"desktop_image\" data-pb-style=\"OS5HJ4B\" \/><\/figure>\n<\/div>\n<div class=\"pagebuilder-column\" data-content-type=\"column\" data-appearance=\"align-center\" data-background-images=\"{}\" data-element=\"main\" data-pb-style=\"U6CQGYN\">\n<div data-content-type=\"text\" data-appearance=\"default\" data-element=\"main\" data-pb-style=\"GPSNBSX\">\n<h3>Commande \u00e0 bouton unique et personnalisation intelligente<\/h3>\n<p>L&rsquo;interrupteur marche\/arr\u00eat permet d&rsquo;activer trois niveaux de temp\u00e9rature pr\u00e9r\u00e9gl\u00e9s pratiques.<\/p>\n<p>Booster et Superbooster (+15&deg;C \/ 27&deg;F) : double-cliquez sur l&rsquo;interrupteur marche\/arr\u00eat.<\/p>\n<p>Connectivit\u00e9 Bluetooth&reg; et S&amp;B Web App : utilisez votre smartphone pour :<\/p>\n<ul>\n<li>R\u00e9gler la temp\u00e9rature (40&deg;C &#8211; 210&deg;C \/104&deg;F &#8211; 410&deg;F) avec pr\u00e9cision.<\/li>\n<li>Personnaliser les temp\u00e9ratures de base, Booster et Superbooster<\/li>\n<li>Modifier les param\u00e8tres et consulter les informations d&rsquo;acc\u00e8s<\/li>\n<\/ul>\n<\/div>\n<\/div>\n<div class=\"pagebuilder-column\" data-content-type=\"column\" data-appearance=\"full-height\" data-background-images=\"{}\" data-element=\"main\" data-pb-style=\"XGL6V44\"><\/div>\n<\/div>\n<div class=\"pagebuilder-column-line\" data-content-type=\"column-line\" data-element=\"main\" data-pb-style=\"DGUQ855\">\n<div class=\"pagebuilder-column\" data-content-type=\"column\" data-appearance=\"full-height\" data-background-images=\"{}\" data-element=\"main\" data-pb-style=\"Y3R444X\"><\/div>\n<div class=\"pagebuilder-column\" data-content-type=\"column\" data-appearance=\"full-height\" data-background-images=\"{}\" data-element=\"main\" data-pb-style=\"ELR8OKY\">\n<figure data-content-type=\"image\" data-appearance=\"full-width\" data-element=\"main\" data-pb-style=\"US6G8EY\"><img decoding=\"async\" class=\"pagebuilder-mobile-hidden\" title=\"Ceramic-coated Filling Chamber for pure taste and easy cleaning\" src=\"https:\/\/www.storz-bickel.com\/media\/wysiwyg\/shot10_crafty_f_llkammer-desktop.jpg\" alt=\"Removed cooling unit of STORZ &amp; BICKEL CRAFTY+ with mouthpiece and open filling chamber with ceramic coating and seal ring\" data-element=\"desktop_image\" data-pb-style=\"XG3KBYB\" \/><\/figure>\n<\/div>\n<div class=\"pagebuilder-column\" data-content-type=\"column\" data-appearance=\"align-center\" data-background-images=\"{}\" data-element=\"main\" data-pb-style=\"YOU2VGH\">\n<div data-content-type=\"text\" data-appearance=\"default\" data-element=\"main\" data-pb-style=\"JEKPR0L\">\n<h3>Fabrication artisanale, made in Germany<\/h3>\n<ul>\n<li>Conception l\u00e9g\u00e8re<br \/>\u279e Seulement 135 g | 0.3 lb<\/li>\n<li>Mat\u00e9riau Peek<br \/>\u279e Mat\u00e9riau de qualit\u00e9 m\u00e9dicale bien test\u00e9<\/li>\n<li>R\u00e9cipient de 1,4 cm&sup3;<br \/>Rev\u00eatement c\u00e9ramique et durable<\/li>\n<li>Qualit\u00e9 certifi\u00e9e<br \/>\u279e Conforme \u00e0 la norme IEC 60335-1<\/li>\n<\/ul>\n<\/div>\n<\/div>\n<\/div>\n","protected":false},"excerpt":{"rendered":"<p>Le vaporisateur CRAFTY+ est le compagnon id\u00e9al pour toutes vos activit\u00e9s. Maniable et compact, le CRAFTY+ vous offre une vapeur<\/p>\n","protected":false},"featured_media":130517,"comment_status":"open","ping_status":"closed","template":"","meta":[],"product_brand":[],"product_cat":[7910],"product_tag":[],"class_list":{"0":"post-130552","1":"product","2":"type-product","3":"status-publish","4":"has-post-thumbnail","6":"product_cat-vaporisateurs","8":"first","9":"instock","10":"taxable","11":"shipping-taxable","12":"purchasable","13":"product-type-simple"},"_links":{"self":[{"href":"https:\/\/www.budream.com\/fr\/wp-json\/wp\/v2\/product\/130552","targetHints":{"allow":["GET"]}}],"collection":[{"href":"https:\/\/www.budream.com\/fr\/wp-json\/wp\/v2\/product"}],"about":[{"href":"https:\/\/www.budream.com\/fr\/wp-json\/wp\/v2\/types\/product"}],"replies":[{"embeddable":true,"href":"https:\/\/www.budream.com\/fr\/wp-json\/wp\/v2\/comments?post=130552"}],"version-history":[{"count":0,"href":"https:\/\/www.budream.com\/fr\/wp-json\/wp\/v2\/product\/130552\/revisions"}],"wp:featuredmedia":[{"embeddable":true,"href":"https:\/\/www.budream.com\/fr\/wp-json\/wp\/v2\/media\/130517"}],"wp:attachment":[{"href":"https:\/\/www.budream.com\/fr\/wp-json\/wp\/v2\/media?parent=130552"}],"wp:term":[{"taxonomy":"product_brand","embeddable":true,"href":"https:\/\/www.budream.com\/fr\/wp-json\/wp\/v2\/product_brand?post=130552"},{"taxonomy":"product_cat","embeddable":true,"href":"https:\/\/www.budream.com\/fr\/wp-json\/wp\/v2\/product_cat?post=130552"},{"taxonomy":"product_tag","embeddable":true,"href":"https:\/\/www.budream.com\/fr\/wp-json\/wp\/v2\/product_tag?post=130552"}],"curies":[{"name":"wp","href":"https:\/\/api.w.org\/{rel}","templated":true}]}}