{"id":130912,"date":"2025-07-30T23:17:30","date_gmt":"2025-07-30T21:17:30","guid":{"rendered":"https:\/\/www.budream.com\/shop\/sensi-seeds-research-malibu-gold-og-fem-3-graines\/"},"modified":"2025-12-22T14:38:50","modified_gmt":"2025-12-22T12:38:50","slug":"sensi-seeds-research-malibu-gold-og-fem-3-graines","status":"publish","type":"product","link":"https:\/\/www.budream.com\/fr\/shop\/sensi-seeds-research-malibu-gold-og-fem-3-graines\/","title":{"rendered":"SENSI SEEDS RESEARCH &#8211; MALIBU GOLD OG FEM | 3 GRAINES"},"content":{"rendered":"<p>Les vari\u00e9t\u00e9s l\u00e9gendaires Mendo Purps et Purple Kush ont \u00e9t\u00e9 utilis\u00e9es et affin\u00e9es pour cr\u00e9er cette nouvelle sensation. Des ar\u00f4mes doux mais terreux et puissants sont habituels pour la Malibu OG Gold, repr\u00e9sentant les deux c\u00f4t\u00e9s de la ligne parentale.<\/p>\n<h2><strong>Caract\u00e9ristiques Malibu Gold OG Fem Sensi Seeds Bank :<\/strong><\/h2>\n<ul style=\"list-style-type: disc\">\n<li><strong>Genre :<\/strong> F\u00e9minis\u00e9e<\/li>\n<li><strong>G\u00e9notype :<\/strong> Hybride 60% Indica 40% Sativa<\/li>\n<li><strong>G\u00e9n\u00e9tique :<\/strong> Mendo Purps x Purple Kush<\/li>\n<li><strong>Jours :<\/strong> 45-55 jours<\/li>\n<\/ul>\n<p><strong>ATTENTION :<\/strong> Les graines de chanvre sont exclues de la notion l\u00e9gale de Cannabis, ce qui signifie qu&rsquo;elles ne doivent pas \u00eatre consid\u00e9r\u00e9es comme une substance stup\u00e9fiante (L. 412 de 1974, art. 1, alin\u00e9a 1, lettre B ; Convention unique sur les stup\u00e9fiants de New York de 1961 et tableau II du d\u00e9cret minist\u00e9riel 27\/7\/1992). En Italie, la culture du chanvre est interdite (articles 28 et 73 du d\u00e9cret pr\u00e9sidentiel 309\/90), sauf autorisation sp\u00e9ciale (article 17 du d\u00e9cret pr\u00e9sidentiel 309\/90). En l&rsquo;absence d&rsquo;autorisation, les semences ne peuvent \u00eatre utilis\u00e9es qu&rsquo;\u00e0 d&rsquo;autres fins (zootechniques, de collection, etc.). Les semences sont vendues sous r\u00e9serve qu&rsquo;elles ne soient pas utilis\u00e9es par des tiers en contradiction avec la loi.<\/p>\n","protected":false},"excerpt":{"rendered":"<p>Les vari\u00e9t\u00e9s l\u00e9gendaires Mendo Purps et Purple Kush ont \u00e9t\u00e9 utilis\u00e9es et affin\u00e9es pour cr\u00e9er cette nouvelle sensation. Des ar\u00f4mes<\/p>\n","protected":false},"featured_media":197433,"comment_status":"open","ping_status":"closed","template":"","meta":[],"product_brand":[],"product_cat":[7951],"product_tag":[],"class_list":{"0":"post-130912","1":"product","2":"type-product","3":"status-publish","4":"has-post-thumbnail","6":"product_cat-magasin-de-graines","8":"first","9":"instock","10":"sale","11":"taxable","12":"shipping-taxable","13":"purchasable","14":"product-type-simple"},"aioseo_notices":[],"_links":{"self":[{"href":"https:\/\/www.budream.com\/fr\/wp-json\/wp\/v2\/product\/130912","targetHints":{"allow":["GET"]}}],"collection":[{"href":"https:\/\/www.budream.com\/fr\/wp-json\/wp\/v2\/product"}],"about":[{"href":"https:\/\/www.budream.com\/fr\/wp-json\/wp\/v2\/types\/product"}],"replies":[{"embeddable":true,"href":"https:\/\/www.budream.com\/fr\/wp-json\/wp\/v2\/comments?post=130912"}],"version-history":[{"count":0,"href":"https:\/\/www.budream.com\/fr\/wp-json\/wp\/v2\/product\/130912\/revisions"}],"wp:featuredmedia":[{"embeddable":true,"href":"https:\/\/www.budream.com\/fr\/wp-json\/wp\/v2\/media\/197433"}],"wp:attachment":[{"href":"https:\/\/www.budream.com\/fr\/wp-json\/wp\/v2\/media?parent=130912"}],"wp:term":[{"taxonomy":"product_brand","embeddable":true,"href":"https:\/\/www.budream.com\/fr\/wp-json\/wp\/v2\/product_brand?post=130912"},{"taxonomy":"product_cat","embeddable":true,"href":"https:\/\/www.budream.com\/fr\/wp-json\/wp\/v2\/product_cat?post=130912"},{"taxonomy":"product_tag","embeddable":true,"href":"https:\/\/www.budream.com\/fr\/wp-json\/wp\/v2\/product_tag?post=130912"}],"curies":[{"name":"wp","href":"https:\/\/api.w.org\/{rel}","templated":true}]}}