{"id":130932,"date":"2025-07-30T23:18:29","date_gmt":"2025-07-30T21:18:29","guid":{"rendered":"https:\/\/www.budream.com\/shop\/sensi-seeds-research-pumpkin-spice-fem-3-graines\/"},"modified":"2025-12-22T14:40:56","modified_gmt":"2025-12-22T12:40:56","slug":"sensi-seeds-research-pumpkin-spice-fem-3-graines","status":"publish","type":"product","link":"https:\/\/www.budream.com\/fr\/shop\/sensi-seeds-research-pumpkin-spice-fem-3-graines\/","title":{"rendered":"SENSI SEEDS RESEARCH &#8211; PUMPKIN SPICE FEM | 3 GRAINES"},"content":{"rendered":"<p>La Pumpkin Spice Feminised est un hybride 50% indica et 50% sativa. Nous avons pris deux vari\u00e9t\u00e9s et les avons tiss\u00e9es pour en faire une friandise savoureuse avec un parfum paradisiaque \u00e0 l&rsquo;avenant. Une combinaison des g\u00e9n\u00e9tiques Sour Apple et Animal Cookies, Pumpkin Spice a un profil all\u00e9chant d&rsquo;\u00e9pices, de douceur, de terre et, \u00e9tonnamment, de pomme.<\/p>\n<h2><strong>Caract\u00e9ristiques Pumpkin Spice Fem Sensi Seeds Bank :<\/strong><\/h2>\n<ul style=\"list-style-type: disc\">\n<li><strong>Genre :<\/strong> F\u00e9minis\u00e9e<\/li>\n<li><strong>G\u00e9notype :<\/strong> Hybride 50% Indica 50% Sativa<\/li>\n<li><strong>G\u00e9n\u00e9tique :<\/strong> Sour Apple X Animal Cookies<\/li>\n<li><strong>Jours :<\/strong> 63-70 jours<\/li>\n<\/ul>\n<p><strong>ATTENTION :<\/strong> Les graines de chanvre sont exclues de la notion l\u00e9gale de Cannabis, ce qui signifie qu&rsquo;elles ne doivent pas \u00eatre consid\u00e9r\u00e9es comme une substance stup\u00e9fiante (L. 412 de 1974, art. 1, virgule 1, lett. B ; Convention unique sur les stup\u00e9fiants de New York de 1961 et tableau II du d\u00e9cret minist\u00e9riel 27\/7\/1992). En Italie, la culture du chanvre est interdite (articles 28 et 73 du d\u00e9cret pr\u00e9sidentiel 309\/90), sauf autorisation sp\u00e9ciale (article 17 du d\u00e9cret pr\u00e9sidentiel 309\/90). En l&rsquo;absence d&rsquo;autorisation, les semences ne peuvent \u00eatre utilis\u00e9es qu&rsquo;\u00e0 d&rsquo;autres fins (zootechniques, de collection, etc.). Les semences sont vendues sous r\u00e9serve qu&rsquo;elles ne soient pas utilis\u00e9es par des tiers en contradiction avec la loi.<\/p>\n","protected":false},"excerpt":{"rendered":"<p>La Pumpkin Spice Feminised est un hybride 50% indica et 50% sativa. Nous avons pris deux vari\u00e9t\u00e9s et les avons<\/p>\n","protected":false},"featured_media":197458,"comment_status":"open","ping_status":"closed","template":"","meta":[],"product_brand":[],"product_cat":[7951],"product_tag":[],"class_list":{"0":"post-130932","1":"product","2":"type-product","3":"status-publish","4":"has-post-thumbnail","6":"product_cat-magasin-de-graines","8":"first","9":"instock","10":"sale","11":"taxable","12":"shipping-taxable","13":"purchasable","14":"product-type-simple"},"aioseo_notices":[],"_links":{"self":[{"href":"https:\/\/www.budream.com\/fr\/wp-json\/wp\/v2\/product\/130932","targetHints":{"allow":["GET"]}}],"collection":[{"href":"https:\/\/www.budream.com\/fr\/wp-json\/wp\/v2\/product"}],"about":[{"href":"https:\/\/www.budream.com\/fr\/wp-json\/wp\/v2\/types\/product"}],"replies":[{"embeddable":true,"href":"https:\/\/www.budream.com\/fr\/wp-json\/wp\/v2\/comments?post=130932"}],"version-history":[{"count":0,"href":"https:\/\/www.budream.com\/fr\/wp-json\/wp\/v2\/product\/130932\/revisions"}],"wp:featuredmedia":[{"embeddable":true,"href":"https:\/\/www.budream.com\/fr\/wp-json\/wp\/v2\/media\/197458"}],"wp:attachment":[{"href":"https:\/\/www.budream.com\/fr\/wp-json\/wp\/v2\/media?parent=130932"}],"wp:term":[{"taxonomy":"product_brand","embeddable":true,"href":"https:\/\/www.budream.com\/fr\/wp-json\/wp\/v2\/product_brand?post=130932"},{"taxonomy":"product_cat","embeddable":true,"href":"https:\/\/www.budream.com\/fr\/wp-json\/wp\/v2\/product_cat?post=130932"},{"taxonomy":"product_tag","embeddable":true,"href":"https:\/\/www.budream.com\/fr\/wp-json\/wp\/v2\/product_tag?post=130932"}],"curies":[{"name":"wp","href":"https:\/\/api.w.org\/{rel}","templated":true}]}}